{"id":23982,"date":"2024-08-19T14:22:41","date_gmt":"2024-08-19T14:22:41","guid":{"rendered":"https:\/\/akcharcosmetics.com\/22-%d8%b9%d8%b4%d8%a8%d8%a9-%d9%85%d8%ba%d8%b1%d8%a8%d9%8a%d8%a9-%d8%b2%d9%8a%d8%aa-%d8%a7%d9%86%d8%a8%d8%a7%d8%aa-%d8%a7%d9%84%d8%b4%d8%b9%d8%b1-%d8%aa%d9%82%d9%88%d9%8a%d8%aa%d9%87-%d9%88-%d8%aa\/"},"modified":"2024-08-19T14:33:44","modified_gmt":"2024-08-19T14:33:44","slug":"22-%d8%b9%d8%b4%d8%a8%d8%a9-%d9%85%d8%ba%d8%b1%d8%a8%d9%8a%d8%a9-%d8%b2%d9%8a%d8%aa-%d8%a7%d9%86%d8%a8%d8%a7%d8%aa-%d8%a7%d9%84%d8%b4%d8%b9%d8%b1-%d8%aa%d9%82%d9%88%d9%8a%d8%aa%d9%87-%d9%88-%d8%aa","status":"publish","type":"product","link":"https:\/\/akcharcosmetics.com\/fr\/produit\/22-%d8%b9%d8%b4%d8%a8%d8%a9-%d9%85%d8%ba%d8%b1%d8%a8%d9%8a%d8%a9-%d8%b2%d9%8a%d8%aa-%d8%a7%d9%86%d8%a8%d8%a7%d8%aa-%d8%a7%d9%84%d8%b4%d8%b9%d8%b1-%d8%aa%d9%82%d9%88%d9%8a%d8%aa%d9%87-%d9%88-%d8%aa\/","title":{"rendered":"Les 22 herbes marocaines &#8211; Huile pour la croissance et le renforcement des cheveux :"},"content":{"rendered":"<p><b>Les bienfaits de l&rsquo;huile des 22 herbes marocaines pour la croissance et le renforcement des cheveux :<\/b><\/p>\n<p><b>M\u00e9lange naturel \u00e9quilibr\u00e9 :<\/b><span style=\"font-weight: 400;\"> Compos\u00e9 d&rsquo;un m\u00e9lange efficace d&rsquo;herbes marocaines naturelles soigneusement s\u00e9lectionn\u00e9es pour fournir la nutrition n\u00e9cessaire au cuir chevelu et favoriser la croissance des cheveux.<\/span><\/p>\n<p><b>Renforcement des racines :<\/b><span style=\"font-weight: 400;\"> Les herbes marocaines utilis\u00e9es dans cette huile ont des propri\u00e9t\u00e9s renfor\u00e7antes des racines, ce qui aide \u00e0 pr\u00e9venir la chute des cheveux et \u00e0 stimuler la croissance des nouveaux cheveux.<\/span><\/p>\n<p><b>Nutrition du cuir chevelu :<\/b><span style=\"font-weight: 400;\"> Cette huile fournit les \u00e9l\u00e9ments nutritifs essentiels au cuir chevelu, ce qui am\u00e9liore la sant\u00e9 des cheveux et les encourage \u00e0 pousser sainement depuis les racines.<\/span><\/p>\n<p><b>Hydratation et brillance :<\/b><span style=\"font-weight: 400;\"> Gr\u00e2ce \u00e0 ses propri\u00e9t\u00e9s hydratantes et nutritives, cette huile peut am\u00e9liorer l&rsquo;\u00e9tat des cheveux en g\u00e9n\u00e9ral, les rendant plus doux et plus brillants.<\/span><\/p>\n<p><b>Exp\u00e9rience marocaine authentique :<\/b><span style=\"font-weight: 400;\"> Ce produit offre une exp\u00e9rience unique et authentique inspir\u00e9e des soins capillaires au Maroc, ajoutant une attrait et une distinction sans pareils \u00e0 l&rsquo;exp\u00e9rience de soin des cheveux.<\/span><\/p>\n<p><b>\u00a0<\/b><\/p>\n<p><span style=\"font-weight: 400;\">Agitez bien le flacon pour assurer l&rsquo;homog\u00e9n\u00e9it\u00e9 des herbes, puis prenez une quantit\u00e9 suffisante et appliquez-la sur le cuir chevelu, en massant pendant quelques minutes, n&rsquo;oubliez pas les pointes des cheveux \u00e9galement.<\/span><\/p>\n<p><span style=\"font-weight: 400;\">Pour de meilleurs r\u00e9sultats, utilisez l&rsquo;huile deux \u00e0 trois fois par semaine.<\/span><\/p>\n<p><span style=\"font-weight: 400;\">Utilisez r\u00e9guli\u00e8rement les \u00ab\u00a022 herbes marocaines\u00a0\u00bb et profitez de cheveux sains et forts, favorisant leur croissance de mani\u00e8re naturelle et efficace.<\/span><\/p>\n","protected":false},"excerpt":{"rendered":"<p><span style=\"font-weight: 400;\">Les \u00ab\u00a022 herbes marocaines\u00a0\u00bb est une formule transmise au sein de la famille Akshar depuis plus de 18 ans, contenant un m\u00e9lange d&rsquo;huiles naturelles et de 22 herbes marocaines authentiques, aidant \u00e0 restaurer la sant\u00e9 et \u00e0 favoriser la croissance des cheveux pour obtenir des cheveux longs, forts et \u00e9pais.<\/span><\/p>\n","protected":false},"featured_media":23981,"comment_status":"open","ping_status":"closed","template":"","meta":[],"product_brand":[],"product_cat":[217],"product_tag":[],"class_list":{"0":"post-23982","1":"product","2":"type-product","3":"status-publish","4":"has-post-thumbnail","6":"product_cat-huiles-naturelles","8":"first","9":"instock","10":"taxable","11":"shipping-taxable","12":"purchasable","13":"product-type-variable","14":"has-default-attributes"},"_links":{"self":[{"href":"https:\/\/akcharcosmetics.com\/fr\/wp-json\/wp\/v2\/product\/23982","targetHints":{"allow":["GET"]}}],"collection":[{"href":"https:\/\/akcharcosmetics.com\/fr\/wp-json\/wp\/v2\/product"}],"about":[{"href":"https:\/\/akcharcosmetics.com\/fr\/wp-json\/wp\/v2\/types\/product"}],"replies":[{"embeddable":true,"href":"https:\/\/akcharcosmetics.com\/fr\/wp-json\/wp\/v2\/comments?post=23982"}],"version-history":[{"count":1,"href":"https:\/\/akcharcosmetics.com\/fr\/wp-json\/wp\/v2\/product\/23982\/revisions"}],"predecessor-version":[{"id":23985,"href":"https:\/\/akcharcosmetics.com\/fr\/wp-json\/wp\/v2\/product\/23982\/revisions\/23985"}],"wp:featuredmedia":[{"embeddable":true,"href":"https:\/\/akcharcosmetics.com\/fr\/wp-json\/wp\/v2\/media\/23981"}],"wp:attachment":[{"href":"https:\/\/akcharcosmetics.com\/fr\/wp-json\/wp\/v2\/media?parent=23982"}],"wp:term":[{"taxonomy":"product_brand","embeddable":true,"href":"https:\/\/akcharcosmetics.com\/fr\/wp-json\/wp\/v2\/product_brand?post=23982"},{"taxonomy":"product_cat","embeddable":true,"href":"https:\/\/akcharcosmetics.com\/fr\/wp-json\/wp\/v2\/product_cat?post=23982"},{"taxonomy":"product_tag","embeddable":true,"href":"https:\/\/akcharcosmetics.com\/fr\/wp-json\/wp\/v2\/product_tag?post=23982"}],"curies":[{"name":"wp","href":"https:\/\/api.w.org\/{rel}","templated":true}]}}