{"id":23030,"date":"2024-02-26T15:12:09","date_gmt":"2024-02-26T15:12:09","guid":{"rendered":"https:\/\/akcharcosmetics.com\/?post_type=product&#038;p=23030"},"modified":"2026-03-01T03:09:53","modified_gmt":"2026-03-01T03:09:53","slug":"intimelight-creme-eclaircissante-pour-les-zones-sensibles","status":"publish","type":"product","link":"https:\/\/akcharcosmetics.com\/fr\/produit\/intimelight-creme-eclaircissante-pour-les-zones-sensibles\/","title":{"rendered":"Intimelight &#8211; Cr\u00e8me \u00e9claircissante pour les zones sensibles"},"content":{"rendered":"<p><b>Caract\u00e9ristiques de la cr\u00e8me \u00e9claircissante pour les zones sensibles :<\/b><\/p>\n<p>&nbsp;<\/p>\n<p><b>\u00c9claircissement efficace <\/b><span style=\"font-weight: 400;\">: Sa formule sp\u00e9ciale contient des ingr\u00e9dients \u00e9claircissants \u00e9prouv\u00e9s qui agissent pour \u00e9claircir la peau dans les zones sensibles.<\/span><\/p>\n<p><b>Hydratation profonde : <\/b><span style=\"font-weight: 400;\">Gr\u00e2ce \u00e0 ses composants naturels, la cr\u00e8me Intimelight aide \u00e0 hydrater la peau en profondeur, la rendant douce et pleine de vitalit\u00e9.<\/span><\/p>\n<p><b>Apaisement de la peau :<\/b><span style=\"font-weight: 400;\"> Elle contient des ingr\u00e9dients naturels apaisants qui aident \u00e0 calmer la peau sensible, r\u00e9duisant ainsi les irritations et les d\u00e9mangeaisons.<\/span><\/p>\n<p><b>Uniformit\u00e9 du teint : E<\/b><span style=\"font-weight: 400;\">lle contribue \u00e0 uniformiser le teint de la peau et \u00e0 r\u00e9duire l&rsquo;apparence des taches sombres et des d\u00e9colorations.<\/span><\/p>\n<p><b>Protection contre les irritations :<\/b><span style=\"font-weight: 400;\"> Sa formule naturelle et douce offre une protection suppl\u00e9mentaire contre les irritations et les d\u00e9mangeaisons.<\/span><\/p>\n<p><b>Mode d&#8217;emploi :<\/b><\/p>\n<p>&nbsp;<\/p>\n<ul>\n<li style=\"font-weight: 400;\" aria-level=\"1\"><span style=\"font-weight: 400;\">Nettoyez bien la zone cibl\u00e9e et s\u00e9chez-la d\u00e9licatement.<\/span><\/li>\n<li style=\"font-weight: 400;\" aria-level=\"1\"><span style=\"font-weight: 400;\">Appliquez une quantit\u00e9 appropri\u00e9e de cr\u00e8me Intimelight sur la zone sensible.<\/span><\/li>\n<li style=\"font-weight: 400;\" aria-level=\"1\"><span style=\"font-weight: 400;\">Massez doucement la peau jusqu&rsquo;\u00e0 absorption compl\u00e8te de la cr\u00e8me.<\/span><\/li>\n<li style=\"font-weight: 400;\" aria-level=\"1\"><span style=\"font-weight: 400;\">Utilisez la cr\u00e8me deux fois par jour pour de meilleurs r\u00e9sultats.<\/span><\/li>\n<\/ul>\n<p><span style=\"font-weight: 400;\">Profitez d&rsquo;une peau sensible douce et lumineuse avec la cr\u00e8me Intimelight. Commandez-la maintenant et profitez d&rsquo;une confiance absolue en votre beaut\u00e9.<\/span><\/p>\n","protected":false},"excerpt":{"rendered":"<p><span style=\"font-weight: 400;\">Profitez d&rsquo;une peau douce et \u00e9clatante dans les zones sensibles avec la cr\u00e8me \u00e9claircissante Intimelight. Cette cr\u00e8me exceptionnelle vous offre l&rsquo;\u00e9claircissement et les soins complets dont vous avez besoin pour votre zone sensible, avec une formule naturelle efficace qui agit en douceur et en toute s\u00e9curit\u00e9 pour \u00e9claircir et unifier le teint de la peau.<\/span><\/p>\n","protected":false},"featured_media":23034,"comment_status":"open","ping_status":"closed","template":"","meta":[],"product_brand":[],"product_cat":[97],"product_tag":[],"class_list":{"0":"post-23030","1":"product","2":"type-product","3":"status-publish","4":"has-post-thumbnail","6":"product_cat-les-cremes","8":"first","9":"instock","10":"taxable","11":"shipping-taxable","12":"purchasable","13":"product-type-simple"},"_links":{"self":[{"href":"https:\/\/akcharcosmetics.com\/fr\/wp-json\/wp\/v2\/product\/23030","targetHints":{"allow":["GET"]}}],"collection":[{"href":"https:\/\/akcharcosmetics.com\/fr\/wp-json\/wp\/v2\/product"}],"about":[{"href":"https:\/\/akcharcosmetics.com\/fr\/wp-json\/wp\/v2\/types\/product"}],"replies":[{"embeddable":true,"href":"https:\/\/akcharcosmetics.com\/fr\/wp-json\/wp\/v2\/comments?post=23030"}],"version-history":[{"count":2,"href":"https:\/\/akcharcosmetics.com\/fr\/wp-json\/wp\/v2\/product\/23030\/revisions"}],"predecessor-version":[{"id":23044,"href":"https:\/\/akcharcosmetics.com\/fr\/wp-json\/wp\/v2\/product\/23030\/revisions\/23044"}],"wp:featuredmedia":[{"embeddable":true,"href":"https:\/\/akcharcosmetics.com\/fr\/wp-json\/wp\/v2\/media\/23034"}],"wp:attachment":[{"href":"https:\/\/akcharcosmetics.com\/fr\/wp-json\/wp\/v2\/media?parent=23030"}],"wp:term":[{"taxonomy":"product_brand","embeddable":true,"href":"https:\/\/akcharcosmetics.com\/fr\/wp-json\/wp\/v2\/product_brand?post=23030"},{"taxonomy":"product_cat","embeddable":true,"href":"https:\/\/akcharcosmetics.com\/fr\/wp-json\/wp\/v2\/product_cat?post=23030"},{"taxonomy":"product_tag","embeddable":true,"href":"https:\/\/akcharcosmetics.com\/fr\/wp-json\/wp\/v2\/product_tag?post=23030"}],"curies":[{"name":"wp","href":"https:\/\/api.w.org\/{rel}","templated":true}]}}