{"id":23012,"date":"2024-02-26T15:07:06","date_gmt":"2024-02-26T15:07:06","guid":{"rendered":"https:\/\/akcharcosmetics.com\/?post_type=product&#038;p=23012"},"modified":"2026-04-03T22:29:23","modified_gmt":"2026-04-03T22:29:23","slug":"snowbloom-creme-eclaircissante-pour-le-corps-cou-aisselles-et-coudes","status":"publish","type":"product","link":"https:\/\/akcharcosmetics.com\/fr\/produit\/snowbloom-creme-eclaircissante-pour-le-corps-cou-aisselles-et-coudes\/","title":{"rendered":"Snowbloom &#8211; Cr\u00e8me \u00e9claircissante pour le corps (cou, aisselles et coudes)"},"content":{"rendered":"<p><b>Caract\u00e9ristiques de la cr\u00e8me \u00e9claircissante pour le corps :<\/b><\/p>\n<p>&nbsp;<\/p>\n<p><b>\u00c9claircissement avanc\u00e9 : <\/b><span style=\"font-weight: 400;\">La cr\u00e8me Snowbloom contient des ingr\u00e9dients actifs qui agissent pour \u00e9claircir la peau de mani\u00e8re s\u00fbre et efficace.<\/span><\/p>\n<p><b>Hydratation profonde :<\/b><span style=\"font-weight: 400;\"> Sa formule sp\u00e9ciale contient des hydratants naturels qui aident \u00e0 hydrater la peau en profondeur, la rendant douce et lumineuse.<\/span><\/p>\n<p><b>Uniformisation du teint :<\/b><span style=\"font-weight: 400;\"> Gr\u00e2ce \u00e0 sa formulation \u00e9quilibr\u00e9e, la cr\u00e8me aide \u00e0 uniformiser le teint de la peau et \u00e0 r\u00e9duire l&rsquo;apparence des taches sombres.<\/span><\/p>\n<p><b>Protection contre les facteurs externes : <\/b><span style=\"font-weight: 400;\">Elle contient des ingr\u00e9dients naturels qui prot\u00e8gent la peau des effets n\u00e9fastes de l&rsquo;environnement.<\/span><\/p>\n<p><b>Mode d&#8217;emploi :<\/b><\/p>\n<p>&nbsp;<\/p>\n<ul>\n<li style=\"font-weight: 400;\" aria-level=\"1\"><span style=\"font-weight: 400;\">Nettoyez soigneusement les zones cibl\u00e9es et s\u00e9chez-les doucement.<\/span><\/li>\n<li style=\"font-weight: 400;\" aria-level=\"1\"><span style=\"font-weight: 400;\">Appliquez une quantit\u00e9 appropri\u00e9e de cr\u00e8me Snowbloom sur le cou, les aisselles et les coudes.<\/span><\/li>\n<li style=\"font-weight: 400;\" aria-level=\"1\"><span style=\"font-weight: 400;\">Massez doucement la peau jusqu&rsquo;\u00e0 ce que la cr\u00e8me soit compl\u00e8tement absorb\u00e9e.<\/span><\/li>\n<li style=\"font-weight: 400;\" aria-level=\"1\"><span style=\"font-weight: 400;\">Utilisez la cr\u00e8me deux fois par jour pour obtenir les meilleurs r\u00e9sultats.<\/span><\/li>\n<\/ul>\n<p><span style=\"font-weight: 400;\">Profitez d&rsquo;une peau lumineuse et uniforme tout au long de l&rsquo;\u00e9t\u00e9 avec la cr\u00e8me Snowbloom. Essayez-la maintenant et pr\u00e9parez-vous \u00e0 rayonner avec confiance et \u00e9l\u00e9gance.<\/span><\/p>\n","protected":false},"excerpt":{"rendered":"<p><span style=\"font-weight: 400;\">Obtenez une peau \u00e9clatante et uniforme avec la cr\u00e8me \u00e9claircissante pour le corps Snowbloom. Cette cr\u00e8me exceptionnelle vous donne la confiance et l&rsquo;attrait que vous m\u00e9ritez pendant l&rsquo;\u00e9t\u00e9, gr\u00e2ce \u00e0 une formule efficace qui agit pour \u00e9claircir et unifier le teint de la peau dans les zones du cou, des aisselles et des coudes.<\/span><\/p>\n","protected":false},"featured_media":23022,"comment_status":"open","ping_status":"closed","template":"","meta":[],"product_brand":[],"product_cat":[97],"product_tag":[],"class_list":{"0":"post-23012","1":"product","2":"type-product","3":"status-publish","4":"has-post-thumbnail","6":"product_cat-les-cremes","8":"first","9":"instock","10":"taxable","11":"shipping-taxable","12":"purchasable","13":"product-type-simple"},"_links":{"self":[{"href":"https:\/\/akcharcosmetics.com\/fr\/wp-json\/wp\/v2\/product\/23012","targetHints":{"allow":["GET"]}}],"collection":[{"href":"https:\/\/akcharcosmetics.com\/fr\/wp-json\/wp\/v2\/product"}],"about":[{"href":"https:\/\/akcharcosmetics.com\/fr\/wp-json\/wp\/v2\/types\/product"}],"replies":[{"embeddable":true,"href":"https:\/\/akcharcosmetics.com\/fr\/wp-json\/wp\/v2\/comments?post=23012"}],"version-history":[{"count":1,"href":"https:\/\/akcharcosmetics.com\/fr\/wp-json\/wp\/v2\/product\/23012\/revisions"}],"predecessor-version":[{"id":23025,"href":"https:\/\/akcharcosmetics.com\/fr\/wp-json\/wp\/v2\/product\/23012\/revisions\/23025"}],"wp:featuredmedia":[{"embeddable":true,"href":"https:\/\/akcharcosmetics.com\/fr\/wp-json\/wp\/v2\/media\/23022"}],"wp:attachment":[{"href":"https:\/\/akcharcosmetics.com\/fr\/wp-json\/wp\/v2\/media?parent=23012"}],"wp:term":[{"taxonomy":"product_brand","embeddable":true,"href":"https:\/\/akcharcosmetics.com\/fr\/wp-json\/wp\/v2\/product_brand?post=23012"},{"taxonomy":"product_cat","embeddable":true,"href":"https:\/\/akcharcosmetics.com\/fr\/wp-json\/wp\/v2\/product_cat?post=23012"},{"taxonomy":"product_tag","embeddable":true,"href":"https:\/\/akcharcosmetics.com\/fr\/wp-json\/wp\/v2\/product_tag?post=23012"}],"curies":[{"name":"wp","href":"https:\/\/api.w.org\/{rel}","templated":true}]}}