{"id":22994,"date":"2024-02-26T14:58:51","date_gmt":"2024-02-26T14:58:51","guid":{"rendered":"https:\/\/akcharcosmetics.com\/?post_type=product&#038;p=22994"},"modified":"2026-03-21T12:38:37","modified_gmt":"2026-03-21T12:38:37","slug":"moisture-skin-creme-hydratante-pour-le-visage","status":"publish","type":"product","link":"https:\/\/akcharcosmetics.com\/fr\/produit\/moisture-skin-creme-hydratante-pour-le-visage\/","title":{"rendered":"Moisture Skin &#8211; Cr\u00e8me hydratante pour le visage"},"content":{"rendered":"<p><b>Caract\u00e9ristiques et avantages de la cr\u00e8me hydratante pour la peau :<\/b><\/p>\n<p>&nbsp;<\/p>\n<p><b>Hydratation profonde :<\/b><span style=\"font-weight: 400;\"> Cette cr\u00e8me est sp\u00e9cialement con\u00e7ue pour fournir une hydratation profonde et durable, pr\u00e9servant ainsi la douceur et l&rsquo;\u00e9lasticit\u00e9 de la peau.<\/span><\/p>\n<p><b>Formule unique :<\/b><span style=\"font-weight: 400;\"> Elle contient des ingr\u00e9dients naturels efficaces tels que l&rsquo;aloe vera et la vitamine C, qui nourrissent la peau et favorisent son renouvellement.<\/span><\/p>\n<p><b>Absorption rapide :<\/b><span style=\"font-weight: 400;\"> Gr\u00e2ce \u00e0 sa texture l\u00e9g\u00e8re, la cr\u00e8me est rapidement absorb\u00e9e sans laisser de film gras ou lourd sur la peau.<\/span><\/p>\n<p><b>Convient \u00e0 tous les types de peau :<\/b><span style=\"font-weight: 400;\"> Test\u00e9e par des dermatologues, elle convient \u00e0 tous les types de peau, y compris les peaux sensibles.<\/span><\/p>\n<p><span style=\"font-weight: 400;\">Commandez-la d\u00e8s maintenant et profitez d&rsquo;une exp\u00e9rience de soin luxueuse avec cette cr\u00e8me hydratante haut de gamme, plongez dans le monde de la beaut\u00e9 et de la fra\u00eecheur. Faites de cette cr\u00e8me un \u00e9l\u00e9ment essentiel de votre routine quotidienne pour obtenir une peau hydrat\u00e9e et \u00e9clatante, rayonnant de sant\u00e9 et de vitalit\u00e9.<\/span><\/p>\n","protected":false},"excerpt":{"rendered":"<p><span style=\"font-weight: 400;\">D\u00e9couvrez le secret de l&rsquo;hydratation ultime de votre peau avec la cr\u00e8me hydratante Moisture Skin. Profitez d&rsquo;une exp\u00e9rience unique pour une peau \u00e9clatante de sant\u00e9 et pleine de vitalit\u00e9. Dot\u00e9e d&rsquo;une formule riche et l\u00e9g\u00e8re \u00e0 la fois, elle est rapidement absorb\u00e9e pour offrir une hydratation profonde et durable.<\/span><\/p>\n","protected":false},"featured_media":23004,"comment_status":"open","ping_status":"closed","template":"","meta":[],"product_brand":[],"product_cat":[97],"product_tag":[],"class_list":{"0":"post-22994","1":"product","2":"type-product","3":"status-publish","4":"has-post-thumbnail","6":"product_cat-les-cremes","8":"first","9":"instock","10":"taxable","11":"shipping-taxable","12":"purchasable","13":"product-type-simple"},"_links":{"self":[{"href":"https:\/\/akcharcosmetics.com\/fr\/wp-json\/wp\/v2\/product\/22994","targetHints":{"allow":["GET"]}}],"collection":[{"href":"https:\/\/akcharcosmetics.com\/fr\/wp-json\/wp\/v2\/product"}],"about":[{"href":"https:\/\/akcharcosmetics.com\/fr\/wp-json\/wp\/v2\/types\/product"}],"replies":[{"embeddable":true,"href":"https:\/\/akcharcosmetics.com\/fr\/wp-json\/wp\/v2\/comments?post=22994"}],"version-history":[{"count":1,"href":"https:\/\/akcharcosmetics.com\/fr\/wp-json\/wp\/v2\/product\/22994\/revisions"}],"predecessor-version":[{"id":23007,"href":"https:\/\/akcharcosmetics.com\/fr\/wp-json\/wp\/v2\/product\/22994\/revisions\/23007"}],"wp:featuredmedia":[{"embeddable":true,"href":"https:\/\/akcharcosmetics.com\/fr\/wp-json\/wp\/v2\/media\/23004"}],"wp:attachment":[{"href":"https:\/\/akcharcosmetics.com\/fr\/wp-json\/wp\/v2\/media?parent=22994"}],"wp:term":[{"taxonomy":"product_brand","embeddable":true,"href":"https:\/\/akcharcosmetics.com\/fr\/wp-json\/wp\/v2\/product_brand?post=22994"},{"taxonomy":"product_cat","embeddable":true,"href":"https:\/\/akcharcosmetics.com\/fr\/wp-json\/wp\/v2\/product_cat?post=22994"},{"taxonomy":"product_tag","embeddable":true,"href":"https:\/\/akcharcosmetics.com\/fr\/wp-json\/wp\/v2\/product_tag?post=22994"}],"curies":[{"name":"wp","href":"https:\/\/api.w.org\/{rel}","templated":true}]}}