{"id":22883,"date":"2024-02-17T09:44:19","date_gmt":"2024-02-17T09:44:19","guid":{"rendered":"https:\/\/akcharcosmetics.com\/?post_type=product&#038;p=22883"},"modified":"2026-03-25T09:18:22","modified_gmt":"2026-03-25T09:18:22","slug":"hemo-relief-pack-de-traitement-des-hemorroides-comprenant-une-creme-et-un-complement-alimentaire","status":"publish","type":"product","link":"https:\/\/akcharcosmetics.com\/fr\/produit\/hemo-relief-pack-de-traitement-des-hemorroides-comprenant-une-creme-et-un-complement-alimentaire\/","title":{"rendered":"Hemo Relief &#8211; Pack de traitement des h\u00e9morro\u00efdes comprenant une cr\u00e8me et un compl\u00e9ment alimentaire"},"content":{"rendered":"<p><b>Les composants de l&rsquo;ensemble:<\/b><\/p>\n<p><b>Cr\u00e8me th\u00e9rapeutique pour les h\u00e9morro\u00efdes:<\/b><\/p>\n<ul>\n<li style=\"font-weight: 400;\" aria-level=\"1\"><span style=\"font-weight: 400;\">Sa formule se distingue par des ingr\u00e9dients naturels apaisants et apaisants pour la zone affect\u00e9e.<\/span><\/li>\n<li style=\"font-weight: 400;\" aria-level=\"1\"><span style=\"font-weight: 400;\">La cr\u00e8me r\u00e9duit les inflammations, les d\u00e9mangeaisons et les gonflements associ\u00e9s aux h\u00e9morro\u00efdes.<\/span><\/li>\n<li style=\"font-weight: 400;\" aria-level=\"1\"><span style=\"font-weight: 400;\">Elle aide \u00e0 r\u00e9duire les saignements et \u00e0 acc\u00e9l\u00e9rer le processus de gu\u00e9rison.<\/span><\/li>\n<\/ul>\n<p><b>Compl\u00e9ment alimentaire pour les h\u00e9morro\u00efdes:<\/b><\/p>\n<p>&nbsp;<\/p>\n<ul>\n<li style=\"font-weight: 400;\" aria-level=\"1\"><span style=\"font-weight: 400;\">Sa formule contient un m\u00e9lange \u00e9quilibr\u00e9 de nutriments qui aident \u00e0 renforcer les vaisseaux sanguins et \u00e0 am\u00e9liorer la sant\u00e9 du syst\u00e8me digestif.<\/span><\/li>\n<li style=\"font-weight: 400;\" aria-level=\"1\"><span style=\"font-weight: 400;\">Il contribue \u00e0 r\u00e9duire la constipation et \u00e0 am\u00e9liorer la digestion, ce qui r\u00e9duit la pression sur les art\u00e8res et les vaisseaux sanguins dans la r\u00e9gion des h\u00e9morro\u00efdes.<\/span><\/li>\n<li style=\"font-weight: 400;\" aria-level=\"1\"><span style=\"font-weight: 400;\">Il favorise la circulation sanguine et aide \u00e0 soulager la douleur et le gonflement.<\/span><\/li>\n<\/ul>\n<p><b>Caract\u00e9ristiques du produit:<\/b><\/p>\n<p><b>Efficacit\u00e9 innovante : <\/b><span style=\"font-weight: 400;\">Les composants de l&rsquo;ensemble travaillent de mani\u00e8re int\u00e9gr\u00e9e pour offrir un soulagement instantan\u00e9 des sympt\u00f4mes des h\u00e9morro\u00efdes.<\/span><\/p>\n<p><b>S\u00fbr et naturel : <\/b><span style=\"font-weight: 400;\">Le produit est compos\u00e9 de mat\u00e9riaux naturels et s\u00fbrs \u00e0 utiliser, sans aucun effet secondaire ind\u00e9sirable.<\/span><\/p>\n<p><b>Facilit\u00e9 d&rsquo;utilisation : <\/b><span style=\"font-weight: 400;\">L&rsquo;ensemble est livr\u00e9 avec des instructions claires et faciles \u00e0 comprendre pour une utilisation quotidienne \u00e0 domicile.<\/span><\/p>\n<p><b>R\u00e9sultats tangibles :<\/b><span style=\"font-weight: 400;\"> Le produit offre une am\u00e9lioration tangible du confort et de la sant\u00e9 g\u00e9n\u00e9rale de la zone affect\u00e9e en peu de temps.<\/span><\/p>\n<p><span style=\"font-weight: 400;\">Commandez-le maintenant et int\u00e9grez-le dans votre routine quotidienne saine, pr\u00e9parez-vous \u00e0 vous d\u00e9barrasser des douleurs h\u00e9morro\u00efdaires et \u00e0 revenir \u00e0 une vie sans tracas.<\/span><\/p>\n","protected":false},"excerpt":{"rendered":"<p><span style=\"font-weight: 400;\">Pr\u00e9parez-vous \u00e0 vous d\u00e9barrasser des douleurs h\u00e9morro\u00efdaires et \u00e0 profiter d&rsquo;un soulagement durable avec \u00ab\u00a0Hemo Relief\u00a0\u00bb pour le traitement des h\u00e9morro\u00efdes. Cet ensemble a \u00e9t\u00e9 soigneusement con\u00e7u pour offrir un confort et un soulagement des sympt\u00f4mes g\u00eanants des h\u00e9morro\u00efdes, garantissant ainsi une reprise d&rsquo;activit\u00e9 et de confort dans votre vie quotidienne.<\/span><\/p>\n","protected":false},"featured_media":22893,"comment_status":"open","ping_status":"closed","template":"","meta":[],"product_brand":[],"product_cat":[193],"product_tag":[],"class_list":{"0":"post-22883","1":"product","2":"type-product","3":"status-publish","4":"has-post-thumbnail","6":"product_cat-les-packs","8":"first","9":"instock","10":"taxable","11":"shipping-taxable","12":"purchasable","13":"product-type-simple"},"_links":{"self":[{"href":"https:\/\/akcharcosmetics.com\/fr\/wp-json\/wp\/v2\/product\/22883","targetHints":{"allow":["GET"]}}],"collection":[{"href":"https:\/\/akcharcosmetics.com\/fr\/wp-json\/wp\/v2\/product"}],"about":[{"href":"https:\/\/akcharcosmetics.com\/fr\/wp-json\/wp\/v2\/types\/product"}],"replies":[{"embeddable":true,"href":"https:\/\/akcharcosmetics.com\/fr\/wp-json\/wp\/v2\/comments?post=22883"}],"version-history":[{"count":1,"href":"https:\/\/akcharcosmetics.com\/fr\/wp-json\/wp\/v2\/product\/22883\/revisions"}],"predecessor-version":[{"id":22896,"href":"https:\/\/akcharcosmetics.com\/fr\/wp-json\/wp\/v2\/product\/22883\/revisions\/22896"}],"wp:featuredmedia":[{"embeddable":true,"href":"https:\/\/akcharcosmetics.com\/fr\/wp-json\/wp\/v2\/media\/22893"}],"wp:attachment":[{"href":"https:\/\/akcharcosmetics.com\/fr\/wp-json\/wp\/v2\/media?parent=22883"}],"wp:term":[{"taxonomy":"product_brand","embeddable":true,"href":"https:\/\/akcharcosmetics.com\/fr\/wp-json\/wp\/v2\/product_brand?post=22883"},{"taxonomy":"product_cat","embeddable":true,"href":"https:\/\/akcharcosmetics.com\/fr\/wp-json\/wp\/v2\/product_cat?post=22883"},{"taxonomy":"product_tag","embeddable":true,"href":"https:\/\/akcharcosmetics.com\/fr\/wp-json\/wp\/v2\/product_tag?post=22883"}],"curies":[{"name":"wp","href":"https:\/\/api.w.org\/{rel}","templated":true}]}}