{"id":22818,"date":"2024-02-14T11:27:08","date_gmt":"2024-02-14T11:27:08","guid":{"rendered":"https:\/\/akcharcosmetics.com\/?post_type=product&#038;p=22818"},"modified":"2026-02-26T09:20:37","modified_gmt":"2026-02-26T09:20:37","slug":"hormone-aide-soulager-les-douleurs-menstruelles-et-ameliorer-lequilibre-hormonal-chez-les-femmes","status":"publish","type":"product","link":"https:\/\/akcharcosmetics.com\/fr\/produit\/hormone-aide-soulager-les-douleurs-menstruelles-et-ameliorer-lequilibre-hormonal-chez-les-femmes\/","title":{"rendered":"Hormone Aide &#8211; soulager les douleurs menstruelles et am\u00e9liorer l&rsquo;\u00e9quilibre hormonal chez les femmes"},"content":{"rendered":"<p><b>Caract\u00e9ristiques et avantages du compl\u00e9ment alimentaire pour soulager les douleurs menstruelles et r\u00e9guler les hormones :<\/b><\/p>\n<p>&nbsp;<\/p>\n<p><b>Thym :<\/b><span style=\"font-weight: 400;\"> Le thym est connu pour sa capacit\u00e9 \u00e0 r\u00e9duire les douleurs menstruelles et \u00e0 soulager les spasmes musculaires.<\/span><\/p>\n<p><b>Cannelle :<\/b><span style=\"font-weight: 400;\"> La cannelle poss\u00e8de des propri\u00e9t\u00e9s anti-inflammatoires et aide \u00e0 r\u00e9guler les niveaux d&rsquo;hormones f\u00e9minines, ainsi qu&rsquo;\u00e0 soulager les sympt\u00f4mes du syndrome pr\u00e9menstruel.<\/span><\/p>\n<p><b>Huile de p\u00e9pins de grenade :<\/b><span style=\"font-weight: 400;\"> L&rsquo;huile de p\u00e9pins de grenade contient des compos\u00e9s antioxydants qui aident \u00e0 am\u00e9liorer la circulation sanguine dans la r\u00e9gion pelvienne et \u00e0 soulager les douleurs menstruelles.<\/span><\/p>\n<p><b>Vitamines et min\u00e9raux essentiels :<\/b><span style=\"font-weight: 400;\"> Le produit contient des vitamines telles que la vitamine B6 et la vitamine E, ainsi que du magn\u00e9sium et du zinc, qui aident \u00e0 renforcer la sant\u00e9 hormonale des femmes.<\/span><\/p>\n<p>&nbsp;<\/p>\n<p><b>Avantages du compl\u00e9ment alimentaire pour soulager les douleurs menstruelles et am\u00e9liorer l&rsquo;\u00e9quilibre hormonal chez les femmes :<\/b><\/p>\n<p>&nbsp;<\/p>\n<ul>\n<li style=\"font-weight: 400;\" aria-level=\"1\"><span style=\"font-weight: 400;\">Soulagement des douleurs et des spasmes menstruels.<\/span><\/li>\n<li style=\"font-weight: 400;\" aria-level=\"1\"><span style=\"font-weight: 400;\">R\u00e9gulation des niveaux d&rsquo;hormones f\u00e9minines et r\u00e9duction des troubles hormonaux.<\/span><\/li>\n<li style=\"font-weight: 400;\" aria-level=\"1\"><span style=\"font-weight: 400;\">Am\u00e9lioration du confort et de la sant\u00e9 g\u00e9n\u00e9rale pendant la p\u00e9riode menstruelle.<\/span><\/li>\n<li style=\"font-weight: 400;\" aria-level=\"1\"><span style=\"font-weight: 400;\">Soutien de l&rsquo;activit\u00e9 physique et mentale pendant la menstruation.<\/span><\/li>\n<\/ul>\n<p><span style=\"font-weight: 400;\">Commandez-le d\u00e8s maintenant et profitez d&rsquo;un plus grand confort pendant la p\u00e9riode menstruelle, avec ce compl\u00e9ment alimentaire naturel qui offre le soutien n\u00e9cessaire \u00e0 la sant\u00e9 des femmes et \u00e0 l&rsquo;\u00e9quilibre hormonal dans cette phase difficile de chaque mois.<\/span><\/p>\n","protected":false},"excerpt":{"rendered":"<p><span style=\"font-weight: 400;\">Un compl\u00e9ment alimentaire naturel innovant et efficace visant \u00e0 soulager les douleurs menstruelles et \u00e0 am\u00e9liorer l&rsquo;\u00e9quilibre hormonal chez les femmes. Ce compl\u00e9ment repose sur un m\u00e9lange d&rsquo;herbes naturelles et de nutriments qui favorisent la sant\u00e9 f\u00e9minine et r\u00e9duisent les d\u00e9s\u00e9quilibres hormonaux li\u00e9s aux menstruations.<\/span><\/p>\n","protected":false},"featured_media":22819,"comment_status":"open","ping_status":"closed","template":"","meta":[],"product_brand":[],"product_cat":[202],"product_tag":[],"class_list":{"0":"post-22818","1":"product","2":"type-product","3":"status-publish","4":"has-post-thumbnail","6":"product_cat-les-supplements-therapeutiques","8":"first","9":"instock","10":"featured","11":"taxable","12":"shipping-taxable","13":"purchasable","14":"product-type-simple"},"_links":{"self":[{"href":"https:\/\/akcharcosmetics.com\/fr\/wp-json\/wp\/v2\/product\/22818","targetHints":{"allow":["GET"]}}],"collection":[{"href":"https:\/\/akcharcosmetics.com\/fr\/wp-json\/wp\/v2\/product"}],"about":[{"href":"https:\/\/akcharcosmetics.com\/fr\/wp-json\/wp\/v2\/types\/product"}],"replies":[{"embeddable":true,"href":"https:\/\/akcharcosmetics.com\/fr\/wp-json\/wp\/v2\/comments?post=22818"}],"version-history":[{"count":1,"href":"https:\/\/akcharcosmetics.com\/fr\/wp-json\/wp\/v2\/product\/22818\/revisions"}],"predecessor-version":[{"id":22828,"href":"https:\/\/akcharcosmetics.com\/fr\/wp-json\/wp\/v2\/product\/22818\/revisions\/22828"}],"wp:featuredmedia":[{"embeddable":true,"href":"https:\/\/akcharcosmetics.com\/fr\/wp-json\/wp\/v2\/media\/22819"}],"wp:attachment":[{"href":"https:\/\/akcharcosmetics.com\/fr\/wp-json\/wp\/v2\/media?parent=22818"}],"wp:term":[{"taxonomy":"product_brand","embeddable":true,"href":"https:\/\/akcharcosmetics.com\/fr\/wp-json\/wp\/v2\/product_brand?post=22818"},{"taxonomy":"product_cat","embeddable":true,"href":"https:\/\/akcharcosmetics.com\/fr\/wp-json\/wp\/v2\/product_cat?post=22818"},{"taxonomy":"product_tag","embeddable":true,"href":"https:\/\/akcharcosmetics.com\/fr\/wp-json\/wp\/v2\/product_tag?post=22818"}],"curies":[{"name":"wp","href":"https:\/\/api.w.org\/{rel}","templated":true}]}}