{"id":22797,"date":"2024-02-14T10:52:14","date_gmt":"2024-02-14T10:52:14","guid":{"rendered":"https:\/\/akcharcosmetics.com\/?post_type=product&#038;p=22797"},"modified":"2026-01-05T22:42:11","modified_gmt":"2026-01-05T22:42:11","slug":"complement-alimentaire-pour-corriger-et-renforcer-la-vue","status":"publish","type":"product","link":"https:\/\/akcharcosmetics.com\/fr\/produit\/complement-alimentaire-pour-corriger-et-renforcer-la-vue\/","title":{"rendered":"Compl\u00e9ment alimentaire pour corriger et renforcer la vue"},"content":{"rendered":"<p><b>Caract\u00e9ristiques et avantages du compl\u00e9ment alimentaire pour corriger et renforcer la vue :<\/b><\/p>\n<p>&nbsp;<\/p>\n<p><b>Puissants antioxydants :<\/b><span style=\"font-weight: 400;\"> Il contient des antioxydants tels que la vitamine C, la vitamine E, la lut\u00e9ine et la z\u00e9axanthine qui prot\u00e8gent les yeux des effets nocifs des rayons ultraviolets et r\u00e9duisent les risques de d\u00e9t\u00e9rioration de la vue.<\/span><\/p>\n<p><b>Acides gras om\u00e9ga-3 : <\/b><span style=\"font-weight: 400;\">Le produit comprend des acides gras om\u00e9ga-3 tels que l&rsquo;acide alpha-linol\u00e9nique et l&rsquo;acide docosahexa\u00e9no\u00efque qui aident \u00e0 renforcer la vue et \u00e0 am\u00e9liorer les fonctions de la r\u00e9tine dans l&rsquo;\u0153il.<\/span><\/p>\n<p><b>Vitamines et min\u00e9raux essentiels :<\/b><span style=\"font-weight: 400;\"> Il contient des vitamines telles que la vitamine A, la vitamine B2, la vitamine B6, la vitamine B12, le zinc, le s\u00e9l\u00e9nium et le cuivre qui contribuent \u00e0 soutenir la sant\u00e9 des yeux et \u00e0 renforcer les fonctions visuelles.<\/span><\/p>\n<p><b>Avantages du compl\u00e9ment alimentaire pour corriger et renforcer la vue :<\/b><\/p>\n<ul>\n<li style=\"font-weight: 400;\" aria-level=\"1\"><span style=\"font-weight: 400;\">Renforce la vue et am\u00e9liore la vision.<\/span><\/li>\n<li style=\"font-weight: 400;\" aria-level=\"1\"><span style=\"font-weight: 400;\">Prot\u00e8ge les yeux des effets nocifs des rayons ultraviolets.<\/span><\/li>\n<li style=\"font-weight: 400;\" aria-level=\"1\"><span style=\"font-weight: 400;\">R\u00e9duit les risques de d\u00e9t\u00e9rioration de la vue et de maladies oculaires chroniques.<\/span><\/li>\n<li style=\"font-weight: 400;\" aria-level=\"1\"><span style=\"font-weight: 400;\">Contribue \u00e0 am\u00e9liorer la clart\u00e9 et la concentration visuelle.<\/span><\/li>\n<\/ul>\n<p>&nbsp;<\/p>\n<p><span style=\"font-weight: 400;\">Commandez-le maintenant et profitez des avantages pour am\u00e9liorer la sant\u00e9 oculaire et renforcer la vue avec ce compl\u00e9ment naturel, un compl\u00e9ment alimentaire qui fournit le soutien n\u00e9cessaire pour prendre soin de la sant\u00e9 oculaire et promouvoir une vision saine.<\/span><\/p>\n","protected":false},"excerpt":{"rendered":"<p><span style=\"font-weight: 400;\">Un compl\u00e9ment alimentaire naturel avanc\u00e9 et efficace visant \u00e0 am\u00e9liorer la sant\u00e9 des yeux et \u00e0 renforcer la vue. Ce produit se distingue par une formulation \u00e9quilibr\u00e9e d&rsquo;\u00e9l\u00e9ments nutritifs essentiels qui favorisent la sant\u00e9 oculaire et r\u00e9duisent les risques de maladies li\u00e9es aux yeux.<\/span><\/p>\n","protected":false},"featured_media":22801,"comment_status":"open","ping_status":"closed","template":"","meta":[],"product_brand":[],"product_cat":[202],"product_tag":[],"class_list":{"0":"post-22797","1":"product","2":"type-product","3":"status-publish","4":"has-post-thumbnail","6":"product_cat-les-supplements-therapeutiques","8":"first","9":"instock","10":"taxable","11":"shipping-taxable","12":"purchasable","13":"product-type-simple"},"_links":{"self":[{"href":"https:\/\/akcharcosmetics.com\/fr\/wp-json\/wp\/v2\/product\/22797","targetHints":{"allow":["GET"]}}],"collection":[{"href":"https:\/\/akcharcosmetics.com\/fr\/wp-json\/wp\/v2\/product"}],"about":[{"href":"https:\/\/akcharcosmetics.com\/fr\/wp-json\/wp\/v2\/types\/product"}],"replies":[{"embeddable":true,"href":"https:\/\/akcharcosmetics.com\/fr\/wp-json\/wp\/v2\/comments?post=22797"}],"version-history":[{"count":1,"href":"https:\/\/akcharcosmetics.com\/fr\/wp-json\/wp\/v2\/product\/22797\/revisions"}],"predecessor-version":[{"id":22810,"href":"https:\/\/akcharcosmetics.com\/fr\/wp-json\/wp\/v2\/product\/22797\/revisions\/22810"}],"wp:featuredmedia":[{"embeddable":true,"href":"https:\/\/akcharcosmetics.com\/fr\/wp-json\/wp\/v2\/media\/22801"}],"wp:attachment":[{"href":"https:\/\/akcharcosmetics.com\/fr\/wp-json\/wp\/v2\/media?parent=22797"}],"wp:term":[{"taxonomy":"product_brand","embeddable":true,"href":"https:\/\/akcharcosmetics.com\/fr\/wp-json\/wp\/v2\/product_brand?post=22797"},{"taxonomy":"product_cat","embeddable":true,"href":"https:\/\/akcharcosmetics.com\/fr\/wp-json\/wp\/v2\/product_cat?post=22797"},{"taxonomy":"product_tag","embeddable":true,"href":"https:\/\/akcharcosmetics.com\/fr\/wp-json\/wp\/v2\/product_tag?post=22797"}],"curies":[{"name":"wp","href":"https:\/\/api.w.org\/{rel}","templated":true}]}}