{"id":22766,"date":"2024-02-14T10:31:08","date_gmt":"2024-02-14T10:31:08","guid":{"rendered":"https:\/\/akcharcosmetics.com\/?post_type=product&#038;p=22766"},"modified":"2026-01-05T22:47:18","modified_gmt":"2026-01-05T22:47:18","slug":"nerviva-traiter-les-nerfs-et-lulcere-gastrique","status":"publish","type":"product","link":"https:\/\/akcharcosmetics.com\/fr\/produit\/nerviva-traiter-les-nerfs-et-lulcere-gastrique\/","title":{"rendered":"Nerviva- traiter les nerfs et l&rsquo;ulc\u00e8re gastrique"},"content":{"rendered":"<p><b>Caract\u00e9ristiques et avantages du compl\u00e9ment alimentaire pour le traitement des nerfs et de l&rsquo;ulc\u00e8re gastrique :<\/b><\/p>\n<p>&nbsp;<\/p>\n<p><b>Riche en vitamines naturelles : <\/b><span style=\"font-weight: 400;\">Il contient une formulation riche en vitamines telles que la vitamine B12 et la vitamine B6 qui aident \u00e0 renforcer la sant\u00e9 nerveuse et \u00e0 am\u00e9liorer les fonctions du syst\u00e8me digestif.<\/span><\/p>\n<p><b>Extraits d&rsquo;herbes apaisantes : <\/b><span style=\"font-weight: 400;\">Le produit comprend des extraits d&rsquo;herbes apaisantes comme la camomille, la menthe poivr\u00e9e et le gingembre qui agissent pour apaiser le syst\u00e8me digestif et r\u00e9duire l&rsquo;inflammation.<\/span><\/p>\n<p><b>Nutriments pour les nerfs :<\/b><span style=\"font-weight: 400;\"> Il contient des nutriments tels que l&rsquo;om\u00e9ga-3, le magn\u00e9sium et le zinc qui renforcent la sant\u00e9 des nerfs et am\u00e9liorent leurs fonctions.<\/span><\/p>\n<p><b>Avantages du compl\u00e9ment alimentaire pour le traitement des nerfs et de l&rsquo;ulc\u00e8re gastrique :<\/b><\/p>\n<p>&nbsp;<\/p>\n<ul>\n<li style=\"font-weight: 400;\" aria-level=\"1\"><span style=\"font-weight: 400;\">Att\u00e9nue les sympt\u00f4mes associ\u00e9s \u00e0 l&rsquo;ulc\u00e8re gastrique tels que les br\u00fblures d&rsquo;estomac, les ballonnements et les gaz.<\/span><\/li>\n<li style=\"font-weight: 400;\" aria-level=\"1\"><span style=\"font-weight: 400;\">Apaise les nerfs et r\u00e9duit le stress et l&rsquo;anxi\u00e9t\u00e9 li\u00e9s aux probl\u00e8mes digestifs.<\/span><\/li>\n<li style=\"font-weight: 400;\" aria-level=\"1\"><span style=\"font-weight: 400;\">Am\u00e9liore le processus de digestion et favorise l&rsquo;absorption des nutriments.<\/span><\/li>\n<li style=\"font-weight: 400;\" aria-level=\"1\"><span style=\"font-weight: 400;\">Contribue \u00e0 am\u00e9liorer la sant\u00e9 g\u00e9n\u00e9rale du syst\u00e8me digestif.<\/span><\/li>\n<\/ul>\n<p>&nbsp;<\/p>\n<p><span style=\"font-weight: 400;\">Commandez-le maintenant et profitez des bienfaits nutritifs sp\u00e9cialement con\u00e7us pour les nerfs du syst\u00e8me digestif et l&rsquo;ulc\u00e8re gastrique, un compl\u00e9ment alimentaire qui offre le soutien n\u00e9cessaire pour am\u00e9liorer la sant\u00e9 digestive et votre bien-\u00eatre g\u00e9n\u00e9ral.<\/span><\/p>\n","protected":false},"excerpt":{"rendered":"<p><span style=\"font-weight: 400;\">Un compl\u00e9ment alimentaire efficace con\u00e7u pour am\u00e9liorer la sant\u00e9 des nerfs du syst\u00e8me digestif et traiter l&rsquo;ulc\u00e8re gastrique. Ce produit est con\u00e7u pour traiter et fournir la nutrition sp\u00e9cialis\u00e9e n\u00e9cessaire pour soutenir les fonctions nerveuses et apaiser le syst\u00e8me digestif.<\/span><\/p>\n","protected":false},"featured_media":22770,"comment_status":"open","ping_status":"closed","template":"","meta":[],"product_brand":[],"product_cat":[202],"product_tag":[],"class_list":{"0":"post-22766","1":"product","2":"type-product","3":"status-publish","4":"has-post-thumbnail","6":"product_cat-les-supplements-therapeutiques","8":"first","9":"instock","10":"taxable","11":"shipping-taxable","12":"purchasable","13":"product-type-simple"},"_links":{"self":[{"href":"https:\/\/akcharcosmetics.com\/fr\/wp-json\/wp\/v2\/product\/22766","targetHints":{"allow":["GET"]}}],"collection":[{"href":"https:\/\/akcharcosmetics.com\/fr\/wp-json\/wp\/v2\/product"}],"about":[{"href":"https:\/\/akcharcosmetics.com\/fr\/wp-json\/wp\/v2\/types\/product"}],"replies":[{"embeddable":true,"href":"https:\/\/akcharcosmetics.com\/fr\/wp-json\/wp\/v2\/comments?post=22766"}],"version-history":[{"count":1,"href":"https:\/\/akcharcosmetics.com\/fr\/wp-json\/wp\/v2\/product\/22766\/revisions"}],"predecessor-version":[{"id":22776,"href":"https:\/\/akcharcosmetics.com\/fr\/wp-json\/wp\/v2\/product\/22766\/revisions\/22776"}],"wp:featuredmedia":[{"embeddable":true,"href":"https:\/\/akcharcosmetics.com\/fr\/wp-json\/wp\/v2\/media\/22770"}],"wp:attachment":[{"href":"https:\/\/akcharcosmetics.com\/fr\/wp-json\/wp\/v2\/media?parent=22766"}],"wp:term":[{"taxonomy":"product_brand","embeddable":true,"href":"https:\/\/akcharcosmetics.com\/fr\/wp-json\/wp\/v2\/product_brand?post=22766"},{"taxonomy":"product_cat","embeddable":true,"href":"https:\/\/akcharcosmetics.com\/fr\/wp-json\/wp\/v2\/product_cat?post=22766"},{"taxonomy":"product_tag","embeddable":true,"href":"https:\/\/akcharcosmetics.com\/fr\/wp-json\/wp\/v2\/product_tag?post=22766"}],"curies":[{"name":"wp","href":"https:\/\/api.w.org\/{rel}","templated":true}]}}