{"id":22479,"date":"2024-02-08T15:16:36","date_gmt":"2024-02-08T15:16:36","guid":{"rendered":"https:\/\/akcharcosmetics.com\/?post_type=product&#038;p=22479"},"modified":"2025-03-09T00:06:47","modified_gmt":"2025-03-09T00:06:47","slug":"eternaeyes-brillance-serum-pour-eliminer-les-cernes-et-les-ridules-sous-les-yeux","status":"publish","type":"product","link":"https:\/\/akcharcosmetics.com\/fr\/produit\/eternaeyes-brillance-serum-pour-eliminer-les-cernes-et-les-ridules-sous-les-yeux\/","title":{"rendered":"EternaEyes Brillance &#8211; S\u00e9rum pour \u00e9liminer les cernes et les ridules sous les yeux"},"content":{"rendered":"<p><b>Avantages du s\u00e9rum \u00ab\u00a0EternaEyes \u00a0\u00bb :<\/b><\/p>\n<p><b>\u00c9limination des cernes : <\/b><span style=\"font-weight: 400;\">Le s\u00e9rum \u00ab\u00a0EternaEyes\u00a0\u00bb contient des ingr\u00e9dients hydratants et \u00e9claircissants qui agissent pour \u00e9claircir la zone sous les yeux et r\u00e9duire efficacement l&rsquo;apparence des cernes.<\/span><\/p>\n<p><b>R\u00e9duction des ridules :<\/b><span style=\"font-weight: 400;\"> Le s\u00e9rum contient des compos\u00e9s qui combattent les signes du vieillissement et r\u00e9duisent l&rsquo;apparence des ridules et des rides sous les yeux, donnant un aspect plus jeune et plus frais.<\/span><\/p>\n<p><b>Hydratation en profondeur :<\/b><span style=\"font-weight: 400;\"> Le s\u00e9rum contient des hydratants puissants qui agissent pour hydrater la peau en profondeur, am\u00e9liorant ainsi son \u00e9lasticit\u00e9 et sa douceur.<\/span><\/p>\n<p><b>Action anti-inflammatoire :<\/b><span style=\"font-weight: 400;\"> Le s\u00e9rum contient des agents anti-inflammatoires qui aident \u00e0 apaiser la peau irrit\u00e9e et \u00e0 r\u00e9duire les gonflements sous les yeux.<\/span><\/p>\n<p><b>Am\u00e9lioration de l&rsquo;apparence de la peau :<\/b><span style=\"font-weight: 400;\"> Le s\u00e9rum \u00ab\u00a0EternaEyes\u00a0\u00bb aide \u00e0 am\u00e9liorer l&rsquo;apparence de la peau et \u00e0 lui donner un aspect plus lumineux et plus vivant.<\/span><\/p>\n<p><b>Mode d&#8217;emploi :<\/b><\/p>\n<ul>\n<li style=\"font-weight: 400;\" aria-level=\"1\"><span style=\"font-weight: 400;\">Nettoyez soigneusement la peau et s\u00e9chez-la.<\/span><\/li>\n<li style=\"font-weight: 400;\" aria-level=\"1\"><span style=\"font-weight: 400;\">Appliquez une quantit\u00e9 appropri\u00e9e de s\u00e9rum sous les yeux et massez doucement jusqu&rsquo;\u00e0 absorption compl\u00e8te.<\/span><\/li>\n<li style=\"font-weight: 400;\" aria-level=\"1\"><span style=\"font-weight: 400;\">Utilisez le s\u00e9rum deux fois par jour, matin et soir, pour obtenir les meilleurs r\u00e9sultats.<\/span><\/li>\n<\/ul>\n<p><span style=\"font-weight: 400;\">Utilisez r\u00e9guli\u00e8rement le s\u00e9rum \u00ab\u00a0EternaEyes\u00a0\u00bb pour obtenir une peau sous les yeux plus lumineuse et plus \u00e9clatante, et pr\u00e9parez-vous \u00e0 profiter d&rsquo;un aspect jeune et rayonnant qui refl\u00e8te votre beaut\u00e9 naturelle.<\/span><\/p>\n","protected":false},"excerpt":{"rendered":"<p><span style=\"font-weight: 400;\">Profitez d&rsquo;une peau fra\u00eeche et saine avec le s\u00e9rum \u00ab\u00a0EternaEyes\u00a0\u00bb, la solution efficace pour \u00e9liminer les cernes et les ridules sous les yeux. Sa formule efficace \u00e0 base d&rsquo;ingr\u00e9dients naturels se m\u00e9lange en douceur pour offrir des r\u00e9sultats \u00e9tonnants dans l&rsquo;am\u00e9lioration de l&rsquo;apparence de la peau et l&rsquo;\u00e9claircissement de la zone sous les yeux.<\/span><\/p>\n","protected":false},"featured_media":22480,"comment_status":"open","ping_status":"closed","template":"","meta":[],"product_brand":[],"product_cat":[75],"product_tag":[],"class_list":{"0":"post-22479","1":"product","2":"type-product","3":"status-publish","4":"has-post-thumbnail","6":"product_cat-les-serums","8":"first","9":"instock","10":"taxable","11":"shipping-taxable","12":"purchasable","13":"product-type-simple"},"_links":{"self":[{"href":"https:\/\/akcharcosmetics.com\/fr\/wp-json\/wp\/v2\/product\/22479","targetHints":{"allow":["GET"]}}],"collection":[{"href":"https:\/\/akcharcosmetics.com\/fr\/wp-json\/wp\/v2\/product"}],"about":[{"href":"https:\/\/akcharcosmetics.com\/fr\/wp-json\/wp\/v2\/types\/product"}],"replies":[{"embeddable":true,"href":"https:\/\/akcharcosmetics.com\/fr\/wp-json\/wp\/v2\/comments?post=22479"}],"version-history":[{"count":1,"href":"https:\/\/akcharcosmetics.com\/fr\/wp-json\/wp\/v2\/product\/22479\/revisions"}],"predecessor-version":[{"id":22489,"href":"https:\/\/akcharcosmetics.com\/fr\/wp-json\/wp\/v2\/product\/22479\/revisions\/22489"}],"wp:featuredmedia":[{"embeddable":true,"href":"https:\/\/akcharcosmetics.com\/fr\/wp-json\/wp\/v2\/media\/22480"}],"wp:attachment":[{"href":"https:\/\/akcharcosmetics.com\/fr\/wp-json\/wp\/v2\/media?parent=22479"}],"wp:term":[{"taxonomy":"product_brand","embeddable":true,"href":"https:\/\/akcharcosmetics.com\/fr\/wp-json\/wp\/v2\/product_brand?post=22479"},{"taxonomy":"product_cat","embeddable":true,"href":"https:\/\/akcharcosmetics.com\/fr\/wp-json\/wp\/v2\/product_cat?post=22479"},{"taxonomy":"product_tag","embeddable":true,"href":"https:\/\/akcharcosmetics.com\/fr\/wp-json\/wp\/v2\/product_tag?post=22479"}],"curies":[{"name":"wp","href":"https:\/\/api.w.org\/{rel}","templated":true}]}}