{"id":22439,"date":"2024-02-08T10:35:24","date_gmt":"2024-02-08T10:35:24","guid":{"rendered":"https:\/\/akcharcosmetics.com\/?post_type=product&#038;p=22439"},"modified":"2024-12-16T11:38:48","modified_gmt":"2024-12-16T11:38:48","slug":"tanning-oil-huile-de-bronzageprofitez-dune-experience-de-bronzage-luxueuse-et-naturelle-avec-lhuile-de-bronzage-tanning-oil-cette-huile-se-distingue-par-sa-formule-riche-en-elements-nutritifs-q","status":"publish","type":"product","link":"https:\/\/akcharcosmetics.com\/fr\/produit\/tanning-oil-huile-de-bronzageprofitez-dune-experience-de-bronzage-luxueuse-et-naturelle-avec-lhuile-de-bronzage-tanning-oil-cette-huile-se-distingue-par-sa-formule-riche-en-elements-nutritifs-q\/","title":{"rendered":"Tanning Oil &#8211; Huile de bronzage"},"content":{"rendered":"<p><b>Caract\u00e9ristiques de l&rsquo;huile de bronzage corporel :<\/b><\/p>\n<p>&nbsp;<\/p>\n<p><b>Bronzage naturel : <\/b><span style=\"font-weight: 400;\">L&rsquo;huile \u00ab\u00a0Tanning Oil\u00a0\u00bb brunit la peau de mani\u00e8re naturelle et uniforme, lui donnant une teinte chaude et attrayante.<\/span><\/p>\n<p><b>Hydratation intense :<\/b><span style=\"font-weight: 400;\"> Sa formule riche en huiles naturelles hydrate la peau en profondeur, la rendant douce et lumineuse<\/span><\/p>\n<p><b>Protection contre la s\u00e9cheresse :<\/b><span style=\"font-weight: 400;\"> L&rsquo;huile prot\u00e8ge la peau contre la s\u00e9cheresse et les effets du soleil, pr\u00e9servant ainsi sa douceur et son \u00e9lasticit\u00e9.<\/span><\/p>\n<p><b>Parfum rafra\u00eechissant : <\/b><span style=\"font-weight: 400;\">Tanning Oil\u00a0\u00bb vous offre un parfum rafra\u00eechissant et agr\u00e9able, ajoutant des moments de d\u00e9tente et de plaisir \u00e0 votre exp\u00e9rience de bronzage.<\/span><\/p>\n<p><b>Facilit\u00e9 d&rsquo;utilisation : <\/b><span style=\"font-weight: 400;\">L&rsquo;huile est livr\u00e9e dans un design facile \u00e0 appliquer, rendant le processus de bronzage confortable et agr\u00e9able pour que vous puissiez l&#8217;emporter avec vous dans votre sac.<\/span><\/p>\n<p><span style=\"font-weight: 400;\">Commandez-le d\u00e8s maintenant et profitez d&rsquo;une peau ensoleill\u00e9e et \u00e9clatante avec l&rsquo;huile de bronzage \u00ab\u00a0Tanning Oil\u00a0\u00bb, et savourez un look estival attrayant tout au long de l&rsquo;\u00e9t\u00e9.<\/span><\/p>\n","protected":false},"excerpt":{"rendered":"<p><span style=\"font-weight: 400;\">Profitez d&rsquo;une exp\u00e9rience de bronzage luxueuse et naturelle avec l&rsquo;huile de bronzage Tanning Oil. Cette huile se distingue par sa formule riche en \u00e9l\u00e9ments nutritifs qui aide \u00e0 am\u00e9liorer le teint de la peau et lui donne une magnifique couleur dor\u00e9e, lui conf\u00e9rant ainsi un \u00e9clat sain et s\u00e9duisant.<\/span><\/p>\n","protected":false},"featured_media":22443,"comment_status":"open","ping_status":"closed","template":"","meta":[],"product_brand":[],"product_cat":[139],"product_tag":[],"class_list":{"0":"post-22439","1":"product","2":"type-product","3":"status-publish","4":"has-post-thumbnail","6":"product_cat-autre","8":"first","9":"instock","10":"taxable","11":"shipping-taxable","12":"purchasable","13":"product-type-simple"},"_links":{"self":[{"href":"https:\/\/akcharcosmetics.com\/fr\/wp-json\/wp\/v2\/product\/22439","targetHints":{"allow":["GET"]}}],"collection":[{"href":"https:\/\/akcharcosmetics.com\/fr\/wp-json\/wp\/v2\/product"}],"about":[{"href":"https:\/\/akcharcosmetics.com\/fr\/wp-json\/wp\/v2\/types\/product"}],"replies":[{"embeddable":true,"href":"https:\/\/akcharcosmetics.com\/fr\/wp-json\/wp\/v2\/comments?post=22439"}],"version-history":[{"count":2,"href":"https:\/\/akcharcosmetics.com\/fr\/wp-json\/wp\/v2\/product\/22439\/revisions"}],"predecessor-version":[{"id":22450,"href":"https:\/\/akcharcosmetics.com\/fr\/wp-json\/wp\/v2\/product\/22439\/revisions\/22450"}],"wp:featuredmedia":[{"embeddable":true,"href":"https:\/\/akcharcosmetics.com\/fr\/wp-json\/wp\/v2\/media\/22443"}],"wp:attachment":[{"href":"https:\/\/akcharcosmetics.com\/fr\/wp-json\/wp\/v2\/media?parent=22439"}],"wp:term":[{"taxonomy":"product_brand","embeddable":true,"href":"https:\/\/akcharcosmetics.com\/fr\/wp-json\/wp\/v2\/product_brand?post=22439"},{"taxonomy":"product_cat","embeddable":true,"href":"https:\/\/akcharcosmetics.com\/fr\/wp-json\/wp\/v2\/product_cat?post=22439"},{"taxonomy":"product_tag","embeddable":true,"href":"https:\/\/akcharcosmetics.com\/fr\/wp-json\/wp\/v2\/product_tag?post=22439"}],"curies":[{"name":"wp","href":"https:\/\/api.w.org\/{rel}","templated":true}]}}