{"id":22420,"date":"2024-02-08T10:29:21","date_gmt":"2024-02-08T10:29:21","guid":{"rendered":"https:\/\/akcharcosmetics.com\/?post_type=product&#038;p=22420"},"modified":"2025-06-06T20:16:46","modified_gmt":"2025-06-06T20:16:46","slug":"antifungal-fortify-eliminer-les-champignons-des-ongles-et-des-doigts","status":"publish","type":"product","link":"https:\/\/akcharcosmetics.com\/fr\/produit\/antifungal-fortify-eliminer-les-champignons-des-ongles-et-des-doigts\/","title":{"rendered":"AntiFungal Fortify &#8211; \u00e9liminer les champignons des ongles et des doigts"},"content":{"rendered":"<p><b>Caract\u00e9ristiques et avantages du spray antifongique pour \u00e9liminer les champignons des ongles et des doigts :<\/b><\/p>\n<p><b>Pouvoir th\u00e9rapeutique : <\/b><span style=\"font-weight: 400;\">La formule \u00ab\u00a0Onte Fungal\u00a0\u00bb contient des ingr\u00e9dients efficaces qui \u00e9liminent les champignons efficacement, aidant \u00e0 \u00e9liminer l&rsquo;infection et \u00e0 pr\u00e9venir sa r\u00e9apparition.<\/span><\/p>\n<p><b>Facilit\u00e9 d&rsquo;utilisation : <\/b><span style=\"font-weight: 400;\">Le produit est livr\u00e9 avec un design facile \u00e0 utiliser, le rendant appropri\u00e9 pour un usage domestique sans n\u00e9cessiter d&rsquo;aide ext\u00e9rieure.<\/span><\/p>\n<p><b>Action rapide : <\/b><span style=\"font-weight: 400;\">\u00ab\u00a0Onte Fungal\u00a0\u00bb agit rapidement pour am\u00e9liorer l&rsquo;\u00e9tat des ongles et des doigts touch\u00e9s, aidant \u00e0 r\u00e9duire le temps n\u00e9cessaire au traitement.<\/span><\/p>\n<p><b>Formule<\/b> <b>s\u00fbre<\/b><span style=\"font-weight: 400;\"> : Le produit est con\u00e7u pour \u00eatre s\u00fbr \u00e0 utiliser, en tenant compte des effets secondaires potentiels et en fournissant une solution s\u00fbre et efficace pour le probl\u00e8me des champignons.<\/span><\/p>\n<p><b>Renouvellement de la sant\u00e9 des ongles :<\/b><span style=\"font-weight: 400;\"> Gr\u00e2ce \u00e0 sa capacit\u00e9 \u00e0 traiter les champignons, le produit aide \u00e0 restaurer la sant\u00e9 des ongles et des doigts, renfor\u00e7ant ainsi la confiance et l&rsquo;apparence g\u00e9n\u00e9rale.<\/span><\/p>\n<p><span style=\"font-weight: 400;\">Commandez \u00ab\u00a0Onte Fungal\u00a0\u00bb d\u00e8s maintenant pour \u00e9liminer les champignons des ongles et des doigts et profitez d&rsquo;une peau saine et d&rsquo;ongles magnifiques, exempts de champignons.<\/span><\/p>\n","protected":false},"excerpt":{"rendered":"<p><span style=\"font-weight: 400;\">D\u00e9couvrez la solution naturelle, efficace et s\u00fbre pour se d\u00e9barrasser des champignons des ongles et des doigts avec le spray \u00ab\u00a0Onte Fungal\u00a0\u00bb pour \u00e9liminer les champignons des ongles et des doigts. Ce produit innovant offre une exp\u00e9rience efficace de soins des pieds et des mains, aidant \u00e0 \u00e9liminer les champignons et \u00e0 restaurer la beaut\u00e9 des ongles et de la peau.<\/span><\/p>\n","protected":false},"featured_media":22421,"comment_status":"open","ping_status":"closed","template":"","meta":[],"product_brand":[],"product_cat":[139],"product_tag":[],"class_list":{"0":"post-22420","1":"product","2":"type-product","3":"status-publish","4":"has-post-thumbnail","6":"product_cat-autre","8":"first","9":"instock","10":"taxable","11":"shipping-taxable","12":"purchasable","13":"product-type-simple"},"_links":{"self":[{"href":"https:\/\/akcharcosmetics.com\/fr\/wp-json\/wp\/v2\/product\/22420","targetHints":{"allow":["GET"]}}],"collection":[{"href":"https:\/\/akcharcosmetics.com\/fr\/wp-json\/wp\/v2\/product"}],"about":[{"href":"https:\/\/akcharcosmetics.com\/fr\/wp-json\/wp\/v2\/types\/product"}],"replies":[{"embeddable":true,"href":"https:\/\/akcharcosmetics.com\/fr\/wp-json\/wp\/v2\/comments?post=22420"}],"version-history":[{"count":2,"href":"https:\/\/akcharcosmetics.com\/fr\/wp-json\/wp\/v2\/product\/22420\/revisions"}],"predecessor-version":[{"id":22434,"href":"https:\/\/akcharcosmetics.com\/fr\/wp-json\/wp\/v2\/product\/22420\/revisions\/22434"}],"wp:featuredmedia":[{"embeddable":true,"href":"https:\/\/akcharcosmetics.com\/fr\/wp-json\/wp\/v2\/media\/22421"}],"wp:attachment":[{"href":"https:\/\/akcharcosmetics.com\/fr\/wp-json\/wp\/v2\/media?parent=22420"}],"wp:term":[{"taxonomy":"product_brand","embeddable":true,"href":"https:\/\/akcharcosmetics.com\/fr\/wp-json\/wp\/v2\/product_brand?post=22420"},{"taxonomy":"product_cat","embeddable":true,"href":"https:\/\/akcharcosmetics.com\/fr\/wp-json\/wp\/v2\/product_cat?post=22420"},{"taxonomy":"product_tag","embeddable":true,"href":"https:\/\/akcharcosmetics.com\/fr\/wp-json\/wp\/v2\/product_tag?post=22420"}],"curies":[{"name":"wp","href":"https:\/\/api.w.org\/{rel}","templated":true}]}}