{"id":22405,"date":"2024-02-08T10:18:06","date_gmt":"2024-02-08T10:18:06","guid":{"rendered":"https:\/\/akcharcosmetics.com\/?post_type=product&#038;p=22405"},"modified":"2025-05-31T04:59:07","modified_gmt":"2025-05-31T04:59:07","slug":"suppositoires-pour-les-femmes-pour-lagrandissement-des-fesses-et-le-soulagement-des-rhumatismes-et-du-froid","status":"publish","type":"product","link":"https:\/\/akcharcosmetics.com\/fr\/produit\/suppositoires-pour-les-femmes-pour-lagrandissement-des-fesses-et-le-soulagement-des-rhumatismes-et-du-froid\/","title":{"rendered":"Suppositoires pour les femmes &#8211; Pour l&rsquo;agrandissement des fesses et le soulagement des rhumatismes et du froid"},"content":{"rendered":"<p><span style=\"font-weight: 400;\">Les suppositoires Akshar sont des produits fabriqu\u00e9s \u00e0 partir de mat\u00e9riaux 100% naturels et sont utilis\u00e9s \u00e0 diverses fins. En plus de prendre soin des zones sensibles et f\u00e9minines et de les mettre en valeur, ces suppositoires sont \u00e9galement utiles pour soulager le froid et les douleurs associ\u00e9es au cycle menstruel. Avec une utilisation r\u00e9guli\u00e8re, vous observerez une am\u00e9lioration de la zone abdominale, aidant \u00e0 \u00e9liminer les gaz accumul\u00e9s dans les intestins et \u00e0 r\u00e9duire les ballonnements.<\/span><\/p>\n<p>&nbsp;<\/p>\n<p><span style=\"font-weight: 400;\">Les femmes sont toujours \u00e0 la recherche de moyens naturels et efficaces pour prendre soin de leur corps, et les suppositoires Akshar se pr\u00e9sentent comme une option ax\u00e9e sur le soin des zones sensibles de mani\u00e8re saine et naturelle.<\/span><\/p>\n<p>&nbsp;<\/p>\n<p><b>Mode d&rsquo;utilisation :<\/b><\/p>\n<ul>\n<li style=\"font-weight: 400;\" aria-level=\"1\"><span style=\"font-weight: 400;\">Ins\u00e9rez l&rsquo;un de ces suppositoires dans le rectum, puis consommez imm\u00e9diatement une boisson chaude en \u00e9vitant compl\u00e8tement les boissons froides pour des r\u00e9sultats rapides et garantis.<\/span><\/li>\n<li style=\"font-weight: 400;\" aria-level=\"1\"><span style=\"font-weight: 400;\">Utilisez-le quotidiennement avant le coucher pour obtenir la taille de fesses souhait\u00e9e.<\/span><\/li>\n<li style=\"font-weight: 400;\" aria-level=\"1\"><span style=\"font-weight: 400;\">Massez les fesses en mouvements circulaires pour stimuler la circulation sanguine et aider \u00e0 la prise de poids, puis couchez-vous pour dormir par la suite.<\/span><\/li>\n<li style=\"font-weight: 400;\" aria-level=\"1\"><span style=\"font-weight: 400;\">Deux suppositoires peuvent \u00eatre utilis\u00e9s par jour, un le matin et un le soir, apr\u00e8s 15 jours \u00e0 partir du d\u00e9but de l&rsquo;utilisation.<\/span><\/li>\n<li style=\"font-weight: 400;\" aria-level=\"1\"><span style=\"font-weight: 400;\">Augmentez votre consommation de l\u00e9gumes, de fruits et de prot\u00e9ines (\u0153ufs, lait, blanc de poulet, sardines).<\/span><\/li>\n<li style=\"font-weight: 400;\" aria-level=\"1\"><span style=\"font-weight: 400;\">Apr\u00e8s un mois d&rsquo;utilisation de cette recette en suivant correctement les instructions, vous remarquerez la diff\u00e9rence.<\/span><\/li>\n<li style=\"font-weight: 400;\" aria-level=\"1\"><span style=\"font-weight: 400;\">Il est conseill\u00e9 de transf\u00e9rer les suppositoires dans un r\u00e9cipient en verre pour en pr\u00e9server la fra\u00eecheur.<\/span><\/li>\n<\/ul>\n<p><b>\u00c9vitez de faire ceci :<\/b><\/p>\n<ul>\n<li style=\"font-weight: 400;\" aria-level=\"1\"><span style=\"font-weight: 400;\">\u00c9loignez-vous des boissons froides et gazeuses.<\/span><\/li>\n<li style=\"font-weight: 400;\" aria-level=\"1\"><span style=\"font-weight: 400;\">\u00c9vitez de marcher pieds nus.<\/span><\/li>\n<li style=\"font-weight: 400;\" aria-level=\"1\"><span style=\"font-weight: 400;\">Pendant le cycle menstruel, il est pr\u00e9f\u00e9rable de cesser d&rsquo;utiliser les suppositoires jusqu&rsquo;\u00e0 la fin de la p\u00e9riode menstruelle.<\/span><\/li>\n<\/ul>\n","protected":false},"excerpt":{"rendered":"<p><span style=\"font-weight: 400;\">Les femmes ont besoin de soins complets et int\u00e9gr\u00e9s pour elles-m\u00eames, comprenant des soins de la peau, des soins corporels g\u00e9n\u00e9raux et des soins des zones sensibles et f\u00e9minines. De nombreuses femmes sont d\u00e9sireuses de trouver des produits qui les aident \u00e0 prendre soin de ces zones de mani\u00e8re saine et naturelle.<\/span><\/p>\n","protected":false},"featured_media":22409,"comment_status":"open","ping_status":"closed","template":"","meta":[],"product_brand":[],"product_cat":[139],"product_tag":[],"class_list":{"0":"post-22405","1":"product","2":"type-product","3":"status-publish","4":"has-post-thumbnail","6":"product_cat-autre","8":"first","9":"instock","10":"taxable","11":"shipping-taxable","12":"purchasable","13":"product-type-simple"},"_links":{"self":[{"href":"https:\/\/akcharcosmetics.com\/fr\/wp-json\/wp\/v2\/product\/22405","targetHints":{"allow":["GET"]}}],"collection":[{"href":"https:\/\/akcharcosmetics.com\/fr\/wp-json\/wp\/v2\/product"}],"about":[{"href":"https:\/\/akcharcosmetics.com\/fr\/wp-json\/wp\/v2\/types\/product"}],"replies":[{"embeddable":true,"href":"https:\/\/akcharcosmetics.com\/fr\/wp-json\/wp\/v2\/comments?post=22405"}],"version-history":[{"count":1,"href":"https:\/\/akcharcosmetics.com\/fr\/wp-json\/wp\/v2\/product\/22405\/revisions"}],"predecessor-version":[{"id":22415,"href":"https:\/\/akcharcosmetics.com\/fr\/wp-json\/wp\/v2\/product\/22405\/revisions\/22415"}],"wp:featuredmedia":[{"embeddable":true,"href":"https:\/\/akcharcosmetics.com\/fr\/wp-json\/wp\/v2\/media\/22409"}],"wp:attachment":[{"href":"https:\/\/akcharcosmetics.com\/fr\/wp-json\/wp\/v2\/media?parent=22405"}],"wp:term":[{"taxonomy":"product_brand","embeddable":true,"href":"https:\/\/akcharcosmetics.com\/fr\/wp-json\/wp\/v2\/product_brand?post=22405"},{"taxonomy":"product_cat","embeddable":true,"href":"https:\/\/akcharcosmetics.com\/fr\/wp-json\/wp\/v2\/product_cat?post=22405"},{"taxonomy":"product_tag","embeddable":true,"href":"https:\/\/akcharcosmetics.com\/fr\/wp-json\/wp\/v2\/product_tag?post=22405"}],"curies":[{"name":"wp","href":"https:\/\/api.w.org\/{rel}","templated":true}]}}