{"id":22389,"date":"2024-02-08T10:11:59","date_gmt":"2024-02-08T10:11:59","guid":{"rendered":"https:\/\/akcharcosmetics.com\/?post_type=product&#038;p=22389"},"modified":"2025-06-05T11:45:38","modified_gmt":"2025-06-05T11:45:38","slug":"gentle-milk-exfoliant-et-eclaircissant-pour-le-visage","status":"publish","type":"product","link":"https:\/\/akcharcosmetics.com\/fr\/produit\/gentle-milk-exfoliant-et-eclaircissant-pour-le-visage\/","title":{"rendered":"Gentle Milk &#8211; Exfoliant et \u00e9claircissant pour le visage"},"content":{"rendered":"<p><b>Caract\u00e9ristiques de l&rsquo;exfoliant facial naturel :<\/b><\/p>\n<p><b>Exfoliation efficace : <\/b><span style=\"font-weight: 400;\">L&rsquo;exfoliant contient des particules fines qui aident \u00e0 \u00e9liminer les cellules mortes de la peau et les impuret\u00e9s de sa surface, la laissant ainsi douce et radieuse.<\/span><\/p>\n<p><b>\u00c9claircissement de la peau :<\/b><span style=\"font-weight: 400;\"> Gr\u00e2ce \u00e0 sa formule efficace, l&rsquo;exfoliant aide \u00e0 \u00e9claircir le teint et \u00e0 unifier la couleur de la peau, vous donnant ainsi une peau lumineuse et \u00e9clatante.<\/span><\/p>\n<p><b>Hydratation parfaite : <\/b><span style=\"font-weight: 400;\">L&rsquo;exfoliant contient des compos\u00e9s hydratants qui aident \u00e0 hydrater la peau pendant le processus d&rsquo;exfoliation, pr\u00e9servant ainsi sa douceur et son \u00e9lasticit\u00e9.<\/span><\/p>\n<p><b>Convient \u00e0 tous les types de peau : <\/b><span style=\"font-weight: 400;\">Sa formule douce le rend adapt\u00e9 \u00e0 une utilisation sur tous les types de peau, y compris les peaux sensibles.<\/span><\/p>\n<p><span style=\"font-weight: 400;\">Essayez d\u00e8s maintenant l&rsquo;exfoliant \u00ab\u00a0Gentle Milk\u00a0\u00bb et profitez d&rsquo;une peau pure et lumineuse qui mettra en valeur votre beaut\u00e9 naturelle avec \u00e9l\u00e9gance.<\/span><\/p>\n","protected":false},"excerpt":{"rendered":"<p><span style=\"font-weight: 400;\">Profitez d&rsquo;une peau de visage propre et lumineuse avec \u00ab\u00a0Gentle Milk\u00a0\u00bb. Cet exfoliant naturel innovant est une solution efficace pour \u00e9liminer les cellules mortes de la peau et \u00e9claircir le teint, vous donnant ainsi une apparence jeune et saine.<\/span><\/p>\n","protected":false},"featured_media":22394,"comment_status":"open","ping_status":"closed","template":"","meta":[],"product_brand":[],"product_cat":[237],"product_tag":[],"class_list":{"0":"post-22389","1":"product","2":"type-product","3":"status-publish","4":"has-post-thumbnail","6":"product_cat-gels","8":"first","9":"instock","10":"taxable","11":"shipping-taxable","12":"purchasable","13":"product-type-simple"},"_links":{"self":[{"href":"https:\/\/akcharcosmetics.com\/fr\/wp-json\/wp\/v2\/product\/22389","targetHints":{"allow":["GET"]}}],"collection":[{"href":"https:\/\/akcharcosmetics.com\/fr\/wp-json\/wp\/v2\/product"}],"about":[{"href":"https:\/\/akcharcosmetics.com\/fr\/wp-json\/wp\/v2\/types\/product"}],"replies":[{"embeddable":true,"href":"https:\/\/akcharcosmetics.com\/fr\/wp-json\/wp\/v2\/comments?post=22389"}],"version-history":[{"count":1,"href":"https:\/\/akcharcosmetics.com\/fr\/wp-json\/wp\/v2\/product\/22389\/revisions"}],"predecessor-version":[{"id":22400,"href":"https:\/\/akcharcosmetics.com\/fr\/wp-json\/wp\/v2\/product\/22389\/revisions\/22400"}],"wp:featuredmedia":[{"embeddable":true,"href":"https:\/\/akcharcosmetics.com\/fr\/wp-json\/wp\/v2\/media\/22394"}],"wp:attachment":[{"href":"https:\/\/akcharcosmetics.com\/fr\/wp-json\/wp\/v2\/media?parent=22389"}],"wp:term":[{"taxonomy":"product_brand","embeddable":true,"href":"https:\/\/akcharcosmetics.com\/fr\/wp-json\/wp\/v2\/product_brand?post=22389"},{"taxonomy":"product_cat","embeddable":true,"href":"https:\/\/akcharcosmetics.com\/fr\/wp-json\/wp\/v2\/product_cat?post=22389"},{"taxonomy":"product_tag","embeddable":true,"href":"https:\/\/akcharcosmetics.com\/fr\/wp-json\/wp\/v2\/product_tag?post=22389"}],"curies":[{"name":"wp","href":"https:\/\/api.w.org\/{rel}","templated":true}]}}