{"id":22374,"date":"2024-02-08T10:06:27","date_gmt":"2024-02-08T10:06:27","guid":{"rendered":"https:\/\/akcharcosmetics.com\/?post_type=product&#038;p=22374"},"modified":"2024-11-17T01:19:26","modified_gmt":"2024-11-17T01:19:26","slug":"vibe-mens-exfoliant-et-eclaircissant-pour-le-visage-pour-hommes","status":"publish","type":"product","link":"https:\/\/akcharcosmetics.com\/fr\/produit\/vibe-mens-exfoliant-et-eclaircissant-pour-le-visage-pour-hommes\/","title":{"rendered":"Vibe Men&rsquo;s &#8211; Exfoliant et \u00c9claircissant pour le Visage pour Hommes"},"content":{"rendered":"<p><b>Caract\u00e9ristiques de l&rsquo;exfoliant et \u00e9claircissant pour le visage pour hommes :<\/b><\/p>\n<p><b>Exfoliation efficace :<\/b><span style=\"font-weight: 400;\"> L&rsquo;exfoliant contient de petites particules qui \u00e9liminent les cellules mortes et les impuret\u00e9s de la surface de la peau, la laissant douce et lumineuse.<\/span><\/p>\n<p><b>\u00c9claircissement de la peau : <\/b><span style=\"font-weight: 400;\">Gr\u00e2ce \u00e0 sa formule sp\u00e9ciale, l&rsquo;exfoliant aide \u00e0 \u00e9claircir le teint et \u00e0 unifier la peau, vous offrant une peau lumineuse et \u00e9clatante.<\/span><\/p>\n<p><b>Convient \u00e0 tous les types de peau :<\/b><span style=\"font-weight: 400;\"> Sa formule l\u00e9g\u00e8re le rend adapt\u00e9 \u00e0 une utilisation sur tous les types de peau, y compris les peaux grasses.<\/span><\/p>\n<p><b>Hydratation optimale :<\/b><span style=\"font-weight: 400;\"> L&rsquo;exfoliant contient des agents hydratants qui aident \u00e0 hydrater la peau pendant le processus d&rsquo;exfoliation, maintenant la douceur et la fra\u00eecheur de la peau.<\/span><\/p>\n<p><b>Parfum rafra\u00eechissant :<\/b><span style=\"font-weight: 400;\"> L&rsquo;exfoliant vous offre un parfum frais et masculin, ajoutant une sensation de fra\u00eecheur \u00e0 votre exp\u00e9rience d&rsquo;utilisation.<\/span><\/p>\n<p><span style=\"font-weight: 400;\">Essayez \u00ab\u00a0Vibe Men&rsquo;s\u00a0\u00bb d\u00e8s maintenant et profitez d&rsquo;une peau douce et lumineuse qui met en valeur votre beaut\u00e9 naturelle avec virilit\u00e9 et \u00e9l\u00e9gance.<\/span><\/p>\n","protected":false},"excerpt":{"rendered":"<p><span style=\"font-weight: 400;\">Pour obtenir une peau nette et claire, nous pr\u00e9sentons \u00ab\u00a0Vibe Man&rsquo;s\u00a0\u00bb, un exfoliant et \u00e9claircissant pour le visage pour hommes. Ce gel innovant offre une exp\u00e9rience unique pour \u00e9liminer les cellules mortes et \u00e9claircir la peau, vous donnant un aspect jeune et \u00e9clatant.<\/span><\/p>\n","protected":false},"featured_media":22378,"comment_status":"open","ping_status":"closed","template":"","meta":[],"product_brand":[],"product_cat":[237],"product_tag":[],"class_list":{"0":"post-22374","1":"product","2":"type-product","3":"status-publish","4":"has-post-thumbnail","6":"product_cat-gels","8":"first","9":"instock","10":"taxable","11":"shipping-taxable","12":"purchasable","13":"product-type-simple"},"_links":{"self":[{"href":"https:\/\/akcharcosmetics.com\/fr\/wp-json\/wp\/v2\/product\/22374","targetHints":{"allow":["GET"]}}],"collection":[{"href":"https:\/\/akcharcosmetics.com\/fr\/wp-json\/wp\/v2\/product"}],"about":[{"href":"https:\/\/akcharcosmetics.com\/fr\/wp-json\/wp\/v2\/types\/product"}],"replies":[{"embeddable":true,"href":"https:\/\/akcharcosmetics.com\/fr\/wp-json\/wp\/v2\/comments?post=22374"}],"version-history":[{"count":2,"href":"https:\/\/akcharcosmetics.com\/fr\/wp-json\/wp\/v2\/product\/22374\/revisions"}],"predecessor-version":[{"id":22390,"href":"https:\/\/akcharcosmetics.com\/fr\/wp-json\/wp\/v2\/product\/22374\/revisions\/22390"}],"wp:featuredmedia":[{"embeddable":true,"href":"https:\/\/akcharcosmetics.com\/fr\/wp-json\/wp\/v2\/media\/22378"}],"wp:attachment":[{"href":"https:\/\/akcharcosmetics.com\/fr\/wp-json\/wp\/v2\/media?parent=22374"}],"wp:term":[{"taxonomy":"product_brand","embeddable":true,"href":"https:\/\/akcharcosmetics.com\/fr\/wp-json\/wp\/v2\/product_brand?post=22374"},{"taxonomy":"product_cat","embeddable":true,"href":"https:\/\/akcharcosmetics.com\/fr\/wp-json\/wp\/v2\/product_cat?post=22374"},{"taxonomy":"product_tag","embeddable":true,"href":"https:\/\/akcharcosmetics.com\/fr\/wp-json\/wp\/v2\/product_tag?post=22374"}],"curies":[{"name":"wp","href":"https:\/\/api.w.org\/{rel}","templated":true}]}}