{"id":22288,"date":"2024-02-07T14:55:41","date_gmt":"2024-02-07T14:55:41","guid":{"rendered":"https:\/\/akcharcosmetics.com\/?post_type=product&#038;p=22288"},"modified":"2025-06-03T01:43:33","modified_gmt":"2025-06-03T01:43:33","slug":"gel-mousseux-gel-nettoyant-visage-pour-hommes-a-laloe-vera","status":"publish","type":"product","link":"https:\/\/akcharcosmetics.com\/fr\/produit\/gel-mousseux-gel-nettoyant-visage-pour-hommes-a-laloe-vera\/","title":{"rendered":"Gel Mousseux &#8211; Gel Nettoyant Visage pour Hommes \u00e0 l&rsquo;Aloe Vera"},"content":{"rendered":"<p><b>Caract\u00e9ristiques du \u00ab\u00a0Gel Mousseux\u00a0\u00bb pour Hommes :<\/b><\/p>\n<p>&nbsp;<\/p>\n<p><b>Formule rafra\u00eechissante \u00e0 l&rsquo;aloe vera :<\/b><span style=\"font-weight: 400;\"> Le gel contient de l&rsquo;extrait d&rsquo;aloe vera naturel, qui hydrate et nettoie la peau en profondeur, vous procurant une sensation de fra\u00eecheur et de confort.<\/span><\/p>\n<p>&nbsp;<\/p>\n<p><b>Nettoyage efficace :<\/b><span style=\"font-weight: 400;\"> La formule du gel, tr\u00e8s hydratante, nettoie le visage en profondeur, \u00e9limine les impuret\u00e9s et l&rsquo;exc\u00e8s de s\u00e9bum sans affecter l&rsquo;\u00e9quilibre naturel de la peau.<\/span><\/p>\n<p>&nbsp;<\/p>\n<p><b>Convient \u00e0 tous les types de peau :<\/b><span style=\"font-weight: 400;\"> Le produit est con\u00e7u pour convenir \u00e0 tous les types de peau, y compris les peaux grasses et sensibles, en faisant un choix id\u00e9al pour tous les hommes.<\/span><\/p>\n<p>&nbsp;<\/p>\n<p><b>Parfum naturel :<\/b><span style=\"font-weight: 400;\"> Profitez d&rsquo;une odeur fra\u00eeche et virile qui ajoute une touche d&rsquo;\u00e9l\u00e9gance \u00e0 votre routine quotidienne de soins.<\/span><\/p>\n<p>&nbsp;<\/p>\n<p><b>Facilit\u00e9 d&rsquo;utilisation :<\/b><span style=\"font-weight: 400;\"> Le gel est dot\u00e9 d&rsquo;un design efficace qui rend l&rsquo;application facile et rapide, en en faisant un \u00e9l\u00e9ment essentiel de votre routine de soins quotidiens.<\/span><\/p>\n<p>&nbsp;<\/p>\n<p><span style=\"font-weight: 400;\">Commandez-le maintenant et pr\u00e9parez-vous pour une exp\u00e9rience unique avec \u00ab\u00a0Gel Mousseux\u00a0\u00bb, en profitant d&rsquo;une peau rafra\u00eechie et d&rsquo;un aspect plus dynamique. Faites de ce gel un \u00e9l\u00e9ment essentiel de votre routine de soins de la peau pour obtenir les meilleurs r\u00e9sultats.<\/span><\/p>\n","protected":false},"excerpt":{"rendered":"<p><span style=\"font-weight: 400;\">Pr\u00e9parez-vous pour un voyage de nettoyage efficace et rafra\u00eechissant avec \u00ab\u00a0Gel Mousseux\u00a0\u00bb, le gel nettoyant visage pour hommes \u00e0 l&rsquo;aloe vera. Ce produit innovant est sp\u00e9cialement con\u00e7u pour r\u00e9pondre aux besoins de la peau masculine, offrant une exp\u00e9rience de nettoyage id\u00e9ale qui adoucit d\u00e9licatement la peau et la revitalise pour un teint frais et \u00e9clatant.<\/span><\/p>\n","protected":false},"featured_media":22295,"comment_status":"open","ping_status":"closed","template":"","meta":[],"product_brand":[],"product_cat":[237],"product_tag":[],"class_list":{"0":"post-22288","1":"product","2":"type-product","3":"status-publish","4":"has-post-thumbnail","6":"product_cat-gels","8":"first","9":"instock","10":"taxable","11":"shipping-taxable","12":"purchasable","13":"product-type-simple"},"_links":{"self":[{"href":"https:\/\/akcharcosmetics.com\/fr\/wp-json\/wp\/v2\/product\/22288","targetHints":{"allow":["GET"]}}],"collection":[{"href":"https:\/\/akcharcosmetics.com\/fr\/wp-json\/wp\/v2\/product"}],"about":[{"href":"https:\/\/akcharcosmetics.com\/fr\/wp-json\/wp\/v2\/types\/product"}],"replies":[{"embeddable":true,"href":"https:\/\/akcharcosmetics.com\/fr\/wp-json\/wp\/v2\/comments?post=22288"}],"version-history":[{"count":1,"href":"https:\/\/akcharcosmetics.com\/fr\/wp-json\/wp\/v2\/product\/22288\/revisions"}],"predecessor-version":[{"id":22298,"href":"https:\/\/akcharcosmetics.com\/fr\/wp-json\/wp\/v2\/product\/22288\/revisions\/22298"}],"wp:featuredmedia":[{"embeddable":true,"href":"https:\/\/akcharcosmetics.com\/fr\/wp-json\/wp\/v2\/media\/22295"}],"wp:attachment":[{"href":"https:\/\/akcharcosmetics.com\/fr\/wp-json\/wp\/v2\/media?parent=22288"}],"wp:term":[{"taxonomy":"product_brand","embeddable":true,"href":"https:\/\/akcharcosmetics.com\/fr\/wp-json\/wp\/v2\/product_brand?post=22288"},{"taxonomy":"product_cat","embeddable":true,"href":"https:\/\/akcharcosmetics.com\/fr\/wp-json\/wp\/v2\/product_cat?post=22288"},{"taxonomy":"product_tag","embeddable":true,"href":"https:\/\/akcharcosmetics.com\/fr\/wp-json\/wp\/v2\/product_tag?post=22288"}],"curies":[{"name":"wp","href":"https:\/\/api.w.org\/{rel}","templated":true}]}}