{"id":22188,"date":"2024-02-07T11:36:42","date_gmt":"2024-02-07T11:36:42","guid":{"rendered":"https:\/\/akcharcosmetics.com\/?post_type=product&#038;p=22188"},"modified":"2025-05-31T07:44:41","modified_gmt":"2025-05-31T07:44:41","slug":"serum-pour-la-barbe-pour-la-croissance-et-lepaississement-de-la-barbe","status":"publish","type":"product","link":"https:\/\/akcharcosmetics.com\/fr\/produit\/serum-pour-la-barbe-pour-la-croissance-et-lepaississement-de-la-barbe\/","title":{"rendered":"S\u00e9rum pour la Barbe &#8211; Pour la Croissance et l&rsquo;\u00c9paississement de la Barbe"},"content":{"rendered":"<p><b>Caract\u00e9ristiques du s\u00e9rum pour la barbe:<\/b><\/p>\n<p>&nbsp;<\/p>\n<p><b>Stimulation de la croissance de la barbe :<\/b><span style=\"font-weight: 400;\"> Une formule unique contenant des ingr\u00e9dients naturels actifs qui aident \u00e0 stimuler la croissance de la barbe de mani\u00e8re saine et acc\u00e9l\u00e9r\u00e9e.<\/span><\/p>\n<p><b>Augmentation de la taille de la barbe :<\/b><span style=\"font-weight: 400;\"> Gr\u00e2ce \u00e0 l&rsquo;extrait d&rsquo;ingr\u00e9dients naturels, le s\u00e9rum aide \u00e0 augmenter la taille et la densit\u00e9 de la barbe, am\u00e9liorant ainsi son apparence esth\u00e9tique.<\/span><\/p>\n<p>&nbsp;<\/p>\n<p><b>Nutrition profonde :<\/b><span style=\"font-weight: 400;\"> Le s\u00e9rum contient une gamme de vitamines et d&rsquo;huiles naturelles qui nourrissent la barbe et favorisent sa sant\u00e9 g\u00e9n\u00e9rale.<\/span><\/p>\n<p>&nbsp;<\/p>\n<p><b>Hydratation efficace :<\/b><span style=\"font-weight: 400;\"> Des compos\u00e9s hydratants de qualit\u00e9 contribuent \u00e0 maintenir la douceur de la barbe et sa flexibilit\u00e9.<\/span><\/p>\n<p>&nbsp;<\/p>\n<p><b>Facilit\u00e9 d&rsquo;application :<\/b><span style=\"font-weight: 400;\"> Le design du s\u00e9rum le rend facile \u00e0 utiliser, vous permettant de l&rsquo;int\u00e9grer facilement dans votre routine quotidienne de soins.<\/span><\/p>\n<p>&nbsp;<\/p>\n<p><span style=\"font-weight: 400;\">Commandez-le maintenant et profitez d&rsquo;une barbe dense et attrayante avec le s\u00e9rum pour la barbe, stimulant la croissance et augmentant l&rsquo;\u00e9paisseur. Essayez ce s\u00e9rum exceptionnel en tant que partie de votre routine quotidienne pour obtenir les meilleurs r\u00e9sultats et atteindre l&rsquo;aspect id\u00e9al de votre barbe.<\/span><\/p>\n","protected":false},"excerpt":{"rendered":"<p><span style=\"font-weight: 400;\">Pr\u00e9parez-vous \u00e0 obtenir une barbe dense et impressionnante avec le s\u00e9rum pour la barbe, stimulant la croissance des poils et l&rsquo;\u00e9paississement de la barbe. Ce s\u00e9rum avanc\u00e9 offre une solution efficace pour encourager la croissance de la barbe et augmenter son volume, lui donnant un aspect sain et s\u00e9duisant.<\/span><\/p>\n","protected":false},"featured_media":22201,"comment_status":"open","ping_status":"closed","template":"","meta":[],"product_brand":[],"product_cat":[75,84],"product_tag":[],"class_list":{"0":"post-22188","1":"product","2":"type-product","3":"status-publish","4":"has-post-thumbnail","6":"product_cat-les-serums","7":"product_cat-soin-des-cheveux","9":"first","10":"instock","11":"taxable","12":"shipping-taxable","13":"purchasable","14":"product-type-simple"},"_links":{"self":[{"href":"https:\/\/akcharcosmetics.com\/fr\/wp-json\/wp\/v2\/product\/22188","targetHints":{"allow":["GET"]}}],"collection":[{"href":"https:\/\/akcharcosmetics.com\/fr\/wp-json\/wp\/v2\/product"}],"about":[{"href":"https:\/\/akcharcosmetics.com\/fr\/wp-json\/wp\/v2\/types\/product"}],"replies":[{"embeddable":true,"href":"https:\/\/akcharcosmetics.com\/fr\/wp-json\/wp\/v2\/comments?post=22188"}],"version-history":[{"count":1,"href":"https:\/\/akcharcosmetics.com\/fr\/wp-json\/wp\/v2\/product\/22188\/revisions"}],"predecessor-version":[{"id":22204,"href":"https:\/\/akcharcosmetics.com\/fr\/wp-json\/wp\/v2\/product\/22188\/revisions\/22204"}],"wp:featuredmedia":[{"embeddable":true,"href":"https:\/\/akcharcosmetics.com\/fr\/wp-json\/wp\/v2\/media\/22201"}],"wp:attachment":[{"href":"https:\/\/akcharcosmetics.com\/fr\/wp-json\/wp\/v2\/media?parent=22188"}],"wp:term":[{"taxonomy":"product_brand","embeddable":true,"href":"https:\/\/akcharcosmetics.com\/fr\/wp-json\/wp\/v2\/product_brand?post=22188"},{"taxonomy":"product_cat","embeddable":true,"href":"https:\/\/akcharcosmetics.com\/fr\/wp-json\/wp\/v2\/product_cat?post=22188"},{"taxonomy":"product_tag","embeddable":true,"href":"https:\/\/akcharcosmetics.com\/fr\/wp-json\/wp\/v2\/product_tag?post=22188"}],"curies":[{"name":"wp","href":"https:\/\/api.w.org\/{rel}","templated":true}]}}