{"id":22140,"date":"2024-02-06T15:03:37","date_gmt":"2024-02-06T15:03:37","guid":{"rendered":"https:\/\/akcharcosmetics.com\/?post_type=product&#038;p=22140"},"modified":"2025-06-02T12:10:29","modified_gmt":"2025-06-02T12:10:29","slug":"bright-glow-creme-eclaircissante-et-anti-poches-sous-les-yeux","status":"publish","type":"product","link":"https:\/\/akcharcosmetics.com\/fr\/produit\/bright-glow-creme-eclaircissante-et-anti-poches-sous-les-yeux\/","title":{"rendered":"Bright Glow &#8211; Cr\u00e8me \u00e9claircissante et anti-poches sous les yeux"},"content":{"rendered":"<p><b>Caract\u00e9ristiques et avantages de la cr\u00e8me \u00e9claircissante et anti-poches sous les yeux :<\/b><\/p>\n<p><b>\u00c9claircissement de la peau :<\/b><span style=\"font-weight: 400;\"> La cr\u00e8me contient des ingr\u00e9dients efficaces qui agissent pour \u00e9claircir la couleur de la peau sous les yeux et uniformiser le teint.<\/span><\/p>\n<p><b>\u00c9limination des poches :<\/b><span style=\"font-weight: 400;\"> Gr\u00e2ce \u00e0 sa formule naturelle sp\u00e9ciale, la cr\u00e8me r\u00e9duit les poches g\u00eanantes sous les yeux, donnant un aspect plus ferme et dynamique.<\/span><\/p>\n<p><b>Stimulation de la circulation sanguine :<\/b><span style=\"font-weight: 400;\"> La cr\u00e8me aide \u00e0 stimuler la circulation sanguine autour de la zone des yeux, ce qui contribue \u00e0 r\u00e9duire l&rsquo;apparence des cernes et \u00e0 am\u00e9liorer l&rsquo;aspect de la peau.<\/span><\/p>\n<p><b>Hydratation intensive :<\/b><span style=\"font-weight: 400;\"> La cr\u00e8me contient des compos\u00e9s hydratants naturels qui aident \u00e0 hydrater la peau d\u00e9licate sous les yeux et \u00e0 pr\u00e9venir sa s\u00e9cheresse.<\/span><\/p>\n<p><b>Facilit\u00e9 d&rsquo;utilisation :<\/b><span style=\"font-weight: 400;\"> La conception de la cr\u00e8me facilite son application, pouvant \u00eatre int\u00e9gr\u00e9e facilement dans la routine quotidienne de soins de la peau.<\/span><\/p>\n<p><span style=\"font-weight: 400;\">Faites de \u00ab\u00a0Bright Glow\u00a0\u00bb une partie de votre routine quotidienne de soins pour obtenir une peau autour des yeux lumineuse et radieuse avec un aspect jeune et \u00e9clatant.<\/span><\/p>\n","protected":false},"excerpt":{"rendered":"<p><span style=\"font-weight: 400;\">D\u00e9couvrez le secret de la beaut\u00e9 de vos yeux avec la cr\u00e8me Bright Glow pour \u00e9claircir et \u00e9liminer les poches sous les yeux. Cette cr\u00e8me innovante agit pour \u00e9claircir la zone autour des yeux, r\u00e9duire les poches et les cernes, vous offrant ainsi un regard frais et jeune.<\/span><\/p>\n","protected":false},"featured_media":22144,"comment_status":"open","ping_status":"closed","template":"","meta":[],"product_brand":[],"product_cat":[97],"product_tag":[],"class_list":{"0":"post-22140","1":"product","2":"type-product","3":"status-publish","4":"has-post-thumbnail","6":"product_cat-les-cremes","8":"first","9":"instock","10":"taxable","11":"shipping-taxable","12":"purchasable","13":"product-type-simple"},"_links":{"self":[{"href":"https:\/\/akcharcosmetics.com\/fr\/wp-json\/wp\/v2\/product\/22140","targetHints":{"allow":["GET"]}}],"collection":[{"href":"https:\/\/akcharcosmetics.com\/fr\/wp-json\/wp\/v2\/product"}],"about":[{"href":"https:\/\/akcharcosmetics.com\/fr\/wp-json\/wp\/v2\/types\/product"}],"replies":[{"embeddable":true,"href":"https:\/\/akcharcosmetics.com\/fr\/wp-json\/wp\/v2\/comments?post=22140"}],"version-history":[{"count":1,"href":"https:\/\/akcharcosmetics.com\/fr\/wp-json\/wp\/v2\/product\/22140\/revisions"}],"predecessor-version":[{"id":22150,"href":"https:\/\/akcharcosmetics.com\/fr\/wp-json\/wp\/v2\/product\/22140\/revisions\/22150"}],"wp:featuredmedia":[{"embeddable":true,"href":"https:\/\/akcharcosmetics.com\/fr\/wp-json\/wp\/v2\/media\/22144"}],"wp:attachment":[{"href":"https:\/\/akcharcosmetics.com\/fr\/wp-json\/wp\/v2\/media?parent=22140"}],"wp:term":[{"taxonomy":"product_brand","embeddable":true,"href":"https:\/\/akcharcosmetics.com\/fr\/wp-json\/wp\/v2\/product_brand?post=22140"},{"taxonomy":"product_cat","embeddable":true,"href":"https:\/\/akcharcosmetics.com\/fr\/wp-json\/wp\/v2\/product_cat?post=22140"},{"taxonomy":"product_tag","embeddable":true,"href":"https:\/\/akcharcosmetics.com\/fr\/wp-json\/wp\/v2\/product_tag?post=22140"}],"curies":[{"name":"wp","href":"https:\/\/api.w.org\/{rel}","templated":true}]}}