{"id":22061,"date":"2024-02-05T17:20:18","date_gmt":"2024-02-05T17:20:18","guid":{"rendered":"https:\/\/akcharcosmetics.com\/?post_type=product&#038;p=22061"},"modified":"2025-05-31T01:12:33","modified_gmt":"2025-05-31T01:12:33","slug":"serum-de-vitamine-e-pour-le-soin-de-la-peau-nutrition-intense-et-protection-efficace","status":"publish","type":"product","link":"https:\/\/akcharcosmetics.com\/fr\/produit\/serum-de-vitamine-e-pour-le-soin-de-la-peau-nutrition-intense-et-protection-efficace\/","title":{"rendered":"S\u00e9rum de vitamine E pour le soin de la peau : Nutrition intense et protection efficace"},"content":{"rendered":"<p><b>Avantages de la vitamine E pour le soin de la peau :<\/b><\/p>\n<p><b>Nutrition profonde :<\/b><span style=\"font-weight: 400;\"> Le s\u00e9rum contient une formule unique qui nourrit la peau en profondeur, contribuant \u00e0 restaurer sa fra\u00eecheur et sa vitalit\u00e9.<\/span><\/p>\n<p><b>Protection contre les radicaux libres :<\/b><span style=\"font-weight: 400;\"> La vitamine E agit comme un antioxydant efficace, prot\u00e9geant la peau contre les effets nocifs des radicaux libres et contribuant \u00e0 r\u00e9duire les signes du vieillissement pr\u00e9matur\u00e9.<\/span><\/p>\n<p><b>Am\u00e9lioration de l&rsquo;\u00e9lasticit\u00e9 de la peau :<\/b><span style=\"font-weight: 400;\"> Le s\u00e9rum renforce l&rsquo;\u00e9lasticit\u00e9 de la peau et contribue \u00e0 am\u00e9liorer l&rsquo;apparence des lignes, lui conf\u00e9rant une texture douce et \u00e9clatante.<\/span><\/p>\n<p><b>Facilit\u00e9 d&rsquo;absorption : <\/b><span style=\"font-weight: 400;\">La conception l\u00e9g\u00e8re et facilement absorbable du s\u00e9rum le rend adapt\u00e9 \u00e0 une utilisation quotidienne, en constituant une base id\u00e9ale pour la routine quotidienne de soins de la peau.<\/span><\/p>\n<p><span style=\"font-weight: 400;\">Faites du \u00ab\u00a0S\u00e9rum de vitamine E\u00a0\u00bb une partie int\u00e9grante de votre routine quotidienne pour obtenir une peau saine et \u00e9clatante. D\u00e9couvrez la puissance de la vitamine E et son impact positif sur la beaut\u00e9 et la jeunesse de votre peau, faisant de ce s\u00e9rum une solution luxueuse pour prendre soin de votre peau.<\/span><\/p>\n","protected":false},"excerpt":{"rendered":"<p><span style=\"font-weight: 400;\">D\u00e9couvrez le secret de la beaut\u00e9 de votre peau gr\u00e2ce au s\u00e9rum de vitamine E efficace, qui vous offre une exp\u00e9rience unique de soin de la peau. Cette formule avanc\u00e9e se distingue par sa l\u00e9g\u00e8ret\u00e9 et son absorption rapide. La vitamine E est l&rsquo;un des antioxydants les plus puissants qui vous procurera la nutrition et le traitement adapt\u00e9s \u00e0 votre peau.<\/span><\/p>\n","protected":false},"featured_media":22068,"comment_status":"open","ping_status":"closed","template":"","meta":[],"product_brand":[],"product_cat":[75],"product_tag":[],"class_list":{"0":"post-22061","1":"product","2":"type-product","3":"status-publish","4":"has-post-thumbnail","6":"product_cat-les-serums","8":"first","9":"instock","10":"taxable","11":"shipping-taxable","12":"purchasable","13":"product-type-simple"},"_links":{"self":[{"href":"https:\/\/akcharcosmetics.com\/fr\/wp-json\/wp\/v2\/product\/22061","targetHints":{"allow":["GET"]}}],"collection":[{"href":"https:\/\/akcharcosmetics.com\/fr\/wp-json\/wp\/v2\/product"}],"about":[{"href":"https:\/\/akcharcosmetics.com\/fr\/wp-json\/wp\/v2\/types\/product"}],"replies":[{"embeddable":true,"href":"https:\/\/akcharcosmetics.com\/fr\/wp-json\/wp\/v2\/comments?post=22061"}],"version-history":[{"count":2,"href":"https:\/\/akcharcosmetics.com\/fr\/wp-json\/wp\/v2\/product\/22061\/revisions"}],"predecessor-version":[{"id":22076,"href":"https:\/\/akcharcosmetics.com\/fr\/wp-json\/wp\/v2\/product\/22061\/revisions\/22076"}],"wp:featuredmedia":[{"embeddable":true,"href":"https:\/\/akcharcosmetics.com\/fr\/wp-json\/wp\/v2\/media\/22068"}],"wp:attachment":[{"href":"https:\/\/akcharcosmetics.com\/fr\/wp-json\/wp\/v2\/media?parent=22061"}],"wp:term":[{"taxonomy":"product_brand","embeddable":true,"href":"https:\/\/akcharcosmetics.com\/fr\/wp-json\/wp\/v2\/product_brand?post=22061"},{"taxonomy":"product_cat","embeddable":true,"href":"https:\/\/akcharcosmetics.com\/fr\/wp-json\/wp\/v2\/product_cat?post=22061"},{"taxonomy":"product_tag","embeddable":true,"href":"https:\/\/akcharcosmetics.com\/fr\/wp-json\/wp\/v2\/product_tag?post=22061"}],"curies":[{"name":"wp","href":"https:\/\/api.w.org\/{rel}","templated":true}]}}