{"id":22045,"date":"2024-02-05T17:15:17","date_gmt":"2024-02-05T17:15:17","guid":{"rendered":"https:\/\/akcharcosmetics.com\/?post_type=product&#038;p=22045"},"modified":"2025-06-02T20:41:55","modified_gmt":"2025-06-02T20:41:55","slug":"latteluxe-caffeine-serum-a-la-cafeine-pour-le-visage","status":"publish","type":"product","link":"https:\/\/akcharcosmetics.com\/fr\/produit\/latteluxe-caffeine-serum-a-la-cafeine-pour-le-visage\/","title":{"rendered":"LatteLuxe Caffeine &#8211; S\u00e9rum \u00e0 la caf\u00e9ine pour le visage"},"content":{"rendered":"<p><b>Caract\u00e9ristiques du s\u00e9rum \u00e0 la caf\u00e9ine pour la peau:<\/b><\/p>\n<p>&nbsp;<\/p>\n<p><b>Activation de la peau :<\/b><span style=\"font-weight: 400;\"> Le s\u00e9rum contient une formule unique de caf\u00e9ine qui aide \u00e0 activer la peau, lui donnant une touche de fra\u00eecheur et de vitalit\u00e9.<\/span><\/p>\n<p>&nbsp;<\/p>\n<p><b>R\u00e9duction des poches :<\/b><span style=\"font-weight: 400;\"> La caf\u00e9ine aide \u00e0 r\u00e9duire les poches et les gonflements dans la r\u00e9gion des yeux, faisant para\u00eetre la peau plus jeune et \u00e9veill\u00e9e.<\/span><\/p>\n<p>&nbsp;<\/p>\n<p><b>Combat des cernes : <\/b><span style=\"font-weight: 400;\">La formule du s\u00e9rum contient des ingr\u00e9dients efficaces qui aident \u00e0 r\u00e9duire l&rsquo;apparence des cernes, favorisant l&rsquo;\u00e9clat de votre peau.<\/span><\/p>\n<p>&nbsp;<\/p>\n<p><b>Hydratation extr\u00eame :<\/b><span style=\"font-weight: 400;\"> En plus des bienfaits de la caf\u00e9ine, le s\u00e9rum contient des compos\u00e9s hydratants qui aident \u00e0 maintenir la douceur et l&rsquo;\u00e9lasticit\u00e9 de la peau.<\/span><\/p>\n<p>&nbsp;<\/p>\n<p><b>Facilit\u00e9 d&rsquo;absorption :<\/b><span style=\"font-weight: 400;\"> La conception du s\u00e9rum le rend facilement absorbable, ce qui le rend adapt\u00e9 \u00e0 une utilisation quotidienne et avant l&rsquo;application du maquillage.<\/span><\/p>\n<p>&nbsp;<\/p>\n<p><span style=\"font-weight: 400;\">Avec \u00ab\u00a0LatteLuxe Caffeine &#8211; S\u00e9rum \u00e0 la caf\u00e9ine\u00a0\u00bb, offrez \u00e0 votre peau une touche de vitalit\u00e9 et d&rsquo;\u00e9clat. Commandez-le d\u00e8s maintenant et faites-en partie int\u00e9grante de votre routine quotidienne pour obtenir les meilleurs r\u00e9sultats et profiter d&rsquo;une peau plus jeune et plus attrayante.<\/span><\/p>\n","protected":false},"excerpt":{"rendered":"<p><span style=\"font-weight: 400;\">Profitez d&rsquo;une exp\u00e9rience unique de soin de la peau avec \u00ab\u00a0LatteLuxe Caffeine\u00a0\u00bb. Ce s\u00e9rum innovant offre un m\u00e9lange efficace d&rsquo;ingr\u00e9dients naturels, contenant de la caf\u00e9ine qui stimule la fra\u00eecheur et la nutrition de la peau tout en traitant les probl\u00e8mes de cernes pour obtenir une peau saine et \u00e9clatante.<\/span><\/p>\n","protected":false},"featured_media":22049,"comment_status":"open","ping_status":"closed","template":"","meta":[],"product_brand":[],"product_cat":[75],"product_tag":[],"class_list":{"0":"post-22045","1":"product","2":"type-product","3":"status-publish","4":"has-post-thumbnail","6":"product_cat-les-serums","8":"first","9":"instock","10":"taxable","11":"shipping-taxable","12":"purchasable","13":"product-type-simple"},"_links":{"self":[{"href":"https:\/\/akcharcosmetics.com\/fr\/wp-json\/wp\/v2\/product\/22045","targetHints":{"allow":["GET"]}}],"collection":[{"href":"https:\/\/akcharcosmetics.com\/fr\/wp-json\/wp\/v2\/product"}],"about":[{"href":"https:\/\/akcharcosmetics.com\/fr\/wp-json\/wp\/v2\/types\/product"}],"replies":[{"embeddable":true,"href":"https:\/\/akcharcosmetics.com\/fr\/wp-json\/wp\/v2\/comments?post=22045"}],"version-history":[{"count":2,"href":"https:\/\/akcharcosmetics.com\/fr\/wp-json\/wp\/v2\/product\/22045\/revisions"}],"predecessor-version":[{"id":22056,"href":"https:\/\/akcharcosmetics.com\/fr\/wp-json\/wp\/v2\/product\/22045\/revisions\/22056"}],"wp:featuredmedia":[{"embeddable":true,"href":"https:\/\/akcharcosmetics.com\/fr\/wp-json\/wp\/v2\/media\/22049"}],"wp:attachment":[{"href":"https:\/\/akcharcosmetics.com\/fr\/wp-json\/wp\/v2\/media?parent=22045"}],"wp:term":[{"taxonomy":"product_brand","embeddable":true,"href":"https:\/\/akcharcosmetics.com\/fr\/wp-json\/wp\/v2\/product_brand?post=22045"},{"taxonomy":"product_cat","embeddable":true,"href":"https:\/\/akcharcosmetics.com\/fr\/wp-json\/wp\/v2\/product_cat?post=22045"},{"taxonomy":"product_tag","embeddable":true,"href":"https:\/\/akcharcosmetics.com\/fr\/wp-json\/wp\/v2\/product_tag?post=22045"}],"curies":[{"name":"wp","href":"https:\/\/api.w.org\/{rel}","templated":true}]}}