{"id":21961,"date":"2024-02-05T12:23:27","date_gmt":"2024-02-05T12:23:27","guid":{"rendered":"https:\/\/akcharcosmetics.com\/?post_type=product&#038;p=21961"},"modified":"2024-02-26T17:32:16","modified_gmt":"2024-02-26T17:32:16","slug":"radiance-rise-traitement-contre-le-relachement-post-partum","status":"publish","type":"product","link":"https:\/\/akcharcosmetics.com\/fr\/produit\/radiance-rise-traitement-contre-le-relachement-post-partum\/","title":{"rendered":"Radiance Rise : Traitement contre le rel\u00e2chement post-partum"},"content":{"rendered":"<p><b>Caract\u00e9ristiques de la cr\u00e8me pour le traitement du rel\u00e2chement post-partum :<\/b><\/p>\n<p><b>Technologie Hydratante Intensive :<\/b><span style=\"font-weight: 400;\"> \u00ab\u00a0Radiance Rise\u00a0\u00bb contient une formule avanc\u00e9e de puissants hydratants qui hydratent profond\u00e9ment la peau, contribuant \u00e0 restaurer son \u00e9lasticit\u00e9 et sa douceur.<\/span><\/p>\n<p><b>Ingr\u00e9dients Naturels et S\u00fbrs :<\/b><span style=\"font-weight: 400;\"> La cr\u00e8me se distingue par sa composition d&rsquo;ingr\u00e9dients naturels et s\u00fbrs, tels que le beurre de karit\u00e9 et l&rsquo;huile d&rsquo;argan, qui favorisent le renouvellement cellulaire et am\u00e9liorent naturellement l&rsquo;\u00e9lasticit\u00e9 de la peau.<\/span><\/p>\n<p><b>Antioxydants :<\/b><span style=\"font-weight: 400;\"> Elle comprend des antioxydants qui luttent contre les radicaux libres, renfor\u00e7ant le processus de renouvellement cellulaire et contribuant \u00e0 am\u00e9liorer l&rsquo;apparence de la peau rel\u00e2ch\u00e9e.<\/span><\/p>\n<p><b>Am\u00e9lioration de l&rsquo;apparence du rel\u00e2chement cutan\u00e9 :<\/b><span style=\"font-weight: 400;\"> Gr\u00e2ce \u00e0 sa formule efficace, \u00ab\u00a0Radiance Rise\u00a0\u00bb agit pour am\u00e9liorer l&rsquo;apparence de la peau rel\u00e2ch\u00e9e et la raffermir, vous procurant une sensation de confort et de confiance.<\/span><\/p>\n<p><b>Facile \u00e0 Utiliser : <\/b><span style=\"font-weight: 400;\">La cr\u00e8me s&rsquo;absorbe rapidement, ce qui la rend facile \u00e0 utiliser dans la vie quotidienne sans n\u00e9cessiter un temps d&rsquo;attente prolong\u00e9 avant de s&rsquo;habiller.<\/span><\/p>\n<p><span style=\"font-weight: 400;\">\u00ab\u00a0Radiance Rise\u00a0\u00bb est une solution id\u00e9ale pour les femmes en post-partum qui souhaitent retrouver une peau plus ferme et souple, vous permettant de porter ce que vous voulez en toute confiance. Commandez-la d\u00e8s maintenant.<\/span><\/p>\n","protected":false},"excerpt":{"rendered":"<p><span style=\"font-weight: 400;\">\u00ab\u00a0Radiance Rise\u00a0\u00bb est une cr\u00e8me innovante et efficace sp\u00e9cialement con\u00e7ue pour les soins post-partum, ciblant le probl\u00e8me du rel\u00e2chement cutan\u00e9. Cette cr\u00e8me pr\u00e9sente une formule unique qui associe des ingr\u00e9dients naturels efficaces et des actifs cliniquement prouv\u00e9s pour obtenir des r\u00e9sultats optimaux.<\/span><\/p>\n","protected":false},"featured_media":21965,"comment_status":"open","ping_status":"closed","template":"","meta":[],"product_brand":[],"product_cat":[97],"product_tag":[],"class_list":{"0":"post-21961","1":"product","2":"type-product","3":"status-publish","4":"has-post-thumbnail","6":"product_cat-les-cremes","8":"first","9":"instock","10":"taxable","11":"shipping-taxable","12":"purchasable","13":"product-type-simple"},"_links":{"self":[{"href":"https:\/\/akcharcosmetics.com\/fr\/wp-json\/wp\/v2\/product\/21961","targetHints":{"allow":["GET"]}}],"collection":[{"href":"https:\/\/akcharcosmetics.com\/fr\/wp-json\/wp\/v2\/product"}],"about":[{"href":"https:\/\/akcharcosmetics.com\/fr\/wp-json\/wp\/v2\/types\/product"}],"replies":[{"embeddable":true,"href":"https:\/\/akcharcosmetics.com\/fr\/wp-json\/wp\/v2\/comments?post=21961"}],"version-history":[{"count":2,"href":"https:\/\/akcharcosmetics.com\/fr\/wp-json\/wp\/v2\/product\/21961\/revisions"}],"predecessor-version":[{"id":21972,"href":"https:\/\/akcharcosmetics.com\/fr\/wp-json\/wp\/v2\/product\/21961\/revisions\/21972"}],"wp:featuredmedia":[{"embeddable":true,"href":"https:\/\/akcharcosmetics.com\/fr\/wp-json\/wp\/v2\/media\/21965"}],"wp:attachment":[{"href":"https:\/\/akcharcosmetics.com\/fr\/wp-json\/wp\/v2\/media?parent=21961"}],"wp:term":[{"taxonomy":"product_brand","embeddable":true,"href":"https:\/\/akcharcosmetics.com\/fr\/wp-json\/wp\/v2\/product_brand?post=21961"},{"taxonomy":"product_cat","embeddable":true,"href":"https:\/\/akcharcosmetics.com\/fr\/wp-json\/wp\/v2\/product_cat?post=21961"},{"taxonomy":"product_tag","embeddable":true,"href":"https:\/\/akcharcosmetics.com\/fr\/wp-json\/wp\/v2\/product_tag?post=21961"}],"curies":[{"name":"wp","href":"https:\/\/api.w.org\/{rel}","templated":true}]}}