{"id":21929,"date":"2024-02-05T12:01:23","date_gmt":"2024-02-05T12:01:23","guid":{"rendered":"https:\/\/akcharcosmetics.com\/?post_type=product&#038;p=21929"},"modified":"2025-06-02T04:36:13","modified_gmt":"2025-06-02T04:36:13","slug":"eczema-elixir-creme-pour-traiter-les-problemes-deczema","status":"publish","type":"product","link":"https:\/\/akcharcosmetics.com\/fr\/produit\/eczema-elixir-creme-pour-traiter-les-problemes-deczema\/","title":{"rendered":"Ecz\u00e9ma Elixir &#8211; Cr\u00e8me pour traiter les probl\u00e8mes d&rsquo;ecz\u00e9ma"},"content":{"rendered":"<p><b>EczemaElixir\u00a0\u00bb est con\u00e7u pour \u00eatre un choix id\u00e9al pour les personnes souffrant de probl\u00e8mes d&rsquo;ecz\u00e9ma, offrant de multiples avantages, notamment :<\/b><\/p>\n<p><b>Hydratation intense :<\/b><span style=\"font-weight: 400;\"> La cr\u00e8me aide \u00e0 am\u00e9liorer efficacement les niveaux d&rsquo;hydratation, r\u00e9duisant la s\u00e9cheresse et les fissures cutan\u00e9es.<\/span><\/p>\n<p><b>Soulagement des d\u00e9mangeaisons :<\/b><span style=\"font-weight: 400;\"> Elle contient des ingr\u00e9dients actifs qui r\u00e9duisent les d\u00e9mangeaisons et les rougeurs, contribuant \u00e0 am\u00e9liorer le confort de la peau endommag\u00e9e.<\/span><\/p>\n<p><b>Renforcement de la barri\u00e8re cutan\u00e9e : <\/b><span style=\"font-weight: 400;\">La cr\u00e8me aide \u00e0 renforcer la barri\u00e8re cutan\u00e9e naturelle, r\u00e9duisant la perte d&rsquo;humidit\u00e9 et renfor\u00e7ant la protection contre les facteurs environnementaux nocifs.<\/span><\/p>\n<p><b>Ingr\u00e9dients naturels :<\/b><span style=\"font-weight: 400;\"> Les ingr\u00e9dients ont \u00e9t\u00e9 soigneusement choisis pour \u00eatre s\u00fbrs et efficaces, favorisant la gu\u00e9rison naturelle de la peau sans causer d&rsquo;irritation ni de sensibilit\u00e9.<\/span><\/p>\n<p><span style=\"font-weight: 400;\">\u00ab\u00a0EczemaElixir\u00a0\u00bb est une solution efficace et s\u00fbre pour les personnes rencontrant des probl\u00e8mes d&rsquo;ecz\u00e9ma, offrant une hydratation profonde et un soulagement imm\u00e9diat, contribuant \u00e0 restaurer la sant\u00e9 de la peau et \u00e0 am\u00e9liorer la qualit\u00e9 de vie quotidienne. Commandez-le d\u00e8s maintenant.<\/span><\/p>\n","protected":false},"excerpt":{"rendered":"<p><span style=\"font-weight: 400;\">\u00ab\u00a0EczemaElixir\u00a0\u00bb est une cr\u00e8me efficace con\u00e7ue pour traiter les probl\u00e8mes d&rsquo;ecz\u00e9ma. Il s&rsquo;agit d&rsquo;un produit innovant qui offre une solution sp\u00e9cifique pour soulager les sympt\u00f4mes g\u00eanants et am\u00e9liorer l&rsquo;\u00e9tat de la peau. Cette cr\u00e8me se distingue par sa formule unique contenant des ingr\u00e9dients naturels soigneusement s\u00e9lectionn\u00e9s, offrant une hydratation profonde et un apaisement imm\u00e9diat pour la peau irrit\u00e9e.<\/span><\/p>\n","protected":false},"featured_media":21933,"comment_status":"open","ping_status":"closed","template":"","meta":[],"product_brand":[],"product_cat":[97],"product_tag":[],"class_list":{"0":"post-21929","1":"product","2":"type-product","3":"status-publish","4":"has-post-thumbnail","6":"product_cat-les-cremes","8":"first","9":"instock","10":"taxable","11":"shipping-taxable","12":"purchasable","13":"product-type-simple"},"_links":{"self":[{"href":"https:\/\/akcharcosmetics.com\/fr\/wp-json\/wp\/v2\/product\/21929","targetHints":{"allow":["GET"]}}],"collection":[{"href":"https:\/\/akcharcosmetics.com\/fr\/wp-json\/wp\/v2\/product"}],"about":[{"href":"https:\/\/akcharcosmetics.com\/fr\/wp-json\/wp\/v2\/types\/product"}],"replies":[{"embeddable":true,"href":"https:\/\/akcharcosmetics.com\/fr\/wp-json\/wp\/v2\/comments?post=21929"}],"version-history":[{"count":2,"href":"https:\/\/akcharcosmetics.com\/fr\/wp-json\/wp\/v2\/product\/21929\/revisions"}],"predecessor-version":[{"id":21940,"href":"https:\/\/akcharcosmetics.com\/fr\/wp-json\/wp\/v2\/product\/21929\/revisions\/21940"}],"wp:featuredmedia":[{"embeddable":true,"href":"https:\/\/akcharcosmetics.com\/fr\/wp-json\/wp\/v2\/media\/21933"}],"wp:attachment":[{"href":"https:\/\/akcharcosmetics.com\/fr\/wp-json\/wp\/v2\/media?parent=21929"}],"wp:term":[{"taxonomy":"product_brand","embeddable":true,"href":"https:\/\/akcharcosmetics.com\/fr\/wp-json\/wp\/v2\/product_brand?post=21929"},{"taxonomy":"product_cat","embeddable":true,"href":"https:\/\/akcharcosmetics.com\/fr\/wp-json\/wp\/v2\/product_cat?post=21929"},{"taxonomy":"product_tag","embeddable":true,"href":"https:\/\/akcharcosmetics.com\/fr\/wp-json\/wp\/v2\/product_tag?post=21929"}],"curies":[{"name":"wp","href":"https:\/\/api.w.org\/{rel}","templated":true}]}}