{"id":21913,"date":"2024-02-05T11:57:17","date_gmt":"2024-02-05T11:57:17","guid":{"rendered":"https:\/\/akcharcosmetics.com\/?post_type=product&#038;p=21913"},"modified":"2024-02-26T17:32:17","modified_gmt":"2024-02-26T17:32:17","slug":"creme-callus-care-traitement-des-ongles-ou-talons-callosites","status":"publish","type":"product","link":"https:\/\/akcharcosmetics.com\/fr\/produit\/creme-callus-care-traitement-des-ongles-ou-talons-callosites\/","title":{"rendered":"Cr\u00e8me Callus Care &#8211; Traitement des Ongles ou Talons Callosit\u00e9s"},"content":{"rendered":"<p><b>Avantages de la cr\u00e8me \u00ab\u00a0Callus Care\u00a0\u00bb pour le traitement des ongles callosit\u00e9s :<\/b><\/p>\n<p><b>Hydratation Imm\u00e9diate :<\/b><span style=\"font-weight: 400;\"> \u00ab\u00a0Callus Care\u00a0\u00bb contient des ingr\u00e9dients naturels efficaces qui hydratent instantan\u00e9ment la peau, aidant \u00e0 am\u00e9liorer la douceur et la texture des talons callosit\u00e9s.<\/span><\/p>\n<p><b>Exfoliation en Toute S\u00e9cu<\/b><span style=\"font-weight: 400;\">rit\u00e9 : La cr\u00e8me contient des ingr\u00e9dients naturels qui aident \u00e0 \u00e9liminer l&rsquo;exc\u00e8s de peau sans nuire \u00e0 la peau saine.<\/span><\/p>\n<p><b>Nutrition Profonde :<\/b><span style=\"font-weight: 400;\"> Elle comprend des vitamines et des nutriments qui favorisent la sant\u00e9 des pieds et les renforcent depuis la racine.<\/span><\/p>\n<p><b>Facilit\u00e9 d&rsquo;Utilisation <\/b><span style=\"font-weight: 400;\">: La cr\u00e8me est con\u00e7ue avec une formule l\u00e9g\u00e8re et rapidement absorbable, facilitant son application \u00e0 tout moment sans n\u00e9cessiter une longue attente.<\/span><\/p>\n<p><span style=\"font-weight: 400;\">Commandez-la d\u00e8s maintenant et d\u00e9couvrez le secret d&rsquo;ongles magnifiques et de pieds doux avec \u00ab\u00a0Callus Care\u00a0\u00bb, la solution optimale pour prendre soin des ongles ou talons callosit\u00e9s et am\u00e9liorer l&rsquo;apparence de vos pieds.<\/span><\/p>\n","protected":false},"excerpt":{"rendered":"<p><span style=\"font-weight: 400;\">La cr\u00e8me \u00ab\u00a0Callus Care\u00a0\u00bb est la solution instantan\u00e9e pour le probl\u00e8me des callosit\u00e9s sur les ongles, car elle offre une solution compl\u00e8te pour se d\u00e9barrasser de la peau s\u00e8che et rugueuse et l&rsquo;hydrater en profondeur. Cette cr\u00e8me est con\u00e7ue en utilisant des techniques avanc\u00e9es dans le domaine des soins des ongles et des pieds.<\/span><\/p>\n","protected":false},"featured_media":21917,"comment_status":"open","ping_status":"closed","template":"","meta":[],"product_brand":[],"product_cat":[97],"product_tag":[],"class_list":{"0":"post-21913","1":"product","2":"type-product","3":"status-publish","4":"has-post-thumbnail","6":"product_cat-les-cremes","8":"first","9":"instock","10":"taxable","11":"shipping-taxable","12":"purchasable","13":"product-type-simple"},"_links":{"self":[{"href":"https:\/\/akcharcosmetics.com\/fr\/wp-json\/wp\/v2\/product\/21913","targetHints":{"allow":["GET"]}}],"collection":[{"href":"https:\/\/akcharcosmetics.com\/fr\/wp-json\/wp\/v2\/product"}],"about":[{"href":"https:\/\/akcharcosmetics.com\/fr\/wp-json\/wp\/v2\/types\/product"}],"replies":[{"embeddable":true,"href":"https:\/\/akcharcosmetics.com\/fr\/wp-json\/wp\/v2\/comments?post=21913"}],"version-history":[{"count":2,"href":"https:\/\/akcharcosmetics.com\/fr\/wp-json\/wp\/v2\/product\/21913\/revisions"}],"predecessor-version":[{"id":21924,"href":"https:\/\/akcharcosmetics.com\/fr\/wp-json\/wp\/v2\/product\/21913\/revisions\/21924"}],"wp:featuredmedia":[{"embeddable":true,"href":"https:\/\/akcharcosmetics.com\/fr\/wp-json\/wp\/v2\/media\/21917"}],"wp:attachment":[{"href":"https:\/\/akcharcosmetics.com\/fr\/wp-json\/wp\/v2\/media?parent=21913"}],"wp:term":[{"taxonomy":"product_brand","embeddable":true,"href":"https:\/\/akcharcosmetics.com\/fr\/wp-json\/wp\/v2\/product_brand?post=21913"},{"taxonomy":"product_cat","embeddable":true,"href":"https:\/\/akcharcosmetics.com\/fr\/wp-json\/wp\/v2\/product_cat?post=21913"},{"taxonomy":"product_tag","embeddable":true,"href":"https:\/\/akcharcosmetics.com\/fr\/wp-json\/wp\/v2\/product_tag?post=21913"}],"curies":[{"name":"wp","href":"https:\/\/api.w.org\/{rel}","templated":true}]}}