{"id":21879,"date":"2024-02-03T13:49:57","date_gmt":"2024-02-03T13:49:57","guid":{"rendered":"https:\/\/akcharcosmetics.com\/?post_type=product&#038;p=21879"},"modified":"2024-02-26T17:32:18","modified_gmt":"2024-02-26T17:32:18","slug":"anti-stain-la-solution-innovante-pour-se-debarrasser-des-cernes-et-des-ridules-sous-les-yeux","status":"publish","type":"product","link":"https:\/\/akcharcosmetics.com\/fr\/produit\/anti-stain-la-solution-innovante-pour-se-debarrasser-des-cernes-et-des-ridules-sous-les-yeux\/","title":{"rendered":"Anti-Stain &#8211; La solution innovante pour se d\u00e9barrasser des cernes et des ridules sous les yeux"},"content":{"rendered":"<p><b>Bienfaits de la cr\u00e8me anti-cernes :<\/b><\/p>\n<p><b>Technologie \u00e9claircissante efficace :<\/b><span style=\"font-weight: 400;\"> Anti-Stain contient une formule naturelle unique con\u00e7ue pour \u00e9claircir la peau et se d\u00e9barrasser efficacement des cernes.<\/span><\/p>\n<p><b>R<\/b><b>\u00e9duction des lignes et des rides<\/b><b> :<\/b><span style=\"font-weight: 400;\"> La cr\u00e8me am\u00e9liore la texture de la peau et r\u00e9duit l&rsquo;apparence des fines lignes et des rides sous les yeux.<\/span><\/p>\n<p><b>Hydratation profonde : <\/b><span style=\"font-weight: 400;\">Elle contient des ingr\u00e9dients hydratants efficaces qui aident \u00e0 hydrater la zone et \u00e0 la prot\u00e9ger tout en \u00e9vitant son dess\u00e8chement.<\/span><\/p>\n<p><b>Absorption rapide :<\/b> <span style=\"font-weight: 400;\">Gr\u00e2ce \u00e0 sa formule l\u00e9g\u00e8re et \u00e0 absorption rapide, il est facile \u00e0 utiliser dans votre routine quotidienne de soins de la peau.<\/span><\/p>\n<p><b>Ingr\u00e9dients naturels et s\u00fbrs : <\/b><span style=\"font-weight: 400;\">Anti-Stain a \u00e9t\u00e9 soigneusement con\u00e7u avec des ingr\u00e9dients naturels pour offrir des avantages optimaux en toute s\u00e9curit\u00e9.<\/span><\/p>\n<p><span style=\"font-weight: 400;\">Commandez-le maintenant et retrouvez l&rsquo;\u00e9clat de votre visage en vous d\u00e9barrassant des cernes et des ridules sous les yeux avec Anti-Stain, la solution instantan\u00e9e pour am\u00e9liorer l&rsquo;apparence de votre peau.<\/span><\/p>\n","protected":false},"excerpt":{"rendered":"<p><span style=\"font-weight: 400;\">Profitez d&rsquo;un look rafra\u00eechissant et \u00e9clatant avec \u00ab\u00a0Anti-Stain\u00a0\u00bb, le d\u00e9maquillant novateur pour les cernes et les ridules sous les yeux qui offre une solution efficace qui vous satisfera.<\/span><\/p>\n","protected":false},"featured_media":21880,"comment_status":"open","ping_status":"closed","template":"","meta":[],"product_brand":[],"product_cat":[97],"product_tag":[],"class_list":{"0":"post-21879","1":"product","2":"type-product","3":"status-publish","4":"has-post-thumbnail","6":"product_cat-les-cremes","8":"first","9":"instock","10":"taxable","11":"shipping-taxable","12":"purchasable","13":"product-type-simple"},"_links":{"self":[{"href":"https:\/\/akcharcosmetics.com\/fr\/wp-json\/wp\/v2\/product\/21879","targetHints":{"allow":["GET"]}}],"collection":[{"href":"https:\/\/akcharcosmetics.com\/fr\/wp-json\/wp\/v2\/product"}],"about":[{"href":"https:\/\/akcharcosmetics.com\/fr\/wp-json\/wp\/v2\/types\/product"}],"replies":[{"embeddable":true,"href":"https:\/\/akcharcosmetics.com\/fr\/wp-json\/wp\/v2\/comments?post=21879"}],"version-history":[{"count":1,"href":"https:\/\/akcharcosmetics.com\/fr\/wp-json\/wp\/v2\/product\/21879\/revisions"}],"predecessor-version":[{"id":21889,"href":"https:\/\/akcharcosmetics.com\/fr\/wp-json\/wp\/v2\/product\/21879\/revisions\/21889"}],"wp:featuredmedia":[{"embeddable":true,"href":"https:\/\/akcharcosmetics.com\/fr\/wp-json\/wp\/v2\/media\/21880"}],"wp:attachment":[{"href":"https:\/\/akcharcosmetics.com\/fr\/wp-json\/wp\/v2\/media?parent=21879"}],"wp:term":[{"taxonomy":"product_brand","embeddable":true,"href":"https:\/\/akcharcosmetics.com\/fr\/wp-json\/wp\/v2\/product_brand?post=21879"},{"taxonomy":"product_cat","embeddable":true,"href":"https:\/\/akcharcosmetics.com\/fr\/wp-json\/wp\/v2\/product_cat?post=21879"},{"taxonomy":"product_tag","embeddable":true,"href":"https:\/\/akcharcosmetics.com\/fr\/wp-json\/wp\/v2\/product_tag?post=21879"}],"curies":[{"name":"wp","href":"https:\/\/api.w.org\/{rel}","templated":true}]}}