{"id":21509,"date":"2024-02-01T17:36:15","date_gmt":"2024-02-01T17:36:15","guid":{"rendered":"https:\/\/akcharcosmetics.com\/?post_type=product&#038;p=21509"},"modified":"2025-06-01T19:30:56","modified_gmt":"2025-06-01T19:30:56","slug":"creme-jointrelief-confort-et-soulagement-immediat-pour-le-rhumatisme-et-les-douleurs-articulaires","status":"publish","type":"product","link":"https:\/\/akcharcosmetics.com\/fr\/produit\/creme-jointrelief-confort-et-soulagement-immediat-pour-le-rhumatisme-et-les-douleurs-articulaires\/","title":{"rendered":"Cr\u00e8me JointRelief &#8211; Confort et Soulagement Imm\u00e9diat pour le Rhumatisme et les Douleurs Articulaires"},"content":{"rendered":"<p><b>Bienfaits de la cr\u00e8me pour le traitement du rhumatisme et des douleurs articulaires :<\/b><\/p>\n<p><b>Soulagement Imm\u00e9diat de la Douleur :<\/b><span style=\"font-weight: 400;\"> Une formule efficace offre un effet imm\u00e9diat pour soulager la douleur et apaiser les cas de rhumatisme et de douleurs articulaires.<\/span><\/p>\n<p><b>Soulagement Durable :<\/b><span style=\"font-weight: 400;\"> \u00ab\u00a0JointRelief\u00a0\u00bb est efficace pour un soulagement durable, aidant \u00e0 am\u00e9liorer les conditions articulaires et \u00e0 r\u00e9duire le gonflement et l&rsquo;inflammation.<\/span><\/p>\n<p><b>Hydratation et Nutrition :<\/b><span style=\"font-weight: 400;\"> La cr\u00e8me contient des ingr\u00e9dients hydratants et nourrissants pour la peau, favorisant la sant\u00e9 cutan\u00e9e dans les zones d&rsquo;application.<\/span><\/p>\n<p><b>Facilit\u00e9 d&rsquo;Utilisation : <\/b><span style=\"font-weight: 400;\">Avec sa conception pratique et son application facile, \u00ab\u00a0JointRelief Cream\u00a0\u00bb peut \u00eatre utilis\u00e9 \u00e0 tout moment et n&rsquo;importe o\u00f9 avec facilit\u00e9.<\/span><\/p>\n<p><b>Ingr\u00e9dients Naturels et S\u00fbrs :<\/b><span style=\"font-weight: 400;\"> La cr\u00e8me est con\u00e7ue \u00e0 l&rsquo;aide d&rsquo;ingr\u00e9dients naturels pour garantir l&rsquo;efficacit\u00e9 du produit et sa s\u00e9curit\u00e9 pour une utilisation quotidienne.<\/span><\/p>\n<p><span style=\"font-weight: 400;\">Commandez-la maintenant et retrouvez votre confort et votre vitalit\u00e9 avec \u00ab\u00a0JointRelief Cream\u00a0\u00bb, la solution naturelle qui soulage les douleurs articulaires et vous offre une vie plus confortable et libre.<\/span><\/p>\n","protected":false},"excerpt":{"rendered":"<p><span style=\"font-weight: 400;\">Pr\u00e9parez-vous \u00e0 am\u00e9liorer votre vie avec la \u00ab\u00a0Cr\u00e8me JointRelief\u00a0\u00bb, la solution efficace pour soulager le rhumatisme et surmonter les douleurs articulaires de mani\u00e8re efficace et sans effets secondaires.<\/span><\/p>\n","protected":false},"featured_media":21513,"comment_status":"open","ping_status":"closed","template":"","meta":[],"product_brand":[],"product_cat":[97],"product_tag":[],"class_list":{"0":"post-21509","1":"product","2":"type-product","3":"status-publish","4":"has-post-thumbnail","6":"product_cat-les-cremes","8":"first","9":"instock","10":"taxable","11":"shipping-taxable","12":"purchasable","13":"product-type-simple"},"_links":{"self":[{"href":"https:\/\/akcharcosmetics.com\/fr\/wp-json\/wp\/v2\/product\/21509","targetHints":{"allow":["GET"]}}],"collection":[{"href":"https:\/\/akcharcosmetics.com\/fr\/wp-json\/wp\/v2\/product"}],"about":[{"href":"https:\/\/akcharcosmetics.com\/fr\/wp-json\/wp\/v2\/types\/product"}],"replies":[{"embeddable":true,"href":"https:\/\/akcharcosmetics.com\/fr\/wp-json\/wp\/v2\/comments?post=21509"}],"version-history":[{"count":1,"href":"https:\/\/akcharcosmetics.com\/fr\/wp-json\/wp\/v2\/product\/21509\/revisions"}],"predecessor-version":[{"id":21519,"href":"https:\/\/akcharcosmetics.com\/fr\/wp-json\/wp\/v2\/product\/21509\/revisions\/21519"}],"wp:featuredmedia":[{"embeddable":true,"href":"https:\/\/akcharcosmetics.com\/fr\/wp-json\/wp\/v2\/media\/21513"}],"wp:attachment":[{"href":"https:\/\/akcharcosmetics.com\/fr\/wp-json\/wp\/v2\/media?parent=21509"}],"wp:term":[{"taxonomy":"product_brand","embeddable":true,"href":"https:\/\/akcharcosmetics.com\/fr\/wp-json\/wp\/v2\/product_brand?post=21509"},{"taxonomy":"product_cat","embeddable":true,"href":"https:\/\/akcharcosmetics.com\/fr\/wp-json\/wp\/v2\/product_cat?post=21509"},{"taxonomy":"product_tag","embeddable":true,"href":"https:\/\/akcharcosmetics.com\/fr\/wp-json\/wp\/v2\/product_tag?post=21509"}],"curies":[{"name":"wp","href":"https:\/\/api.w.org\/{rel}","templated":true}]}}