{"id":21487,"date":"2024-02-01T17:26:29","date_gmt":"2024-02-01T17:26:29","guid":{"rendered":"https:\/\/akcharcosmetics.com\/?post_type=product&#038;p=21487"},"modified":"2025-06-06T04:22:52","modified_gmt":"2025-06-06T04:22:52","slug":"ahava-dermud-hydratation-intense-et-traitement-efficace-des-fissures-aux-pieds","status":"publish","type":"product","link":"https:\/\/akcharcosmetics.com\/fr\/produit\/ahava-dermud-hydratation-intense-et-traitement-efficace-des-fissures-aux-pieds\/","title":{"rendered":"Ahava Dermud &#8211; Hydratation intense et traitement efficace des fissures aux pieds"},"content":{"rendered":"<p><b>Caract\u00e9ristiques du traitement des fissures aux pieds :<\/b><\/p>\n<p><b>Hydratation profonde :<\/b><span style=\"font-weight: 400;\"> La formule \u00ab\u00a0Ahava Dermud\u00a0\u00bb contient des ingr\u00e9dients hydratants en profondeur qui p\u00e9n\u00e8trent dans la peau, assurant une hydratation exceptionnelle des pieds.<\/span><\/p>\n<p><b>Traitement des fissures :<\/b><span style=\"font-weight: 400;\"> La cr\u00e8me contient des composants curatifs qui adoucissent les fissures et acc\u00e9l\u00e8rent le processus de gu\u00e9rison.<\/span><\/p>\n<p><b>Nutrition imm\u00e9diate : <\/b><span style=\"font-weight: 400;\">Ahava Dermud<\/span><\/p>\n<p><span style=\"font-weight: 400;\">offre une nutrition imm\u00e9diate \u00e0 la peau, renfor\u00e7ant la sant\u00e9 de la peau et la revitalisant, en lui fournissant les soins n\u00e9cessaires.<\/span><\/p>\n<p><b>Ingr\u00e9dients naturels <\/b><span style=\"font-weight: 400;\">: La cr\u00e8me est con\u00e7ue avec des ingr\u00e9dients naturels, la rendant s\u00fbre et efficace pour une utilisation quotidienne.<\/span><\/p>\n<p><b>Absorption rapide : <\/b><span style=\"font-weight: 400;\">La technologie d&rsquo;absorption rapide fait de la cr\u00e8me un choix id\u00e9al pour une utilisation quotidienne sans sensation de collant ou de lourdeur.<\/span><\/p>\n<p><b>Emballage pratique :<\/b><span style=\"font-weight: 400;\"> La cr\u00e8me est livr\u00e9e dans un emballage facile \u00e0 utiliser, ce qui la rend facile \u00e0 transporter et \u00e0 utiliser \u00e0 tout moment et en tout lieu.<\/span><\/p>\n<p><span style=\"font-weight: 400;\">Commandez-le maintenant et profitez de pieds doux et hydrat\u00e9s avec \u00ab\u00a0AhavaDermud Cream\u00a0\u00bb la solution compl\u00e8te pour le confort de vos pieds et l&rsquo;am\u00e9lioration de leur apparence, vous permettant de porter ce que vous aimez.<\/span><\/p>\n","protected":false},"excerpt":{"rendered":"<p><span style=\"font-weight: 400;\">Retrouvez la douceur et la beaut\u00e9 de vos pieds avec \u00ab\u00a0Ahava Dermud\u00a0\u00bb un hydratant nourrissant efficace qui \u00e9limine la s\u00e9cheresse de la peau et traite efficacement les fissures des pieds.<\/span><\/p>\n","protected":false},"featured_media":21491,"comment_status":"open","ping_status":"closed","template":"","meta":[],"product_brand":[],"product_cat":[97],"product_tag":[],"class_list":{"0":"post-21487","1":"product","2":"type-product","3":"status-publish","4":"has-post-thumbnail","6":"product_cat-les-cremes","8":"first","9":"instock","10":"taxable","11":"shipping-taxable","12":"purchasable","13":"product-type-simple"},"_links":{"self":[{"href":"https:\/\/akcharcosmetics.com\/fr\/wp-json\/wp\/v2\/product\/21487","targetHints":{"allow":["GET"]}}],"collection":[{"href":"https:\/\/akcharcosmetics.com\/fr\/wp-json\/wp\/v2\/product"}],"about":[{"href":"https:\/\/akcharcosmetics.com\/fr\/wp-json\/wp\/v2\/types\/product"}],"replies":[{"embeddable":true,"href":"https:\/\/akcharcosmetics.com\/fr\/wp-json\/wp\/v2\/comments?post=21487"}],"version-history":[{"count":2,"href":"https:\/\/akcharcosmetics.com\/fr\/wp-json\/wp\/v2\/product\/21487\/revisions"}],"predecessor-version":[{"id":21498,"href":"https:\/\/akcharcosmetics.com\/fr\/wp-json\/wp\/v2\/product\/21487\/revisions\/21498"}],"wp:featuredmedia":[{"embeddable":true,"href":"https:\/\/akcharcosmetics.com\/fr\/wp-json\/wp\/v2\/media\/21491"}],"wp:attachment":[{"href":"https:\/\/akcharcosmetics.com\/fr\/wp-json\/wp\/v2\/media?parent=21487"}],"wp:term":[{"taxonomy":"product_brand","embeddable":true,"href":"https:\/\/akcharcosmetics.com\/fr\/wp-json\/wp\/v2\/product_brand?post=21487"},{"taxonomy":"product_cat","embeddable":true,"href":"https:\/\/akcharcosmetics.com\/fr\/wp-json\/wp\/v2\/product_cat?post=21487"},{"taxonomy":"product_tag","embeddable":true,"href":"https:\/\/akcharcosmetics.com\/fr\/wp-json\/wp\/v2\/product_tag?post=21487"}],"curies":[{"name":"wp","href":"https:\/\/api.w.org\/{rel}","templated":true}]}}