{"id":21471,"date":"2024-02-01T17:20:57","date_gmt":"2024-02-01T17:20:57","guid":{"rendered":"https:\/\/akcharcosmetics.com\/?post_type=product&#038;p=21471"},"modified":"2025-06-07T07:13:48","modified_gmt":"2025-06-07T07:13:48","slug":"liplux-le-polissage-et-lembellissement-des-levres-en-une-seule-touche","status":"publish","type":"product","link":"https:\/\/akcharcosmetics.com\/fr\/produit\/liplux-le-polissage-et-lembellissement-des-levres-en-une-seule-touche\/","title":{"rendered":"LipLux &#8211; le polissage et l&#8217;embellissement des l\u00e8vres en une seule touche"},"content":{"rendered":"<p><b>Caract\u00e9ristiques de \u00ab\u00a0LipLux\u00a0\u00bb pour l&#8217;embellissement des l\u00e8vres :<\/b><\/p>\n<p>&nbsp;<\/p>\n<p><b>Embarras naturel des l\u00e8vres :<\/b><span style=\"font-weight: 400;\"> \u00ab\u00a0LipLux\u00a0\u00bb contient une formule innovante qui embellit naturellement les l\u00e8vres, ajoutant une touche de volume et de pl\u00e9nitude que vous m\u00e9ritez.<\/span><\/p>\n<p>&nbsp;<\/p>\n<p><b>\u00c9clat supr\u00eame et brillance :<\/b><span style=\"font-weight: 400;\"> La formule unique de \u00ab\u00a0LipLux\u00a0\u00bb offre une brillance glossy qui rehausse la beaut\u00e9 des l\u00e8vres, en faisant un point focal.<\/span><\/p>\n<p>&nbsp;<\/p>\n<p><b>Confort et hydratation : <\/b><span style=\"font-weight: 400;\">Il comprend des ingr\u00e9dients hydratants et des composants efficaces qui maintiennent les l\u00e8vres douces et hydrat\u00e9es tout au long de la journ\u00e9e.<\/span><\/p>\n<p>&nbsp;<\/p>\n<p><b>Stabilit\u00e9 durable :<\/b><span style=\"font-weight: 400;\"> \u00ab\u00a0LipLux\u00a0\u00bb pr\u00e9sente une formule durable qui maintient l&rsquo;\u00e9clat des l\u00e8vres pendant une p\u00e9riode prolong\u00e9e sans besoin de r\u00e9application.<\/span><\/p>\n<p>&nbsp;<\/p>\n<p><b>Facilit\u00e9 d&rsquo;utilisation :<\/b><span style=\"font-weight: 400;\"> Le produit est dot\u00e9 d&rsquo;un design facile \u00e0 utiliser qui vous permet de l&rsquo;appliquer n&rsquo;importe quand et n&rsquo;importe o\u00f9.<\/span><\/p>\n<p>&nbsp;<\/p>\n<p><span style=\"font-weight: 400;\">Commandez-le d\u00e8s maintenant et brillez avec des l\u00e8vres attractives et captivantes gr\u00e2ce \u00e0 \u201cLipLux\u201d, retrouvant confiance avec un tout nouveau look.<\/span><\/p>\n<p>&nbsp;<\/p>\n","protected":false},"excerpt":{"rendered":"<p><span style=\"font-weight: 400;\">D\u00e9couvrez l&rsquo;attrait des l\u00e8vres captivantes avec \u00ab\u00a0LipLux\u00a0\u00bb, le produit efficace qui combine le polissage et l&#8217;embellissement des l\u00e8vres pour un look \u00e9blouissant et accrocheur.<\/span><\/p>\n","protected":false},"featured_media":21475,"comment_status":"open","ping_status":"closed","template":"","meta":[],"product_brand":[],"product_cat":[75],"product_tag":[],"class_list":{"0":"post-21471","1":"product","2":"type-product","3":"status-publish","4":"has-post-thumbnail","6":"product_cat-les-serums","8":"first","9":"instock","10":"taxable","11":"shipping-taxable","12":"purchasable","13":"product-type-simple"},"_links":{"self":[{"href":"https:\/\/akcharcosmetics.com\/fr\/wp-json\/wp\/v2\/product\/21471","targetHints":{"allow":["GET"]}}],"collection":[{"href":"https:\/\/akcharcosmetics.com\/fr\/wp-json\/wp\/v2\/product"}],"about":[{"href":"https:\/\/akcharcosmetics.com\/fr\/wp-json\/wp\/v2\/types\/product"}],"replies":[{"embeddable":true,"href":"https:\/\/akcharcosmetics.com\/fr\/wp-json\/wp\/v2\/comments?post=21471"}],"version-history":[{"count":2,"href":"https:\/\/akcharcosmetics.com\/fr\/wp-json\/wp\/v2\/product\/21471\/revisions"}],"predecessor-version":[{"id":21482,"href":"https:\/\/akcharcosmetics.com\/fr\/wp-json\/wp\/v2\/product\/21471\/revisions\/21482"}],"wp:featuredmedia":[{"embeddable":true,"href":"https:\/\/akcharcosmetics.com\/fr\/wp-json\/wp\/v2\/media\/21475"}],"wp:attachment":[{"href":"https:\/\/akcharcosmetics.com\/fr\/wp-json\/wp\/v2\/media?parent=21471"}],"wp:term":[{"taxonomy":"product_brand","embeddable":true,"href":"https:\/\/akcharcosmetics.com\/fr\/wp-json\/wp\/v2\/product_brand?post=21471"},{"taxonomy":"product_cat","embeddable":true,"href":"https:\/\/akcharcosmetics.com\/fr\/wp-json\/wp\/v2\/product_cat?post=21471"},{"taxonomy":"product_tag","embeddable":true,"href":"https:\/\/akcharcosmetics.com\/fr\/wp-json\/wp\/v2\/product_tag?post=21471"}],"curies":[{"name":"wp","href":"https:\/\/api.w.org\/{rel}","templated":true}]}}