{"id":21438,"date":"2024-02-01T16:57:22","date_gmt":"2024-02-01T16:57:22","guid":{"rendered":"https:\/\/akcharcosmetics.com\/?post_type=product&#038;p=21438"},"modified":"2025-06-05T20:28:14","modified_gmt":"2025-06-05T20:28:14","slug":"zinc-complement-alimentaire-pour-renforcer-la-sante-corporelle-et-limmunite","status":"publish","type":"product","link":"https:\/\/akcharcosmetics.com\/fr\/produit\/zinc-complement-alimentaire-pour-renforcer-la-sante-corporelle-et-limmunite\/","title":{"rendered":"Zinc  &#8211; Compl\u00e9ment alimentaire pour renforcer la sant\u00e9 corporelle et l&rsquo;immunit\u00e9"},"content":{"rendered":"<p><b>Bienfaits du zinc pour la sant\u00e9, la peau et les cheveux :<\/b><\/p>\n<p><b>Renforcement de l&rsquo;immunit\u00e9 : <\/b><span style=\"font-weight: 400;\">Le zinc contient une quantit\u00e9 efficace de ce min\u00e9ral qui joue un r\u00f4le essentiel dans le renforcement du syst\u00e8me immunitaire, aidant le corps \u00e0 r\u00e9sister aux maladies et aux infections.<\/span><\/p>\n<p><b>Soutien \u00e0 la sant\u00e9 de la peau et des cheveux <\/b><span style=\"font-weight: 400;\">: Le zinc contribue \u00e0 soutenir la sant\u00e9 de la peau et des cheveux, tout en aidant \u00e0 pr\u00e9venir des probl\u00e8mes tels que l&rsquo;acn\u00e9 et la chute des cheveux.<\/span><\/p>\n<p><b>Am\u00e9lioration des fonctions de la m\u00e9moire et de la concentration :<\/b><span style=\"font-weight: 400;\"> Le zinc est consid\u00e9r\u00e9 comme essentiel pour les fonctions nerveuses, favorisant la concentration et la m\u00e9moire.<\/span><\/p>\n<p><b>Promotion de la cicatrisation des plaies :<\/b><span style=\"font-weight: 400;\"> Le zinc joue un r\u00f4le crucial dans les processus de cicatrisation des plaies, contribuant \u00e0 r\u00e9duire le temps de gu\u00e9rison.<\/span><\/p>\n<p><b>Compl\u00e9ment alimentaire s\u00fbr :<\/b><span style=\"font-weight: 400;\"> Formul\u00e9 avec des ingr\u00e9dients naturels et s\u00fbrs, il est une option fiable pour atteindre un \u00e9quilibre nutritionnel.<\/span><\/p>\n<p><span style=\"font-weight: 400;\">Commandez-le d\u00e8s maintenant et int\u00e9grez le zinc dans votre routine quotidienne pour vous assurer d&rsquo;obtenir la quantit\u00e9 optimale de ce min\u00e9ral essentiel pour la sant\u00e9 corporelle et le bien-\u00eatre<\/span><\/p>\n","protected":false},"excerpt":{"rendered":"<p><span style=\"font-weight: 400;\">Le compl\u00e9ment alimentaire Zinc offre une solution nutritionnelle compl\u00e8te pour r\u00e9pondre aux besoins du corps en zinc, un min\u00e9ral essentiel jouant un r\u00f4le crucial dans le soutien de la sant\u00e9 g\u00e9n\u00e9rale et le renforcement du syst\u00e8me immunitaire.<\/span><\/p>\n","protected":false},"featured_media":21445,"comment_status":"open","ping_status":"closed","template":"","meta":[],"product_brand":[],"product_cat":[201],"product_tag":[],"class_list":{"0":"post-21438","1":"product","2":"type-product","3":"status-publish","4":"has-post-thumbnail","6":"product_cat-complements-alimentaires","8":"first","9":"instock","10":"taxable","11":"shipping-taxable","12":"purchasable","13":"product-type-variable"},"_links":{"self":[{"href":"https:\/\/akcharcosmetics.com\/fr\/wp-json\/wp\/v2\/product\/21438","targetHints":{"allow":["GET"]}}],"collection":[{"href":"https:\/\/akcharcosmetics.com\/fr\/wp-json\/wp\/v2\/product"}],"about":[{"href":"https:\/\/akcharcosmetics.com\/fr\/wp-json\/wp\/v2\/types\/product"}],"replies":[{"embeddable":true,"href":"https:\/\/akcharcosmetics.com\/fr\/wp-json\/wp\/v2\/comments?post=21438"}],"version-history":[{"count":2,"href":"https:\/\/akcharcosmetics.com\/fr\/wp-json\/wp\/v2\/product\/21438\/revisions"}],"predecessor-version":[{"id":22104,"href":"https:\/\/akcharcosmetics.com\/fr\/wp-json\/wp\/v2\/product\/21438\/revisions\/22104"}],"wp:featuredmedia":[{"embeddable":true,"href":"https:\/\/akcharcosmetics.com\/fr\/wp-json\/wp\/v2\/media\/21445"}],"wp:attachment":[{"href":"https:\/\/akcharcosmetics.com\/fr\/wp-json\/wp\/v2\/media?parent=21438"}],"wp:term":[{"taxonomy":"product_brand","embeddable":true,"href":"https:\/\/akcharcosmetics.com\/fr\/wp-json\/wp\/v2\/product_brand?post=21438"},{"taxonomy":"product_cat","embeddable":true,"href":"https:\/\/akcharcosmetics.com\/fr\/wp-json\/wp\/v2\/product_cat?post=21438"},{"taxonomy":"product_tag","embeddable":true,"href":"https:\/\/akcharcosmetics.com\/fr\/wp-json\/wp\/v2\/product_tag?post=21438"}],"curies":[{"name":"wp","href":"https:\/\/api.w.org\/{rel}","templated":true}]}}