{"id":21419,"date":"2024-02-01T12:14:17","date_gmt":"2024-02-01T12:14:17","guid":{"rendered":"https:\/\/akcharcosmetics.com\/?post_type=product&#038;p=21419"},"modified":"2026-01-05T22:43:24","modified_gmt":"2026-01-05T22:43:24","slug":"energyrator-max-complement-alimentaire-stimulant-pour-les-passionnes-de-musculation","status":"publish","type":"product","link":"https:\/\/akcharcosmetics.com\/fr\/produit\/energyrator-max-complement-alimentaire-stimulant-pour-les-passionnes-de-musculation\/","title":{"rendered":"Energyrator Max &#8211; Compl\u00e9ment alimentaire : Stimulant pour les passionn\u00e9s de musculation"},"content":{"rendered":"<p><b>Avantages du compl\u00e9ment alimentaire stimulant pour les passionn\u00e9s de musculation :<\/b><\/p>\n<p><b>Augmentation de l&rsquo;\u00e9nergie et de la motivation :<\/b><span style=\"font-weight: 400;\"> \u00ab\u00a0<\/span><span style=\"font-weight: 400;\">EnerGyrator Max<\/span><span style=\"font-weight: 400;\">\u00a0\u00bb contient un m\u00e9lange pr\u00e9cis d&rsquo;ingr\u00e9dients efficaces qui aident \u00e0 augmenter les niveaux d&rsquo;\u00e9nergie et \u00e0 am\u00e9liorer la concentration pendant l&rsquo;entra\u00eenement.<\/span><\/p>\n<p><b>Am\u00e9lioration des performances physiques <\/b><span style=\"font-weight: 400;\">: Le compl\u00e9ment renforce la force<\/span> <span style=\"font-weight: 400;\">musculaire et la capacit\u00e9 d&rsquo;endurance, ce qui contribue \u00e0 am\u00e9liorer les performances sportives et \u00e0 augmenter l&rsquo;efficacit\u00e9 des entra\u00eenements.<\/span><\/p>\n<p><b>Acc\u00e9l\u00e9ration du processus de r\u00e9cup\u00e9ration <\/b><span style=\"font-weight: 400;\">: Il contient des ingr\u00e9dients qui favorisent la r\u00e9cup\u00e9ration apr\u00e8s des s\u00e9ances d&rsquo;entra\u00eenement intensives, contribuant \u00e0 r\u00e9duire la fatigue musculaire.<\/span><\/p>\n<p><b>Formule s\u00fbre et efficace <\/b><span style=\"font-weight: 400;\">: Con\u00e7u avec des ingr\u00e9dients naturels et efficaces, il b\u00e9n\u00e9ficie d&rsquo;une formule \u00e9quilibr\u00e9e pour assurer la s\u00e9curit\u00e9 et l&rsquo;efficacit\u00e9.<\/span><\/p>\n<p><b>Facilit\u00e9 d&rsquo;utilisation <\/b><span style=\"font-weight: 400;\">: Le produit se pr\u00e9sente sous forme de capsules, facilitant leur prise avant les s\u00e9ances d&rsquo;entra\u00eenement pour en tirer le maximum d&rsquo;avantages.<\/span><\/p>\n<p><b>Acc\u00e9l\u00e9ration du processus de construction musculaire <\/b><span style=\"font-weight: 400;\">: \u00ab\u00a0<\/span><span style=\"font-weight: 400;\">EnerGyrator Max<\/span><span style=\"font-weight: 400;\">\u00a0\u00bb contribue \u00e0 renforcer le processus de construction musculaire, conduisant \u00e0 des r\u00e9sultats remarquables et durables en musculation.<\/span><span style=\"font-weight: 400;\">Commandez-le maintenant et pr\u00e9parez-vous \u00e0 obtenir des r\u00e9sultats \u00e9tonnants \u00e0 la salle de sport avec \u00ab\u00a0<\/span><span style=\"font-weight: 400;\">EnerGyrator Max<\/span><span style=\"font-weight: 400;\">\u00ab\u00a0, le compl\u00e9ment alimentaire qui vous offre l&rsquo;\u00e9nergie et la motivation n\u00e9cessaires pour tirer le meilleur parti de vos entra\u00eenements<\/span><\/p>\n","protected":false},"excerpt":{"rendered":"<p><span style=\"font-weight: 400;\">\u00ab\u00a0<\/span><span style=\"font-weight: 400;\">EnerGyrator Max<\/span><span style=\"font-weight: 400;\">\u00a0\u00bb est le choix id\u00e9al pour les amateurs de musculation qui cherchent \u00e0 renforcer leur force et leur \u00e9nergie pendant les entra\u00eenements intenses. Ce compl\u00e9ment alimentaire se distingue par sa formule efficace qui offre une puissante pouss\u00e9e d&rsquo;\u00e9nergie et de motivation pour obtenir les meilleures performances \u00e0 la salle de sport.<\/span><\/p>\n","protected":false},"featured_media":21426,"comment_status":"open","ping_status":"closed","template":"","meta":[],"product_brand":[],"product_cat":[202],"product_tag":[],"class_list":{"0":"post-21419","1":"product","2":"type-product","3":"status-publish","4":"has-post-thumbnail","6":"product_cat-les-supplements-therapeutiques","8":"first","9":"instock","10":"featured","11":"taxable","12":"shipping-taxable","13":"purchasable","14":"product-type-variable"},"_links":{"self":[{"href":"https:\/\/akcharcosmetics.com\/fr\/wp-json\/wp\/v2\/product\/21419","targetHints":{"allow":["GET"]}}],"collection":[{"href":"https:\/\/akcharcosmetics.com\/fr\/wp-json\/wp\/v2\/product"}],"about":[{"href":"https:\/\/akcharcosmetics.com\/fr\/wp-json\/wp\/v2\/types\/product"}],"replies":[{"embeddable":true,"href":"https:\/\/akcharcosmetics.com\/fr\/wp-json\/wp\/v2\/comments?post=21419"}],"version-history":[{"count":1,"href":"https:\/\/akcharcosmetics.com\/fr\/wp-json\/wp\/v2\/product\/21419\/revisions"}],"predecessor-version":[{"id":21429,"href":"https:\/\/akcharcosmetics.com\/fr\/wp-json\/wp\/v2\/product\/21419\/revisions\/21429"}],"wp:featuredmedia":[{"embeddable":true,"href":"https:\/\/akcharcosmetics.com\/fr\/wp-json\/wp\/v2\/media\/21426"}],"wp:attachment":[{"href":"https:\/\/akcharcosmetics.com\/fr\/wp-json\/wp\/v2\/media?parent=21419"}],"wp:term":[{"taxonomy":"product_brand","embeddable":true,"href":"https:\/\/akcharcosmetics.com\/fr\/wp-json\/wp\/v2\/product_brand?post=21419"},{"taxonomy":"product_cat","embeddable":true,"href":"https:\/\/akcharcosmetics.com\/fr\/wp-json\/wp\/v2\/product_cat?post=21419"},{"taxonomy":"product_tag","embeddable":true,"href":"https:\/\/akcharcosmetics.com\/fr\/wp-json\/wp\/v2\/product_tag?post=21419"}],"curies":[{"name":"wp","href":"https:\/\/api.w.org\/{rel}","templated":true}]}}