{"id":21401,"date":"2024-02-01T11:53:05","date_gmt":"2024-02-01T11:53:05","guid":{"rendered":"https:\/\/akcharcosmetics.com\/?post_type=product&#038;p=21401"},"modified":"2026-01-05T22:44:44","modified_gmt":"2026-01-05T22:44:44","slug":"herarmour-defense-complement-alimentaire-pour-stimuler-la-croissance-des-cheveux-chez-les-hommes-2","status":"publish","type":"product","link":"https:\/\/akcharcosmetics.com\/fr\/produit\/herarmour-defense-complement-alimentaire-pour-stimuler-la-croissance-des-cheveux-chez-les-hommes-2\/","title":{"rendered":"Hypertension &#8211; Compl\u00e9ment alimentaire pour \u00e9quilibrer la pression art\u00e9rielle et le cholest\u00e9rol"},"content":{"rendered":"<p><b>Avantages du compl\u00e9ment alimentaire pour am\u00e9liorer la sant\u00e9 cardiaque et \u00e9quilibrer la pression et le cholest\u00e9rol:<\/b><\/p>\n<p><b>Am\u00e9lioration de la pression art\u00e9rielle :<\/b><span style=\"font-weight: 400;\"> Hypertension a \u00e9t\u00e9 soigneusement d\u00e9velopp\u00e9e pour \u00e9quilibrer la pression art\u00e9rielle, vous aidant \u00e0 maintenir des niveaux normaux.<\/span><\/p>\n<p><b>R\u00e9gulation des niveaux de cholest\u00e9rol <\/b><span style=\"font-weight: 400;\">: Le compl\u00e9ment contient des ingr\u00e9dients<\/span> <span style=\"font-weight: 400;\">efficaces qui favorisent la r\u00e9gulation des niveaux de cholest\u00e9rol dans le corps, contribuant \u00e0 la sant\u00e9 du c\u0153ur et des vaisseaux sanguins.<\/span><\/p>\n<p><b>Formule naturelle et s\u00fbre <\/b><span style=\"font-weight: 400;\">: Hypertension repose sur une formule unique d&rsquo;ingr\u00e9dients naturels qui travaillent en harmonie pour obtenir les r\u00e9sultats souhait\u00e9s sans effets secondaires ind\u00e9sirables.<\/span><\/p>\n<p><b>Facilit\u00e9 d&rsquo;utilisation <\/b><span style=\"font-weight: 400;\">: Le produit se pr\u00e9sente sous forme de capsules faciles \u00e0 utiliser, faisant partie de votre routine quotidienne de mani\u00e8re pratique.<\/span><\/p>\n<p><b>Soutien global pour le c\u0153ur<\/b><span style=\"font-weight: 400;\"> : Hypertension offre un soutien complet pour la sant\u00e9 cardiaque, en faisant un choix id\u00e9al pour ceux qui cherchent \u00e0 am\u00e9liorer leur qualit\u00e9 de vie en g\u00e9n\u00e9ral.<\/span><\/p>\n<p><span style=\"font-weight: 400;\">Commandez-le maintenant et profitez d&rsquo;une vie saine et active avec Hypertension, le compl\u00e9ment alimentaire qui prend soin de votre sant\u00e9 cardiaque compl\u00e8te<\/span><\/p>\n","protected":false},"excerpt":{"rendered":"<p><span style=\"font-weight: 400;\">La sant\u00e9 cardiaque est essentielle pour une vie saine, et pour soutenir cet aspect vital de votre corps, nous vous pr\u00e9sentons \u00ab\u00a0Hypertension\u00a0\u00bb, le compl\u00e9ment alimentaire innovant et efficace qui vise \u00e0 am\u00e9liorer naturellement et en toute s\u00e9curit\u00e9 les niveaux de pression art\u00e9rielle et de cholest\u00e9rol.<\/span><\/p>\n","protected":false},"featured_media":21402,"comment_status":"open","ping_status":"closed","template":"","meta":[],"product_brand":[],"product_cat":[202],"product_tag":[],"class_list":{"0":"post-21401","1":"product","2":"type-product","3":"status-publish","4":"has-post-thumbnail","6":"product_cat-les-supplements-therapeutiques","8":"first","9":"instock","10":"taxable","11":"shipping-taxable","12":"purchasable","13":"product-type-variable"},"_links":{"self":[{"href":"https:\/\/akcharcosmetics.com\/fr\/wp-json\/wp\/v2\/product\/21401","targetHints":{"allow":["GET"]}}],"collection":[{"href":"https:\/\/akcharcosmetics.com\/fr\/wp-json\/wp\/v2\/product"}],"about":[{"href":"https:\/\/akcharcosmetics.com\/fr\/wp-json\/wp\/v2\/types\/product"}],"replies":[{"embeddable":true,"href":"https:\/\/akcharcosmetics.com\/fr\/wp-json\/wp\/v2\/comments?post=21401"}],"version-history":[{"count":3,"href":"https:\/\/akcharcosmetics.com\/fr\/wp-json\/wp\/v2\/product\/21401\/revisions"}],"predecessor-version":[{"id":22123,"href":"https:\/\/akcharcosmetics.com\/fr\/wp-json\/wp\/v2\/product\/21401\/revisions\/22123"}],"wp:featuredmedia":[{"embeddable":true,"href":"https:\/\/akcharcosmetics.com\/fr\/wp-json\/wp\/v2\/media\/21402"}],"wp:attachment":[{"href":"https:\/\/akcharcosmetics.com\/fr\/wp-json\/wp\/v2\/media?parent=21401"}],"wp:term":[{"taxonomy":"product_brand","embeddable":true,"href":"https:\/\/akcharcosmetics.com\/fr\/wp-json\/wp\/v2\/product_brand?post=21401"},{"taxonomy":"product_cat","embeddable":true,"href":"https:\/\/akcharcosmetics.com\/fr\/wp-json\/wp\/v2\/product_cat?post=21401"},{"taxonomy":"product_tag","embeddable":true,"href":"https:\/\/akcharcosmetics.com\/fr\/wp-json\/wp\/v2\/product_tag?post=21401"}],"curies":[{"name":"wp","href":"https:\/\/api.w.org\/{rel}","templated":true}]}}