{"id":21386,"date":"2024-02-01T11:16:01","date_gmt":"2024-02-01T11:16:01","guid":{"rendered":"https:\/\/akcharcosmetics.com\/?post_type=product&#038;p=21386"},"modified":"2024-10-09T10:35:44","modified_gmt":"2024-10-09T10:35:44","slug":"herarmour-defense-complement-alimentaire-pour-stimuler-la-croissance-des-cheveux-chez-les-hommes","status":"publish","type":"product","link":"https:\/\/akcharcosmetics.com\/fr\/produit\/herarmour-defense-complement-alimentaire-pour-stimuler-la-croissance-des-cheveux-chez-les-hommes\/","title":{"rendered":"H\u00e9rarmour D\u00e9fense &#8211; Compl\u00e9ment alimentaire pour stimuler la croissance des cheveux chez les hommes"},"content":{"rendered":"<p><b>Caract\u00e9ristiques de la formule de renouvellement capillaire :<\/b><\/p>\n<p><b>Ingr\u00e9dients naturels :<\/b><span style=\"font-weight: 400;\"> Le \u00ab\u00a0compl\u00e9ment alimentaire pour stimuler la croissance des cheveux chez les hommes\u00a0\u00bb repose sur des ingr\u00e9dients naturels de haute qualit\u00e9 pour stimuler les cellules du cuir chevelu et am\u00e9liorer la circulation sanguine, favorisant ainsi la croissance des cheveux et pr\u00e9venant la chute.<\/span><\/p>\n<p><b>Composition efficace : <\/b><span style=\"font-weight: 400;\">Le compl\u00e9ment inclut un m\u00e9lange efficace de vitamines et de min\u00e9raux essentiels qui jouent un r\u00f4le crucial dans l&rsquo;am\u00e9lioration de la sant\u00e9 du cuir chevelu et la nutrition des follicules pileux.<\/span><\/p>\n<p><b>Convient \u00e0 tous :<\/b><span style=\"font-weight: 400;\"> Con\u00e7u pour r\u00e9pondre aux besoins des hommes, le \u00ab\u00a0compl\u00e9ment alimentaire pour stimuler la croissance des cheveux chez les hommes\u00a0\u00bb convient \u00e0 tous les types de cheveux et \u00e0 tous les adultes.<\/span><\/p>\n<p><b>R\u00e9sultats rapides :<\/b><span style=\"font-weight: 400;\"> Le compl\u00e9ment agit efficacement pour obtenir des r\u00e9sultats significatifs en un laps de temps court, en faisant le choix id\u00e9al pour ceux qui cherchent \u00e0 am\u00e9liorer la qualit\u00e9 de leurs cheveux.<\/span><\/p>\n<p><b>Sans substances chimiques nocives :<\/b><span style=\"font-weight: 400;\"> Le \u00ab\u00a0compl\u00e9ment alimentaire pour stimuler la croissance des cheveux chez les hommes\u00a0\u00bb est exempt de substances nocives et de produits chimiques agressifs, 100 % naturel, ce qui le rend s\u00fbr pour une utilisation quotidienne.<\/span><\/p>\n<p><span style=\"font-weight: 400;\">Commandez-le maintenant et \u00e9liminez d\u00e9finitivement les probl\u00e8mes de chute de cheveux, retrouvez la sant\u00e9 de vos cheveux avant qu&rsquo;il ne soit trop tard.<\/span><\/p>\n","protected":false},"excerpt":{"rendered":"<p><span style=\"font-weight: 400;\">Une exp\u00e9rience unique et compl\u00e8te pour prendre soin des cheveux, le \u00ab\u00a0compl\u00e9ment alimentaire pour stimuler la croissance des cheveux chez les hommes\u00a0\u00bb se distingue par une formule efficace visant \u00e0 favoriser la croissance des cheveux et \u00e0 pr\u00e9venir leur chute chez les hommes. Ce compl\u00e9ment alimentaire convient aux hommes recherchant une solution globale aux probl\u00e8mes de chute de cheveux et de cheveux clairsem\u00e9s.<\/span><\/p>\n","protected":false},"featured_media":21390,"comment_status":"open","ping_status":"closed","template":"","meta":[],"product_brand":[],"product_cat":[202],"product_tag":[],"class_list":{"0":"post-21386","1":"product","2":"type-product","3":"status-publish","4":"has-post-thumbnail","6":"product_cat-les-supplements-therapeutiques","8":"first","9":"instock","10":"taxable","11":"shipping-taxable","12":"purchasable","13":"product-type-variable"},"_links":{"self":[{"href":"https:\/\/akcharcosmetics.com\/fr\/wp-json\/wp\/v2\/product\/21386","targetHints":{"allow":["GET"]}}],"collection":[{"href":"https:\/\/akcharcosmetics.com\/fr\/wp-json\/wp\/v2\/product"}],"about":[{"href":"https:\/\/akcharcosmetics.com\/fr\/wp-json\/wp\/v2\/types\/product"}],"replies":[{"embeddable":true,"href":"https:\/\/akcharcosmetics.com\/fr\/wp-json\/wp\/v2\/comments?post=21386"}],"version-history":[{"count":1,"href":"https:\/\/akcharcosmetics.com\/fr\/wp-json\/wp\/v2\/product\/21386\/revisions"}],"predecessor-version":[{"id":21396,"href":"https:\/\/akcharcosmetics.com\/fr\/wp-json\/wp\/v2\/product\/21386\/revisions\/21396"}],"wp:featuredmedia":[{"embeddable":true,"href":"https:\/\/akcharcosmetics.com\/fr\/wp-json\/wp\/v2\/media\/21390"}],"wp:attachment":[{"href":"https:\/\/akcharcosmetics.com\/fr\/wp-json\/wp\/v2\/media?parent=21386"}],"wp:term":[{"taxonomy":"product_brand","embeddable":true,"href":"https:\/\/akcharcosmetics.com\/fr\/wp-json\/wp\/v2\/product_brand?post=21386"},{"taxonomy":"product_cat","embeddable":true,"href":"https:\/\/akcharcosmetics.com\/fr\/wp-json\/wp\/v2\/product_cat?post=21386"},{"taxonomy":"product_tag","embeddable":true,"href":"https:\/\/akcharcosmetics.com\/fr\/wp-json\/wp\/v2\/product_tag?post=21386"}],"curies":[{"name":"wp","href":"https:\/\/api.w.org\/{rel}","templated":true}]}}