{"id":21342,"date":"2024-02-01T10:59:50","date_gmt":"2024-02-01T10:59:50","guid":{"rendered":"https:\/\/akcharcosmetics.com\/?post_type=product&#038;p=21342"},"modified":"2025-04-12T22:52:10","modified_gmt":"2025-04-12T22:52:10","slug":"moms-milk-miracle","status":"publish","type":"product","link":"https:\/\/akcharcosmetics.com\/fr\/produit\/moms-milk-miracle\/","title":{"rendered":"Moms Milk Miracle"},"content":{"rendered":"<p><span style=\"font-weight: 400;\">LE MIRACLE DE LA LACTATION POUR LES MAMANS &#8211; Nos suppl\u00e9ments de soutien \u00e0 la lactation, expertement formul\u00e9s, aident avec les probl\u00e8mes les plus courants des mamans : faible production de lait, faible immunit\u00e9, perte de cheveux post-partum et favorisent la r\u00e9cup\u00e9ration globale apr\u00e8s l&rsquo;accouchement.<\/span><\/p>\n<p>&nbsp;<\/p>\n<p><span style=\"font-weight: 400;\">SUPER ALIMENTS POUR AM\u00c9LIORER LA PRODUCTION DE LAIT &#8211; Les suppl\u00e9ments pour la production de lait Boobie Bears sont riches en super aliments : Moringa, Curcuma et Cannelle pour augmenter la production de lait. Un essentiel de l&rsquo;allaitement incontournable pour le post-partum.<\/span><\/p>\n<p>&nbsp;<\/p>\n<p><span style=\"font-weight: 400;\">INGR\u00c9DIENTS DE CONFIANCE POUR LES MAMANS &#8211; Sans gluten, sans produits laitiers, v\u00e9g\u00e9talien, sans soja, non-OGM, certifi\u00e9, sans fenugrec et 100% naturel.<\/span><\/p>\n","protected":false},"excerpt":{"rendered":"<p><span style=\"font-weight: 400;\">\u00ab\u00a0Moms Milk Miracle\u00a0\u00bb est un suppl\u00e9ment sp\u00e9cialement formul\u00e9 pour soutenir les m\u00e8res allaitantes dans l&rsquo;am\u00e9lioration et le maintien d&rsquo;une production saine de lait maternel. Con\u00e7u avec un m\u00e9lange d&rsquo;ingr\u00e9dients naturels connus pour leurs propri\u00e9t\u00e9s lactog\u00e8nes, ce suppl\u00e9ment vise \u00e0 stimuler la production de lait et \u00e0 am\u00e9liorer la qualit\u00e9 du lait maternel.<\/span><\/p>\n","protected":false},"featured_media":21349,"comment_status":"open","ping_status":"closed","template":"","meta":[],"product_brand":[],"product_cat":[202],"product_tag":[],"class_list":{"0":"post-21342","1":"product","2":"type-product","3":"status-publish","4":"has-post-thumbnail","6":"product_cat-les-supplements-therapeutiques","8":"first","9":"instock","10":"taxable","11":"shipping-taxable","12":"purchasable","13":"product-type-variable"},"_links":{"self":[{"href":"https:\/\/akcharcosmetics.com\/fr\/wp-json\/wp\/v2\/product\/21342","targetHints":{"allow":["GET"]}}],"collection":[{"href":"https:\/\/akcharcosmetics.com\/fr\/wp-json\/wp\/v2\/product"}],"about":[{"href":"https:\/\/akcharcosmetics.com\/fr\/wp-json\/wp\/v2\/types\/product"}],"replies":[{"embeddable":true,"href":"https:\/\/akcharcosmetics.com\/fr\/wp-json\/wp\/v2\/comments?post=21342"}],"version-history":[{"count":1,"href":"https:\/\/akcharcosmetics.com\/fr\/wp-json\/wp\/v2\/product\/21342\/revisions"}],"predecessor-version":[{"id":21364,"href":"https:\/\/akcharcosmetics.com\/fr\/wp-json\/wp\/v2\/product\/21342\/revisions\/21364"}],"wp:featuredmedia":[{"embeddable":true,"href":"https:\/\/akcharcosmetics.com\/fr\/wp-json\/wp\/v2\/media\/21349"}],"wp:attachment":[{"href":"https:\/\/akcharcosmetics.com\/fr\/wp-json\/wp\/v2\/media?parent=21342"}],"wp:term":[{"taxonomy":"product_brand","embeddable":true,"href":"https:\/\/akcharcosmetics.com\/fr\/wp-json\/wp\/v2\/product_brand?post=21342"},{"taxonomy":"product_cat","embeddable":true,"href":"https:\/\/akcharcosmetics.com\/fr\/wp-json\/wp\/v2\/product_cat?post=21342"},{"taxonomy":"product_tag","embeddable":true,"href":"https:\/\/akcharcosmetics.com\/fr\/wp-json\/wp\/v2\/product_tag?post=21342"}],"curies":[{"name":"wp","href":"https:\/\/api.w.org\/{rel}","templated":true}]}}