{"id":19102,"date":"2023-11-24T09:25:54","date_gmt":"2023-11-24T09:25:54","guid":{"rendered":"https:\/\/akcharcosmetics.com\/?post_type=product&#038;p=19102"},"modified":"2024-02-29T17:20:42","modified_gmt":"2024-02-29T17:20:42","slug":"pack-de-renouvellement-capillaire-post-grossesse-revive-nourish","status":"publish","type":"product","link":"https:\/\/akcharcosmetics.com\/fr\/produit\/pack-de-renouvellement-capillaire-post-grossesse-revive-nourish\/","title":{"rendered":"Pack de Renouvellement Capillaire Post-Grossesse Revive &#038; Nourish"},"content":{"rendered":"\t\t<div data-elementor-type=\"product-post\" data-elementor-id=\"19102\" class=\"elementor elementor-19102\" data-elementor-post-type=\"product\">\n\t\t\t\t<div class=\"wd-negative-gap elementor-element elementor-element-84b2181 e-flex e-con-boxed e-con e-parent\" data-id=\"84b2181\" data-element_type=\"container\">\n\t\t\t\t\t<div class=\"e-con-inner\">\n\t\t<div class=\"elementor-element elementor-element-30777b5 e-con-full e-flex e-con e-child\" data-id=\"30777b5\" data-element_type=\"container\">\n\t\t\t\t<div class=\"elementor-element elementor-element-d08fab0 elementor-widget elementor-widget-wd_image_or_svg\" data-id=\"d08fab0\" data-element_type=\"widget\" data-widget_type=\"wd_image_or_svg.default\">\n\t\t\t\t<div class=\"elementor-widget-container\">\n\t\t\t\t\t\n\t\t<div class=\"wd-image text-center\">\n\t\t\t\t\t\t\t\t<img loading=\"lazy\" decoding=\"async\" width=\"900\" height=\"900\" src=\"https:\/\/akcharcosmetics.com\/wp-content\/uploads\/2023\/11\/image_ptj.png\" class=\"attachment-full size-full\" alt=\"\" srcset=\"https:\/\/akcharcosmetics.com\/wp-content\/uploads\/2023\/11\/image_ptj.png 900w, https:\/\/akcharcosmetics.com\/wp-content\/uploads\/2023\/11\/image_ptj-300x300.png 300w, https:\/\/akcharcosmetics.com\/wp-content\/uploads\/2023\/11\/image_ptj-800x800.png 800w, https:\/\/akcharcosmetics.com\/wp-content\/uploads\/2023\/11\/image_ptj-150x150.png 150w, https:\/\/akcharcosmetics.com\/wp-content\/uploads\/2023\/11\/image_ptj-768x768.png 768w, https:\/\/akcharcosmetics.com\/wp-content\/uploads\/2023\/11\/image_ptj-860x860.png 860w, https:\/\/akcharcosmetics.com\/wp-content\/uploads\/2023\/11\/image_ptj-430x430.png 430w, https:\/\/akcharcosmetics.com\/wp-content\/uploads\/2023\/11\/image_ptj-700x700.png 700w\" sizes=\"auto, (max-width: 900px) 100vw, 900px\" title=\"\">\t\t\t\t\t<\/div>\n\n\t\t\t\t\t\t<\/div>\n\t\t\t\t<\/div>\n\t\t\t\t<\/div>\n\t\t<div class=\"elementor-element elementor-element-d86008d e-con-full e-flex e-con e-child\" data-id=\"d86008d\" data-element_type=\"container\">\n\t\t\t\t<div class=\"elementor-element elementor-element-76e005a elementor-widget elementor-widget-heading\" data-id=\"76e005a\" data-element_type=\"widget\" data-widget_type=\"heading.default\">\n\t\t\t\t<div class=\"elementor-widget-container\">\n\t\t\t\t\t<h2 class=\"elementor-heading-title elementor-size-default\">Huile de Renouvellement Capillaire :<\/h2>\t\t\t\t<\/div>\n\t\t\t\t<\/div>\n\t\t\t\t<div class=\"elementor-element elementor-element-34b33e7 color-scheme-inherit text-left elementor-widget elementor-widget-text-editor\" data-id=\"34b33e7\" data-element_type=\"widget\" data-widget_type=\"text-editor.default\">\n\t\t\t\t<div class=\"elementor-widget-container\">\n\t\t\t\t\t\t\t\t\t<p><span style=\"font-weight: 400;\">Infus\u00e9e de l&rsquo;essence puissante d&rsquo;amande, de coco et d&rsquo;huiles d&rsquo;olive, notre Huile de Renouvellement Capillaire offre un m\u00e9lange nourrissant qui p\u00e9n\u00e8tre profond\u00e9ment dans le cuir chevelu, apportant des nutriments essentiels pour renforcer les racines et revitaliser les m\u00e8ches ternes. Riche en vitamines et antioxydants, cet \u00e9lixir rajeunissant favorise la croissance des cheveux, r\u00e9duit la casse et redonne de l&rsquo;\u00e9clat, laissant vos cheveux soyeux et pleins de vie.<\/span><\/p>\t\t\t\t\t\t\t\t<\/div>\n\t\t\t\t<\/div>\n\t\t\t\t<\/div>\n\t\t\t\t\t<\/div>\n\t\t\t\t<\/div>\n\t\t<div class=\"wd-negative-gap elementor-element elementor-element-0bfe137 e-flex e-con-boxed e-con e-parent\" data-id=\"0bfe137\" data-element_type=\"container\">\n\t\t\t\t\t<div class=\"e-con-inner\">\n\t\t<div class=\"elementor-element elementor-element-f7d226f e-con-full e-flex e-con e-child\" data-id=\"f7d226f\" data-element_type=\"container\">\n\t\t\t\t<div class=\"elementor-element elementor-element-650d233 elementor-widget elementor-widget-wd_image_or_svg\" data-id=\"650d233\" data-element_type=\"widget\" data-widget_type=\"wd_image_or_svg.default\">\n\t\t\t\t<div class=\"elementor-widget-container\">\n\t\t\t\t\t\n\t\t<div class=\"wd-image text-center\">\n\t\t\t\t\t\t\t\t<img loading=\"lazy\" decoding=\"async\" width=\"900\" height=\"900\" src=\"https:\/\/akcharcosmetics.com\/wp-content\/uploads\/2023\/11\/image__cm.png\" class=\"attachment-full size-full\" alt=\"\" srcset=\"https:\/\/akcharcosmetics.com\/wp-content\/uploads\/2023\/11\/image__cm.png 900w, https:\/\/akcharcosmetics.com\/wp-content\/uploads\/2023\/11\/image__cm-300x300.png 300w, https:\/\/akcharcosmetics.com\/wp-content\/uploads\/2023\/11\/image__cm-800x800.png 800w, https:\/\/akcharcosmetics.com\/wp-content\/uploads\/2023\/11\/image__cm-150x150.png 150w, https:\/\/akcharcosmetics.com\/wp-content\/uploads\/2023\/11\/image__cm-768x768.png 768w, https:\/\/akcharcosmetics.com\/wp-content\/uploads\/2023\/11\/image__cm-860x860.png 860w, https:\/\/akcharcosmetics.com\/wp-content\/uploads\/2023\/11\/image__cm-430x430.png 430w, https:\/\/akcharcosmetics.com\/wp-content\/uploads\/2023\/11\/image__cm-700x700.png 700w\" sizes=\"auto, (max-width: 900px) 100vw, 900px\" title=\"\">\t\t\t\t\t<\/div>\n\n\t\t\t\t\t\t<\/div>\n\t\t\t\t<\/div>\n\t\t\t\t<\/div>\n\t\t<div class=\"elementor-element elementor-element-7627f1c e-con-full e-flex e-con e-child\" data-id=\"7627f1c\" data-element_type=\"container\">\n\t\t\t\t<div class=\"elementor-element elementor-element-2bbcec7 elementor-widget elementor-widget-heading\" data-id=\"2bbcec7\" data-element_type=\"widget\" data-widget_type=\"heading.default\">\n\t\t\t\t<div class=\"elementor-widget-container\">\n\t\t\t\t\t<h2 class=\"elementor-heading-title elementor-size-default\">Compl\u00e9ment alimentaire :\n<\/h2>\t\t\t\t<\/div>\n\t\t\t\t<\/div>\n\t\t\t\t<div class=\"elementor-element elementor-element-e9e43b6 color-scheme-inherit text-left elementor-widget elementor-widget-text-editor\" data-id=\"e9e43b6\" data-element_type=\"widget\" data-widget_type=\"text-editor.default\">\n\t\t\t\t<div class=\"elementor-widget-container\">\n\t\t\t\t\t\t\t\t\t<p><span style=\"font-weight: 400;\">Notre compl\u00e9ment alimentaire soigneusement formul\u00e9 compl\u00e8te l&rsquo;Huile de Renouvellement Capillaire en reconstituant des nutriments vitaux qui contribuent \u00e0 la revitalisation des cheveux. Riche en vitamine D, zinc et fer, ce compl\u00e9ment alimentaire soutient la sant\u00e9 globale des cheveux de l&rsquo;int\u00e9rieur. La vitamine D stimule la croissance des follicules, le zinc fortifie la structure des cheveux, tandis que le fer favorise la circulation vers le cuir chevelu, favorisant des cheveux plus sains, plus forts et plus r\u00e9silients.<\/span><\/p><p>\u00a0<\/p><p><span style=\"font-weight: 400;\">Dites bonjour \u00e0 un nouveau chapitre de confiance et de vitalit\u00e9 avec notre pack de renouvellement capillaire inspir\u00e9 par la nature, m\u00e9ticuleusement con\u00e7u pour r\u00e9pondre aux pr\u00e9occupations capillaires post-grossesse et vous aider \u00e0 red\u00e9couvrir la joie de cheveux luxuriants et rajeunis.<\/span><\/p>\t\t\t\t\t\t\t\t<\/div>\n\t\t\t\t<\/div>\n\t\t\t\t<\/div>\n\t\t\t\t\t<\/div>\n\t\t\t\t<\/div>\n\t\t<div class=\"wd-negative-gap elementor-element elementor-element-afd9d84 e-flex e-con-boxed e-con e-parent\" data-id=\"afd9d84\" data-element_type=\"container\">\n\t\t\t\t\t<div class=\"e-con-inner\">\n\t\t\t\t<div class=\"elementor-element elementor-element-954fa90 elementor-widget elementor-widget-heading\" data-id=\"954fa90\" data-element_type=\"widget\" data-widget_type=\"heading.default\">\n\t\t\t\t<div class=\"elementor-widget-container\">\n\t\t\t\t\t<h2 class=\"elementor-heading-title elementor-size-default\">Mode d'emploi :\n<\/h2>\t\t\t\t<\/div>\n\t\t\t\t<\/div>\n\t\t\t\t<div class=\"elementor-element elementor-element-44908bd color-scheme-inherit text-left elementor-widget elementor-widget-text-editor\" data-id=\"44908bd\" data-element_type=\"widget\" data-widget_type=\"text-editor.default\">\n\t\t\t\t<div class=\"elementor-widget-container\">\n\t\t\t\t\t\t\t\t\t<p><span style=\"font-weight: 400;\">Appliquez g\u00e9n\u00e9reusement l&rsquo;Huile de Renouvellement Capillaire sur le cuir chevelu, en massant doucement pour assurer l&rsquo;absorption. Pour de meilleurs r\u00e9sultats, utilisez r\u00e9guli\u00e8rement dans le cadre de votre routine capillaire.<\/span><\/p><p><span style=\"font-weight: 400;\">Prenez le compl\u00e9ment alimentaire comme indiqu\u00e9 pour des b\u00e9n\u00e9fices optimaux.<\/span><\/p>\t\t\t\t\t\t\t\t<\/div>\n\t\t\t\t<\/div>\n\t\t\t\t\t<\/div>\n\t\t\t\t<\/div>\n\t\t<div class=\"wd-negative-gap elementor-element elementor-element-9ee68b4 e-flex e-con-boxed e-con e-parent\" data-id=\"9ee68b4\" data-element_type=\"container\">\n\t\t\t\t\t<div class=\"e-con-inner\">\n\t\t\t\t<div class=\"elementor-element elementor-element-96d7e18 elementor-widget elementor-widget-heading\" data-id=\"96d7e18\" data-element_type=\"widget\" data-widget_type=\"heading.default\">\n\t\t\t\t<div class=\"elementor-widget-container\">\n\t\t\t\t\t<h2 class=\"elementor-heading-title elementor-size-default\">Restaurez la gloire naturelle de vos cheveux et accueillez chaque jour avec une confiance renouvel\u00e9e ! \ud83d\udc96\n<\/h2>\t\t\t\t<\/div>\n\t\t\t\t<\/div>\n\t\t\t\t\t<\/div>\n\t\t\t\t<\/div>\n\t\t\t\t<\/div>\n\t\t","protected":false},"excerpt":{"rendered":"<p><span style=\"font-weight: 400;\">Embrassez le voyage de la r\u00e9g\u00e9n\u00e9ration avec notre Pack de Renouvellement Capillaire Post-Grossesse sp\u00e9cialement con\u00e7u pour restaurer la vitalit\u00e9 naturelle de vos cheveux apr\u00e8s la belle mais exigeante phase de la grossesse.<\/span><\/p>\n","protected":false},"featured_media":19112,"comment_status":"open","ping_status":"closed","template":"","meta":[],"product_brand":[],"product_cat":[193],"product_tag":[],"class_list":{"0":"post-19102","1":"product","2":"type-product","3":"status-publish","4":"has-post-thumbnail","6":"product_cat-les-packs","8":"first","9":"instock","10":"taxable","11":"shipping-taxable","12":"purchasable","13":"product-type-simple"},"_links":{"self":[{"href":"https:\/\/akcharcosmetics.com\/fr\/wp-json\/wp\/v2\/product\/19102","targetHints":{"allow":["GET"]}}],"collection":[{"href":"https:\/\/akcharcosmetics.com\/fr\/wp-json\/wp\/v2\/product"}],"about":[{"href":"https:\/\/akcharcosmetics.com\/fr\/wp-json\/wp\/v2\/types\/product"}],"replies":[{"embeddable":true,"href":"https:\/\/akcharcosmetics.com\/fr\/wp-json\/wp\/v2\/comments?post=19102"}],"version-history":[{"count":18,"href":"https:\/\/akcharcosmetics.com\/fr\/wp-json\/wp\/v2\/product\/19102\/revisions"}],"predecessor-version":[{"id":19374,"href":"https:\/\/akcharcosmetics.com\/fr\/wp-json\/wp\/v2\/product\/19102\/revisions\/19374"}],"wp:featuredmedia":[{"embeddable":true,"href":"https:\/\/akcharcosmetics.com\/fr\/wp-json\/wp\/v2\/media\/19112"}],"wp:attachment":[{"href":"https:\/\/akcharcosmetics.com\/fr\/wp-json\/wp\/v2\/media?parent=19102"}],"wp:term":[{"taxonomy":"product_brand","embeddable":true,"href":"https:\/\/akcharcosmetics.com\/fr\/wp-json\/wp\/v2\/product_brand?post=19102"},{"taxonomy":"product_cat","embeddable":true,"href":"https:\/\/akcharcosmetics.com\/fr\/wp-json\/wp\/v2\/product_cat?post=19102"},{"taxonomy":"product_tag","embeddable":true,"href":"https:\/\/akcharcosmetics.com\/fr\/wp-json\/wp\/v2\/product_tag?post=19102"}],"curies":[{"name":"wp","href":"https:\/\/api.w.org\/{rel}","templated":true}]}}