{"id":18853,"date":"2023-11-21T13:32:56","date_gmt":"2023-11-21T13:32:56","guid":{"rendered":"https:\/\/akcharcosmetics.com\/?post_type=product&#038;p=18853"},"modified":"2024-08-23T10:26:26","modified_gmt":"2024-08-23T10:26:26","slug":"huile-davocat","status":"publish","type":"product","link":"https:\/\/akcharcosmetics.com\/fr\/produit\/huile-davocat\/","title":{"rendered":"Huile d&rsquo;avocat"},"content":{"rendered":"<p><b>Les bienfaits de l&rsquo;huile d&rsquo;avocat pour la peau et les cheveux ?<\/b><\/p>\n<p><b>Pour la peau :<\/b><\/p>\n<p><span style=\"font-weight: 400;\">Hydratation en profondeur : L&rsquo;huile d&rsquo;avocat est riche en acides gras et en antioxydants, ce qui en fait un excellent hydratant naturel. Elle p\u00e9n\u00e8tre profond\u00e9ment dans la peau, offrant une hydratation durable sans laisser de r\u00e9sidu gras.<\/span><\/p>\n<p><span style=\"font-weight: 400;\">Riche en nutriments : Elle contient des vitamines A, D et E, ainsi que du potassium et de la l\u00e9cithine, qui nourrissent et prot\u00e8gent la peau, favorisant un teint sain.<\/span><\/p>\n<p><span style=\"font-weight: 400;\">Apaisante et cicatrisante : L&rsquo;huile d&rsquo;avocat poss\u00e8de des propri\u00e9t\u00e9s anti-inflammatoires, ce qui la rend b\u00e9n\u00e9fique pour apaiser les peaux irrit\u00e9es ou endommag\u00e9es par le soleil. Elle peut aider \u00e0 calmer des affections telles que l&rsquo;ecz\u00e9ma ou le psoriasis.<\/span><\/p>\n<p><span style=\"font-weight: 400;\">Anti-\u00e2ge : Sa teneur en antioxydants aide \u00e0 lutter contre les radicaux libres, r\u00e9duisant l&rsquo;apparence des ridules et des rides, et favorisant la production de collag\u00e8ne pour une peau plus ferme.<\/span><\/p>\n<p>&nbsp;<\/p>\n<p><b>Pour les<\/b> <b>cheveux<\/b><span style=\"font-weight: 400;\"> :<\/span><\/p>\n<p><span style=\"font-weight: 400;\">Conditionnement en profondeur : L&rsquo;huile d&rsquo;avocat est facilement absorb\u00e9e et peut p\u00e9n\u00e9trer profond\u00e9ment dans la tige capillaire, fournissant une hydratation intense et renfor\u00e7ant les m\u00e8ches de cheveux, r\u00e9duisant la casse et les frisottis.<\/span><\/p>\n<p><span style=\"font-weight: 400;\">Sant\u00e9 du cuir chevelu : Masser l&rsquo;huile d&rsquo;avocat sur le cuir chevelu peut aider \u00e0 soulager la s\u00e9cheresse et les d\u00e9mangeaisons tout en favorisant un environnement plus sain pour le cuir chevelu.<\/span><\/p>\n<p><span style=\"font-weight: 400;\">Apporte brillance et douceur : Une utilisation r\u00e9guli\u00e8re de l&rsquo;huile d&rsquo;avocat peut am\u00e9liorer la texture des cheveux, les laissant plus doux, plus brillants et plus faciles \u00e0 coiffer.<\/span><\/p>\n<p>&nbsp;<\/p>\n<p><span style=\"font-weight: 400;\">Notre huile d&rsquo;avocat est un rem\u00e8de naturel pour votre routine de soins de la peau et des cheveux, offrant une exp\u00e9rience de soins rafra\u00eechissante et revigorante.<\/span><\/p>\n<p>&nbsp;<\/p>\n<p><span style=\"font-weight: 400;\">D\u00e9couvrez les bienfaits de l&rsquo;huile d&rsquo;avocat pour votre peau et vos cheveux. Commandez-la aujourd&rsquo;hui pour profiter de ses avantages.<\/span><\/p>\n","protected":false},"excerpt":{"rendered":"<p><span style=\"font-weight: 400;\">D\u00e9couvrez la pure nourriture de l&rsquo;huile d&rsquo;avocat, une huile riche et luxueuse extraite de la chair succulente des avocats m\u00fbrs. Riche en vitamines E, A et D, ainsi qu&rsquo;en acides gras om\u00e9ga-3 et en antioxydants, cet \u00e9lixir dor\u00e9 hydrate profond\u00e9ment et nourrit la peau et les cheveux.<\/span><\/p>\n","protected":false},"featured_media":18854,"comment_status":"open","ping_status":"closed","template":"","meta":[],"product_brand":[],"product_cat":[217],"product_tag":[],"class_list":{"0":"post-18853","1":"product","2":"type-product","3":"status-publish","4":"has-post-thumbnail","6":"product_cat-huiles-naturelles","8":"first","9":"instock","10":"taxable","11":"shipping-taxable","12":"purchasable","13":"product-type-variable","14":"has-default-attributes"},"_links":{"self":[{"href":"https:\/\/akcharcosmetics.com\/fr\/wp-json\/wp\/v2\/product\/18853","targetHints":{"allow":["GET"]}}],"collection":[{"href":"https:\/\/akcharcosmetics.com\/fr\/wp-json\/wp\/v2\/product"}],"about":[{"href":"https:\/\/akcharcosmetics.com\/fr\/wp-json\/wp\/v2\/types\/product"}],"replies":[{"embeddable":true,"href":"https:\/\/akcharcosmetics.com\/fr\/wp-json\/wp\/v2\/comments?post=18853"}],"version-history":[{"count":1,"href":"https:\/\/akcharcosmetics.com\/fr\/wp-json\/wp\/v2\/product\/18853\/revisions"}],"predecessor-version":[{"id":18863,"href":"https:\/\/akcharcosmetics.com\/fr\/wp-json\/wp\/v2\/product\/18853\/revisions\/18863"}],"wp:featuredmedia":[{"embeddable":true,"href":"https:\/\/akcharcosmetics.com\/fr\/wp-json\/wp\/v2\/media\/18854"}],"wp:attachment":[{"href":"https:\/\/akcharcosmetics.com\/fr\/wp-json\/wp\/v2\/media?parent=18853"}],"wp:term":[{"taxonomy":"product_brand","embeddable":true,"href":"https:\/\/akcharcosmetics.com\/fr\/wp-json\/wp\/v2\/product_brand?post=18853"},{"taxonomy":"product_cat","embeddable":true,"href":"https:\/\/akcharcosmetics.com\/fr\/wp-json\/wp\/v2\/product_cat?post=18853"},{"taxonomy":"product_tag","embeddable":true,"href":"https:\/\/akcharcosmetics.com\/fr\/wp-json\/wp\/v2\/product_tag?post=18853"}],"curies":[{"name":"wp","href":"https:\/\/api.w.org\/{rel}","templated":true}]}}