{"id":18838,"date":"2023-11-21T13:23:32","date_gmt":"2023-11-21T13:23:32","guid":{"rendered":"https:\/\/akcharcosmetics.com\/?post_type=product&#038;p=18838"},"modified":"2024-05-30T10:48:00","modified_gmt":"2024-05-30T10:48:00","slug":"huile-danis","status":"publish","type":"product","link":"https:\/\/akcharcosmetics.com\/fr\/produit\/huile-danis\/","title":{"rendered":"Huile d&rsquo;anis"},"content":{"rendered":"<p><span style=\"font-weight: 400;\">Les bienfaits de l&rsquo;huile d&rsquo;anis pour la peau et les cheveux ?<\/span><\/p>\n<p><span style=\"font-weight: 400;\">Pour la peau :<\/span><\/p>\n<p><span style=\"font-weight: 400;\">Propri\u00e9t\u00e9s antibact\u00e9riennes : L&rsquo;huile d&rsquo;anis contient des compos\u00e9s qui poss\u00e8dent des propri\u00e9t\u00e9s antibact\u00e9riennes, pouvant aider \u00e0 combattre certains types de bact\u00e9ries pouvant entra\u00eener des probl\u00e8mes cutan\u00e9s tels que l&rsquo;acn\u00e9.<\/span><\/p>\n<p><span style=\"font-weight: 400;\">Riche en antioxydants : Elle est riche en antioxydants qui peuvent aider \u00e0 neutraliser les radicaux libres, aidant potentiellement \u00e0 r\u00e9duire les signes de vieillissement et \u00e0 favoriser une peau d&rsquo;apparence plus saine.<\/span><\/p>\n<p><span style=\"font-weight: 400;\">Bienfaits aromatiques : La nature aromatique de l&rsquo;huile d&rsquo;anis peut avoir un effet apaisant lorsqu&rsquo;elle est utilis\u00e9e en aromath\u00e9rapie, r\u00e9duisant potentiellement le stress et contribuant indirectement \u00e0 une meilleure sant\u00e9 de la peau en r\u00e9duisant les probl\u00e8mes cutan\u00e9s li\u00e9s au stress.<\/span><\/p>\n<p>&nbsp;<\/p>\n<p><span style=\"font-weight: 400;\">Pour les cheveux :<\/span><\/p>\n<p><span style=\"font-weight: 400;\">Sant\u00e9 du cuir chevelu : L&rsquo;huile d&rsquo;anis, lorsqu&rsquo;elle est correctement dilu\u00e9e dans une huile porteuse, peut \u00eatre mass\u00e9e sur le cuir chevelu. Ses propri\u00e9t\u00e9s antimicrobiennes pourraient aider \u00e0 maintenir un environnement sain pour le cuir chevelu, r\u00e9duisant potentiellement les pellicules ou autres probl\u00e8mes du cuir chevelu.<\/span><\/p>\n<p><span style=\"font-weight: 400;\">Fragrance pour les cheveux : En raison de son ar\u00f4me agr\u00e9able, l&rsquo;huile d&rsquo;anis peut \u00eatre utilis\u00e9e dans les produits capillaires pour ajouter un parfum et offrir un parfum agr\u00e9able \u00e0 vos cheveux.<\/span><\/p>\n<p>&nbsp;<\/p>\n<p><span style=\"font-weight: 400;\">Notre huile d&rsquo;anis est un rem\u00e8de naturel pour votre routine de soins de la peau et des cheveux, offrant une exp\u00e9rience de soins rafra\u00eechissante et stimulante.<\/span><\/p>\n<p>&nbsp;<\/p>\n<p><span style=\"font-weight: 400;\">D\u00e9couvrez les bienfaits de l&rsquo;huile d&rsquo;anis pour votre peau et vos cheveux. Commandez-la aujourd&rsquo;hui pour profiter de ses avantages.<\/span><\/p>\n","protected":false},"excerpt":{"rendered":"<p><span style=\"font-weight: 400;\">Plongez-vous dans l&rsquo;essence aromatique de l&rsquo;huile d&rsquo;anis, une huile essentielle polyvalente et puissante pris\u00e9e pour ses nombreux bienfaits. Extraite des graines de la plante d&rsquo;anis, cette huile d\u00e9gage un ar\u00f4me riche, semblable \u00e0 la r\u00e9glisse, qui revigore les sens et offre divers avantages pour la sant\u00e9 et le bien-\u00eatre.<\/span><\/p>\n","protected":false},"featured_media":18839,"comment_status":"open","ping_status":"closed","template":"","meta":[],"product_brand":[],"product_cat":[217],"product_tag":[],"class_list":{"0":"post-18838","1":"product","2":"type-product","3":"status-publish","4":"has-post-thumbnail","6":"product_cat-huiles-naturelles","8":"first","9":"outofstock","10":"taxable","11":"shipping-taxable","12":"purchasable","13":"product-type-variable"},"_links":{"self":[{"href":"https:\/\/akcharcosmetics.com\/fr\/wp-json\/wp\/v2\/product\/18838","targetHints":{"allow":["GET"]}}],"collection":[{"href":"https:\/\/akcharcosmetics.com\/fr\/wp-json\/wp\/v2\/product"}],"about":[{"href":"https:\/\/akcharcosmetics.com\/fr\/wp-json\/wp\/v2\/types\/product"}],"replies":[{"embeddable":true,"href":"https:\/\/akcharcosmetics.com\/fr\/wp-json\/wp\/v2\/comments?post=18838"}],"version-history":[{"count":1,"href":"https:\/\/akcharcosmetics.com\/fr\/wp-json\/wp\/v2\/product\/18838\/revisions"}],"predecessor-version":[{"id":18848,"href":"https:\/\/akcharcosmetics.com\/fr\/wp-json\/wp\/v2\/product\/18838\/revisions\/18848"}],"wp:featuredmedia":[{"embeddable":true,"href":"https:\/\/akcharcosmetics.com\/fr\/wp-json\/wp\/v2\/media\/18839"}],"wp:attachment":[{"href":"https:\/\/akcharcosmetics.com\/fr\/wp-json\/wp\/v2\/media?parent=18838"}],"wp:term":[{"taxonomy":"product_brand","embeddable":true,"href":"https:\/\/akcharcosmetics.com\/fr\/wp-json\/wp\/v2\/product_brand?post=18838"},{"taxonomy":"product_cat","embeddable":true,"href":"https:\/\/akcharcosmetics.com\/fr\/wp-json\/wp\/v2\/product_cat?post=18838"},{"taxonomy":"product_tag","embeddable":true,"href":"https:\/\/akcharcosmetics.com\/fr\/wp-json\/wp\/v2\/product_tag?post=18838"}],"curies":[{"name":"wp","href":"https:\/\/api.w.org\/{rel}","templated":true}]}}