{"id":18822,"date":"2023-11-21T13:17:04","date_gmt":"2023-11-21T13:17:04","guid":{"rendered":"https:\/\/akcharcosmetics.com\/?post_type=product&#038;p=18822"},"modified":"2024-05-30T10:48:00","modified_gmt":"2024-05-30T10:48:00","slug":"huile-de-menthe-poivree","status":"publish","type":"product","link":"https:\/\/akcharcosmetics.com\/fr\/produit\/huile-de-menthe-poivree\/","title":{"rendered":"Huile de menthe poivr\u00e9e"},"content":{"rendered":"<p><b>Les bienfaits de l&rsquo;huile de Menthe Poivr\u00e9e ?\u00a0<\/b><\/p>\n<p>&nbsp;<\/p>\n<p><b>Pour la Peau :\u00a0<\/b><\/p>\n<p><span style=\"font-weight: 400;\">L&rsquo;huile de Menthe Poivr\u00e9e est un atout pour la peau, offrant de nombreux bienfaits :\u00a0<\/span><\/p>\n<ul>\n<li style=\"font-weight: 400;\" aria-level=\"1\"><span style=\"font-weight: 400;\">Nettoyage en Profondeur : Elle nettoie et purifie la peau, \u00e9liminant les impuret\u00e9s et aidant \u00e0 pr\u00e9venir les imperfections cutan\u00e9es.\u00a0<\/span><\/li>\n<li style=\"font-weight: 400;\" aria-level=\"1\"><span style=\"font-weight: 400;\">Unification du Teint : Elle r\u00e9duit les taches brunes et aide \u00e0 unifier le teint, laissant la peau plus lumineuse.\u00a0<\/span><\/li>\n<li style=\"font-weight: 400;\" aria-level=\"1\"><span style=\"font-weight: 400;\">R\u00e9duction des Poches et des Cernes : Elle a des propri\u00e9t\u00e9s d\u00e9congestionnantes qui aident \u00e0 r\u00e9duire les poches sous les yeux et \u00e0 pr\u00e9venir les cernes.\u00a0<\/span><\/li>\n<\/ul>\n<p><b>Pour les Cheveux :<\/b><\/p>\n<p>&nbsp;<\/p>\n<p><span style=\"font-weight: 400;\">L&rsquo;huile de Menthe Poivr\u00e9e offre \u00e9galement des avantages pour les cheveux :\u00a0<\/span><\/p>\n<p>&nbsp;<\/p>\n<ul>\n<li style=\"font-weight: 400;\" aria-level=\"1\"><span style=\"font-weight: 400;\">Traitement de la perte de cheveux : L&rsquo;huile de menthe poivr\u00e9e aide \u00e0 renforcer la circulation sanguine dans le cuir chevelu, aidant ainsi les follicules pileux \u00e0 obtenir les nutriments dont ils ont besoin pour renforcer les cheveux depuis la racine.<\/span><\/li>\n<\/ul>\n<ul>\n<li style=\"font-weight: 400;\" aria-level=\"1\"><span style=\"font-weight: 400;\">Antiprurigineuse : Elle aide \u00e0 soulager les d\u00e9mangeaisons du cuir chevelu, id\u00e9ale pour les probl\u00e8mes de cuir chevelu irrit\u00e9.\u00a0<\/span><\/li>\n<\/ul>\n<p><span style=\"font-weight: 400;\">Notre Huile de Menthe Poivr\u00e9e est un v\u00e9ritable rem\u00e8de naturel pour votre routine de soins de la peau et des cheveux, offrant une exp\u00e9rience de soin rafra\u00eechissante et revitalisante.\u00a0<\/span><\/p>\n<p><span style=\"font-weight: 400;\">D\u00e9couvrez les bienfaits de l&rsquo;huile de Menthe Poivr\u00e9e pour votre peau et vos cheveux. Commandez-la d\u00e8s aujourd&rsquo;hui pour profiter de ses avantages.<\/span><\/p>\n","protected":false},"excerpt":{"rendered":"<p><span style=\"font-weight: 400;\">L&rsquo;huile de menthe poivr\u00e9e est une huile essentielle extraite des feuilles et des sommit\u00e9s de la plante de menthe poivr\u00e9e (Mentha x piperita). un rem\u00e8de polyvalent pour la peau et les cheveux, qui offre un nettoyage en profondeur, r\u00e9duit les imperfections de la peau, tonifie le corps.\u00a0<\/span><\/p>\n","protected":false},"featured_media":18823,"comment_status":"open","ping_status":"closed","template":"","meta":[],"product_brand":[],"product_cat":[217],"product_tag":[],"class_list":{"0":"post-18822","1":"product","2":"type-product","3":"status-publish","4":"has-post-thumbnail","6":"product_cat-huiles-naturelles","8":"first","9":"outofstock","10":"taxable","11":"shipping-taxable","12":"purchasable","13":"product-type-variable"},"_links":{"self":[{"href":"https:\/\/akcharcosmetics.com\/fr\/wp-json\/wp\/v2\/product\/18822","targetHints":{"allow":["GET"]}}],"collection":[{"href":"https:\/\/akcharcosmetics.com\/fr\/wp-json\/wp\/v2\/product"}],"about":[{"href":"https:\/\/akcharcosmetics.com\/fr\/wp-json\/wp\/v2\/types\/product"}],"replies":[{"embeddable":true,"href":"https:\/\/akcharcosmetics.com\/fr\/wp-json\/wp\/v2\/comments?post=18822"}],"version-history":[{"count":1,"href":"https:\/\/akcharcosmetics.com\/fr\/wp-json\/wp\/v2\/product\/18822\/revisions"}],"predecessor-version":[{"id":18832,"href":"https:\/\/akcharcosmetics.com\/fr\/wp-json\/wp\/v2\/product\/18822\/revisions\/18832"}],"wp:featuredmedia":[{"embeddable":true,"href":"https:\/\/akcharcosmetics.com\/fr\/wp-json\/wp\/v2\/media\/18823"}],"wp:attachment":[{"href":"https:\/\/akcharcosmetics.com\/fr\/wp-json\/wp\/v2\/media?parent=18822"}],"wp:term":[{"taxonomy":"product_brand","embeddable":true,"href":"https:\/\/akcharcosmetics.com\/fr\/wp-json\/wp\/v2\/product_brand?post=18822"},{"taxonomy":"product_cat","embeddable":true,"href":"https:\/\/akcharcosmetics.com\/fr\/wp-json\/wp\/v2\/product_cat?post=18822"},{"taxonomy":"product_tag","embeddable":true,"href":"https:\/\/akcharcosmetics.com\/fr\/wp-json\/wp\/v2\/product_tag?post=18822"}],"curies":[{"name":"wp","href":"https:\/\/api.w.org\/{rel}","templated":true}]}}