{"id":18807,"date":"2023-11-21T13:14:22","date_gmt":"2023-11-21T13:14:22","guid":{"rendered":"https:\/\/akcharcosmetics.com\/?post_type=product&#038;p=18807"},"modified":"2024-05-30T10:48:01","modified_gmt":"2024-05-30T10:48:01","slug":"huile-de-safran","status":"publish","type":"product","link":"https:\/\/akcharcosmetics.com\/fr\/produit\/huile-de-safran\/","title":{"rendered":"Huile de safran"},"content":{"rendered":"<p><b>Les bienfaits de l&rsquo;huile de safran pour la peau et les cheveux ? <\/b><span style=\"font-weight: 400;\">Pour la Peau :\u00a0<\/span><\/p>\n<p><span style=\"font-weight: 400;\">L&rsquo;huile de Safran est un tr\u00e9sor pour votre peau, riche en vitamine B2, vitamine A et antioxydants, elle offre une multitude d&rsquo;avantages :\u00a0<\/span><\/p>\n<p><span style=\"font-weight: 400;\">Anti-Vieillissement : Elle aide \u00e0 lutter contre les signes du vieillissement cutan\u00e9, laissant votre peau plus jeune et plus \u00e9clatante.\u00a0<\/span><\/p>\n<p><span style=\"font-weight: 400;\">Hydratation et Cicatrisation : Elle est un super hydratant et cicatrisant pour la peau, favorisant une peau douce et saine.\u00a0<\/span><\/p>\n<p><span style=\"font-weight: 400;\">Unification du Teint : Elle aide \u00e0 unifier le teint et \u00e0 \u00e9claircir la peau, laissant une apparence plus lumineuse.\u00a0<\/span><\/p>\n<p><span style=\"font-weight: 400;\">Pour les Cheveux :\u00a0<\/span><\/p>\n<p><span style=\"font-weight: 400;\">L&rsquo;huile de Safran offre \u00e9galement de nombreux avantages pour les cheveux :<\/span><\/p>\n<p><span style=\"font-weight: 400;\">Tonicit\u00e9 Capillaire : Elle rend les cheveux plus toniques, souples et brillants, am\u00e9liorant ainsi leur aspect global.\u00a0<\/span><\/p>\n<p><span style=\"font-weight: 400;\">Combat la Chute des Cheveux : Gr\u00e2ce \u00e0 ses propri\u00e9t\u00e9s antioxydantes, elle aide \u00e0 pr\u00e9venir la chute des cheveux.\u00a0<\/span><\/p>\n<p><span style=\"font-weight: 400;\">Notre Huile de Safran est un ingr\u00e9dient pr\u00e9cieux pour votre routine de soins de la peau et des cheveux, offrant une exp\u00e9rience de soin naturel et efficace.\u00a0<\/span><\/p>\n<p><span style=\"font-weight: 400;\">D\u00e9couvrez la magie du safran pour votre peau et vos cheveux. Commandez l&rsquo;huile de Safran d\u00e8s aujourd&rsquo;hui pour profiter de ses nombreux bienfaits. <\/span><\/p>\n","protected":false},"excerpt":{"rendered":"<p><span style=\"font-weight: 400;\">D\u00e9couvrez notre Huile de Safran, une v\u00e9ritable \u00e9pice de prestige depuis l&rsquo;Antiquit\u00e9, qui est le secret d&rsquo;une peau saine et de cheveux \u00e9clatants. Le safran est l&rsquo;\u00e9pice la plus pris\u00e9e en Occident et au Maroc, offrant saveur et bien-\u00eatre dans les plats, mais aussi des bienfaits exceptionnels pour la peau et les cheveux.\u00a0<\/span><\/p>\n","protected":false},"featured_media":18808,"comment_status":"open","ping_status":"closed","template":"","meta":[],"product_brand":[],"product_cat":[217],"product_tag":[],"class_list":{"0":"post-18807","1":"product","2":"type-product","3":"status-publish","4":"has-post-thumbnail","6":"product_cat-huiles-naturelles","8":"first","9":"outofstock","10":"taxable","11":"shipping-taxable","12":"purchasable","13":"product-type-variable"},"_links":{"self":[{"href":"https:\/\/akcharcosmetics.com\/fr\/wp-json\/wp\/v2\/product\/18807","targetHints":{"allow":["GET"]}}],"collection":[{"href":"https:\/\/akcharcosmetics.com\/fr\/wp-json\/wp\/v2\/product"}],"about":[{"href":"https:\/\/akcharcosmetics.com\/fr\/wp-json\/wp\/v2\/types\/product"}],"replies":[{"embeddable":true,"href":"https:\/\/akcharcosmetics.com\/fr\/wp-json\/wp\/v2\/comments?post=18807"}],"version-history":[{"count":1,"href":"https:\/\/akcharcosmetics.com\/fr\/wp-json\/wp\/v2\/product\/18807\/revisions"}],"predecessor-version":[{"id":18817,"href":"https:\/\/akcharcosmetics.com\/fr\/wp-json\/wp\/v2\/product\/18807\/revisions\/18817"}],"wp:featuredmedia":[{"embeddable":true,"href":"https:\/\/akcharcosmetics.com\/fr\/wp-json\/wp\/v2\/media\/18808"}],"wp:attachment":[{"href":"https:\/\/akcharcosmetics.com\/fr\/wp-json\/wp\/v2\/media?parent=18807"}],"wp:term":[{"taxonomy":"product_brand","embeddable":true,"href":"https:\/\/akcharcosmetics.com\/fr\/wp-json\/wp\/v2\/product_brand?post=18807"},{"taxonomy":"product_cat","embeddable":true,"href":"https:\/\/akcharcosmetics.com\/fr\/wp-json\/wp\/v2\/product_cat?post=18807"},{"taxonomy":"product_tag","embeddable":true,"href":"https:\/\/akcharcosmetics.com\/fr\/wp-json\/wp\/v2\/product_tag?post=18807"}],"curies":[{"name":"wp","href":"https:\/\/api.w.org\/{rel}","templated":true}]}}