{"id":18776,"date":"2023-11-21T13:06:35","date_gmt":"2023-11-21T13:06:35","guid":{"rendered":"https:\/\/akcharcosmetics.com\/?post_type=product&#038;p=18776"},"modified":"2025-06-06T11:52:37","modified_gmt":"2025-06-06T11:52:37","slug":"huile-daloe-vera","status":"publish","type":"product","link":"https:\/\/akcharcosmetics.com\/fr\/produit\/huile-daloe-vera\/","title":{"rendered":"Huile d&rsquo;aloe vera"},"content":{"rendered":"<p><b>Les bienfaits de l&rsquo;huile d&rsquo;aloe vera pour la peau et les cheveux ? Pour la Peau :\u00a0<\/b><\/p>\n<p><span style=\"font-weight: 400;\">L&rsquo;huile d&rsquo;Aloe Vera est un alli\u00e9 pr\u00e9cieux pour la peau, gr\u00e2ce \u00e0 sa capacit\u00e9 \u00e0 hydrater, nourrir et lutter contre les signes du vieillissement cutan\u00e9 :\u00a0<\/span><\/p>\n<p><span style=\"font-weight: 400;\">Hydratation Intense : Elle offre une hydratation en profondeur, id\u00e9ale pour tous les types de peau, laissant une peau douce et souple.\u00a0<\/span><\/p>\n<p><span style=\"font-weight: 400;\">Nourrissante : Elle nourrit la peau en profondeur, apportant les \u00e9l\u00e9ments essentiels dont elle a besoin pour rester en pleine sant\u00e9.\u00a0<\/span><\/p>\n<p><span style=\"font-weight: 400;\">Anti-\u00c2ge : Elle stimule la production de collag\u00e8ne, aidant ainsi \u00e0 r\u00e9duire les signes du vieillissement cutan\u00e9, comme les rides et les ridules.\u00a0<\/span><\/p>\n<p><span style=\"font-weight: 400;\">Eclat de la Peau : Elle redonne de l&rsquo;\u00e9clat \u00e0 la peau, la laissant radieuse et revitalis\u00e9e.\u00a0<\/span><\/p>\n<p><b>Pour les Cheveux :\u00a0<\/b><\/p>\n<p><span style=\"font-weight: 400;\">L&rsquo;huile d&rsquo;Aloe Vera est un excellent actif hydratant et renfor\u00e7ant pour vos cheveux en profondeur gr\u00e2ce \u00e0 la composition de ses feuilles \u00e0 98% d&rsquo;eau:\u00a0<\/span><\/p>\n<p><span style=\"font-weight: 400;\">Brillance Capillaire : Elle redonne de la brillance \u00e0 vos cheveux, les laissant doux et lumineux.\u00a0<\/span><\/p>\n<p><span style=\"font-weight: 400;\">Hydratation Profonde : Elle est particuli\u00e8rement b\u00e9n\u00e9fique pour les cheveux secs et tr\u00e8s secs en apportant une hydratation intense.\u00a0<\/span><\/p>\n<p><span style=\"font-weight: 400;\">Soin Quotidien : Elle peut \u00eatre utilis\u00e9e au quotidien pour hydrater et nourrir vos cheveux.\u00a0<\/span><\/p>\n<p><span style=\"font-weight: 400;\">Notre Huile d&rsquo;Aloe Vera est un produit Naturel polyvalent qui r\u00e9pond aux besoins de la peau et des cheveux, offrant une exp\u00e9rience de soin naturel et efficace.<\/span><\/p>\n<p>&nbsp;<\/p>\n<p><span style=\"font-weight: 400;\">Prenez soin de votre peau et de vos cheveux avec l&rsquo;huile d&rsquo;Aloe Vera.\u00a0<\/span><\/p>\n<p>&nbsp;<\/p>\n<p><span style=\"font-weight: 400;\">Commandez-la d\u00e8s aujourd&rsquo;hui pour profiter de ses nombreux bienfaits.\u00a0<\/span><\/p>\n","protected":false},"excerpt":{"rendered":"<p><span style=\"font-weight: 400;\">L&rsquo;huile d&rsquo;aloe vera est extraite de la plante d&rsquo;aloe vera, une plante succulente originaire des r\u00e9gions arides d&rsquo;Afrique du Nord et de la p\u00e9ninsule arabique. Elle poss\u00e8de une longue histoire en tant que rem\u00e8de naturel pour les br\u00fblures. Actuellement, elle est largement utilis\u00e9e comme l&rsquo;un des principaux ingr\u00e9dients cosm\u00e9tiques pour la peau et les cheveux. Elle est utilis\u00e9e dans la fabrication de nombreux produits de beaut\u00e9, de maquillage, de shampoings et d&rsquo;apr\u00e8s-shampoings, et convient \u00e0 tous les types de peau.<\/span><\/p>\n","protected":false},"featured_media":18777,"comment_status":"open","ping_status":"closed","template":"","meta":[],"product_brand":[],"product_cat":[217],"product_tag":[],"class_list":{"0":"post-18776","1":"product","2":"type-product","3":"status-publish","4":"has-post-thumbnail","6":"product_cat-huiles-naturelles","8":"first","9":"outofstock","10":"taxable","11":"shipping-taxable","12":"purchasable","13":"product-type-variable"},"_links":{"self":[{"href":"https:\/\/akcharcosmetics.com\/fr\/wp-json\/wp\/v2\/product\/18776","targetHints":{"allow":["GET"]}}],"collection":[{"href":"https:\/\/akcharcosmetics.com\/fr\/wp-json\/wp\/v2\/product"}],"about":[{"href":"https:\/\/akcharcosmetics.com\/fr\/wp-json\/wp\/v2\/types\/product"}],"replies":[{"embeddable":true,"href":"https:\/\/akcharcosmetics.com\/fr\/wp-json\/wp\/v2\/comments?post=18776"}],"version-history":[{"count":1,"href":"https:\/\/akcharcosmetics.com\/fr\/wp-json\/wp\/v2\/product\/18776\/revisions"}],"predecessor-version":[{"id":18786,"href":"https:\/\/akcharcosmetics.com\/fr\/wp-json\/wp\/v2\/product\/18776\/revisions\/18786"}],"wp:featuredmedia":[{"embeddable":true,"href":"https:\/\/akcharcosmetics.com\/fr\/wp-json\/wp\/v2\/media\/18777"}],"wp:attachment":[{"href":"https:\/\/akcharcosmetics.com\/fr\/wp-json\/wp\/v2\/media?parent=18776"}],"wp:term":[{"taxonomy":"product_brand","embeddable":true,"href":"https:\/\/akcharcosmetics.com\/fr\/wp-json\/wp\/v2\/product_brand?post=18776"},{"taxonomy":"product_cat","embeddable":true,"href":"https:\/\/akcharcosmetics.com\/fr\/wp-json\/wp\/v2\/product_cat?post=18776"},{"taxonomy":"product_tag","embeddable":true,"href":"https:\/\/akcharcosmetics.com\/fr\/wp-json\/wp\/v2\/product_tag?post=18776"}],"curies":[{"name":"wp","href":"https:\/\/api.w.org\/{rel}","templated":true}]}}