{"id":18761,"date":"2023-11-21T13:03:25","date_gmt":"2023-11-21T13:03:25","guid":{"rendered":"https:\/\/akcharcosmetics.com\/?post_type=product&#038;p=18761"},"modified":"2024-11-17T09:45:23","modified_gmt":"2024-11-17T09:45:23","slug":"huile-de-cedre","status":"publish","type":"product","link":"https:\/\/akcharcosmetics.com\/fr\/produit\/huile-de-cedre\/","title":{"rendered":"Huile de c\u00e8dre"},"content":{"rendered":"<p><b>Les bienfaits de l&rsquo;huile de c\u00e8dre pour la peau et les cheveux? Pour la Peau :\u00a0<\/b><\/p>\n<p><span style=\"font-weight: 400;\">L&rsquo;huile essentielle de C\u00e8dre de l&rsquo;Atlas est un alli\u00e9 pr\u00e9cieux pour votre peau gr\u00e2ce \u00e0 ses propri\u00e9t\u00e9s toniques, apaisantes et purifiantes :\u00a0<\/span><\/p>\n<p><span style=\"font-weight: 400;\">Action Anti-Cellulite : Elle est r\u00e9put\u00e9e pour aider \u00e0 r\u00e9duire l&rsquo;apparence de la cellulite en d\u00e9stockant les graisses et en am\u00e9liorant la circulation.\u00a0<\/span><\/p>\n<p><span style=\"font-weight: 400;\">D\u00e9congestionnante : Elle contribue \u00e0 drainer les vaisseaux sanguins, r\u00e9duisant ainsi les gonflements et les r\u00e9tentions d&rsquo;eau.\u00a0<\/span><\/p>\n<p><span style=\"font-weight: 400;\">Tonique Cutan\u00e9e : Elle tonifie la peau, la laissant plus ferme et revitalis\u00e9e.\u00a0<\/span><\/p>\n<p><span style=\"font-weight: 400;\">Purifiante : Elle aide \u00e0 purifier la peau, \u00e9liminant les impuret\u00e9s et aidant \u00e0 lutter contre les \u00e9ruptions cutan\u00e9es.\u00a0<\/span><\/p>\n<p><b>Pour les Cheveux :\u00a0<\/b><\/p>\n<p><span style=\"font-weight: 400;\">L&rsquo;huile essentielle de C\u00e8dre de l&rsquo;Atlas peut \u00e9galement b\u00e9n\u00e9ficier \u00e0 vos cheveux :\u00a0<\/span><\/p>\n<p><span style=\"font-weight: 400;\">Soutien Capillaire : Elle peut aider \u00e0 renforcer les cheveux, les laissant plus sains et r\u00e9sistants.\u00a0<\/span><\/p>\n<p><span style=\"font-weight: 400;\">Antipelliculaire : Elle est connue pour ses propri\u00e9t\u00e9s antimites, ce qui en fait un alli\u00e9 dans la lutte contre les pellicules.\u00a0<\/span><\/p>\n<p><span style=\"font-weight: 400;\">Cette huile essentielle polyvalente est obtenue \u00e0 partir du C\u00e8dre de l&rsquo;Atlas et peut \u00eatre utilis\u00e9e de mani\u00e8re cibl\u00e9e pour ses bienfaits sp\u00e9cifiques.\u00a0<\/span><\/p>\n<p><span style=\"font-weight: 400;\">D\u00e9couvrez les avantages de l&rsquo;huile essentielle de C\u00e8dre de l&rsquo;Atlas pour votre peau et vos cheveux. Commandez-la d\u00e8s aujourd&rsquo;hui pour une exp\u00e9rience de soin naturel et efficace.<\/span><\/p>\n","protected":false},"excerpt":{"rendered":"<p><span style=\"font-weight: 400;\">D\u00e9couvrez notre Huile Essentielle de C\u00e8dre de l&rsquo;Atlas, une huile aux propri\u00e9t\u00e9s lipolytiques et d\u00e9congestionnantes, id\u00e9ale pour d\u00e9stocker les graisses, drainer les vaisseaux et apporter de nombreux bienfaits \u00e0 votre peau et vos cheveux.\u00a0<\/span><\/p>\n","protected":false},"featured_media":18765,"comment_status":"open","ping_status":"closed","template":"","meta":[],"product_brand":[],"product_cat":[217],"product_tag":[],"class_list":{"0":"post-18761","1":"product","2":"type-product","3":"status-publish","4":"has-post-thumbnail","6":"product_cat-huiles-naturelles","8":"first","9":"outofstock","10":"taxable","11":"shipping-taxable","12":"purchasable","13":"product-type-variable"},"_links":{"self":[{"href":"https:\/\/akcharcosmetics.com\/fr\/wp-json\/wp\/v2\/product\/18761","targetHints":{"allow":["GET"]}}],"collection":[{"href":"https:\/\/akcharcosmetics.com\/fr\/wp-json\/wp\/v2\/product"}],"about":[{"href":"https:\/\/akcharcosmetics.com\/fr\/wp-json\/wp\/v2\/types\/product"}],"replies":[{"embeddable":true,"href":"https:\/\/akcharcosmetics.com\/fr\/wp-json\/wp\/v2\/comments?post=18761"}],"version-history":[{"count":1,"href":"https:\/\/akcharcosmetics.com\/fr\/wp-json\/wp\/v2\/product\/18761\/revisions"}],"predecessor-version":[{"id":18771,"href":"https:\/\/akcharcosmetics.com\/fr\/wp-json\/wp\/v2\/product\/18761\/revisions\/18771"}],"wp:featuredmedia":[{"embeddable":true,"href":"https:\/\/akcharcosmetics.com\/fr\/wp-json\/wp\/v2\/media\/18765"}],"wp:attachment":[{"href":"https:\/\/akcharcosmetics.com\/fr\/wp-json\/wp\/v2\/media?parent=18761"}],"wp:term":[{"taxonomy":"product_brand","embeddable":true,"href":"https:\/\/akcharcosmetics.com\/fr\/wp-json\/wp\/v2\/product_brand?post=18761"},{"taxonomy":"product_cat","embeddable":true,"href":"https:\/\/akcharcosmetics.com\/fr\/wp-json\/wp\/v2\/product_cat?post=18761"},{"taxonomy":"product_tag","embeddable":true,"href":"https:\/\/akcharcosmetics.com\/fr\/wp-json\/wp\/v2\/product_tag?post=18761"}],"curies":[{"name":"wp","href":"https:\/\/api.w.org\/{rel}","templated":true}]}}