{"id":18746,"date":"2023-11-21T12:59:39","date_gmt":"2023-11-21T12:59:39","guid":{"rendered":"https:\/\/akcharcosmetics.com\/?post_type=product&#038;p=18746"},"modified":"2024-05-30T10:48:02","modified_gmt":"2024-05-30T10:48:02","slug":"huile-de-noyau-dabricot","status":"publish","type":"product","link":"https:\/\/akcharcosmetics.com\/fr\/produit\/huile-de-noyau-dabricot\/","title":{"rendered":"Huile de noyau d&rsquo;abricot"},"content":{"rendered":"<p><b>Les avantages et les bienfaits de l&rsquo;huile de noyau d&rsquo;abricot Apia ?\u00a0<\/b><\/p>\n<p><span style=\"font-weight: 400;\">Antioxydante : Gr\u00e2ce \u00e0 ses carot\u00e9no\u00efdes et tocoph\u00e9rols, cette huile est une source naturelle d&rsquo;antioxydants. , contribuant ainsi \u00e0 pr\u00e9venir le vieillissement pr\u00e9matur\u00e9 de la peau.\u00a0<\/span><\/p>\n<p><span style=\"font-weight: 400;\">\u00c9molliente : Elle est excellente pour adoucir et lisser la peau. Son utilisation r\u00e9guli\u00e8re peut vous laisser avec une peau douce et soyeuse.\u00a0<\/span><\/p>\n<p><span style=\"font-weight: 400;\">Apaisante : L&rsquo;huile de noyau d&rsquo;abricot peut apaiser les irritations cutan\u00e9es, les rougeurs et les d\u00e9mangeaisons, offrant un soulagement bienvenu.\u00a0<\/span><\/p>\n<p><span style=\"font-weight: 400;\">Nourrissante : Elle nourrit la peau en profondeur, aidant \u00e0 maintenir son hydratation naturelle.\u00a0<\/span><\/p>\n<p><span style=\"font-weight: 400;\">R\u00e9g\u00e9n\u00e9rante : Elle favorise la r\u00e9g\u00e9n\u00e9ration cellulaire, aidant \u00e0 att\u00e9nuer les cicatrices, les marques, et les imperfections cutan\u00e9es.\u00a0<\/span><\/p>\n<p><span style=\"font-weight: 400;\">Revitalisante : Elle redonne de l&rsquo;\u00e9clat \u00e0 la peau, la laissant radieuse et en pleine sant\u00e9.\u00a0<\/span><\/p>\n<p><span style=\"font-weight: 400;\">Protectrice : L&rsquo;huile de noyau d&rsquo;abricot est \u00e9galement une barri\u00e8re naturelle contre les agressions ext\u00e9rieures.\u00a0<\/span><\/p>\n<p><span style=\"font-weight: 400;\">L&rsquo;huile de noyau d&rsquo;abricot Apia est obtenue \u00e0 partir de noyaux d&rsquo;abricots, riches en acides gras satur\u00e9s et insatur\u00e9s. Elle est id\u00e9ale pour maintenir la sant\u00e9 et la jeunesse de votre peau.\u00a0<\/span><\/p>\n<p><span style=\"font-weight: 400;\">N&rsquo;h\u00e9sitez pas \u00e0 int\u00e9grer cette huile naturelle dans votre routine de soins de la peau pour profiter de ses nombreux bienfaits. Elle apportera un v\u00e9ritable coup d&rsquo;\u00e9clat \u00e0 votre peau et vous aidera \u00e0 lutter contre les effets du vieillissement.\u00a0<\/span><\/p>\n<p><span style=\"font-weight: 400;\">Prenez soin de votre peau avec l&rsquo;huile de noyau d&rsquo;abricot Apia, votre alli\u00e9e naturelle pour une peau \u00e9clatante de sant\u00e9.<\/span><\/p>\n","protected":false},"excerpt":{"rendered":"<p><span style=\"font-weight: 400;\">L&rsquo;huile de noyau d&rsquo;abricot Akchar 100 % naturelle est un tr\u00e9sor pour votre peau. Gr\u00e2ce \u00e0 sa richesse en vitamine A, phytost\u00e9rols, et triglyc\u00e9rides, elle offre une multitude de bienfaits, en faisant une alli\u00e9e pr\u00e9cieuse pour votre routine de soin de la peau.\u00a0<\/span><\/p>\n","protected":false},"featured_media":18747,"comment_status":"open","ping_status":"closed","template":"","meta":[],"product_brand":[],"product_cat":[217],"product_tag":[],"class_list":{"0":"post-18746","1":"product","2":"type-product","3":"status-publish","4":"has-post-thumbnail","6":"product_cat-huiles-naturelles","8":"first","9":"outofstock","10":"taxable","11":"shipping-taxable","12":"purchasable","13":"product-type-variable"},"_links":{"self":[{"href":"https:\/\/akcharcosmetics.com\/fr\/wp-json\/wp\/v2\/product\/18746","targetHints":{"allow":["GET"]}}],"collection":[{"href":"https:\/\/akcharcosmetics.com\/fr\/wp-json\/wp\/v2\/product"}],"about":[{"href":"https:\/\/akcharcosmetics.com\/fr\/wp-json\/wp\/v2\/types\/product"}],"replies":[{"embeddable":true,"href":"https:\/\/akcharcosmetics.com\/fr\/wp-json\/wp\/v2\/comments?post=18746"}],"version-history":[{"count":1,"href":"https:\/\/akcharcosmetics.com\/fr\/wp-json\/wp\/v2\/product\/18746\/revisions"}],"predecessor-version":[{"id":18756,"href":"https:\/\/akcharcosmetics.com\/fr\/wp-json\/wp\/v2\/product\/18746\/revisions\/18756"}],"wp:featuredmedia":[{"embeddable":true,"href":"https:\/\/akcharcosmetics.com\/fr\/wp-json\/wp\/v2\/media\/18747"}],"wp:attachment":[{"href":"https:\/\/akcharcosmetics.com\/fr\/wp-json\/wp\/v2\/media?parent=18746"}],"wp:term":[{"taxonomy":"product_brand","embeddable":true,"href":"https:\/\/akcharcosmetics.com\/fr\/wp-json\/wp\/v2\/product_brand?post=18746"},{"taxonomy":"product_cat","embeddable":true,"href":"https:\/\/akcharcosmetics.com\/fr\/wp-json\/wp\/v2\/product_cat?post=18746"},{"taxonomy":"product_tag","embeddable":true,"href":"https:\/\/akcharcosmetics.com\/fr\/wp-json\/wp\/v2\/product_tag?post=18746"}],"curies":[{"name":"wp","href":"https:\/\/api.w.org\/{rel}","templated":true}]}}