{"id":18731,"date":"2023-11-21T12:56:54","date_gmt":"2023-11-21T12:56:54","guid":{"rendered":"https:\/\/akcharcosmetics.com\/?post_type=product&#038;p=18731"},"modified":"2024-05-30T10:48:02","modified_gmt":"2024-05-30T10:48:02","slug":"huile-de-reglisse","status":"publish","type":"product","link":"https:\/\/akcharcosmetics.com\/fr\/produit\/huile-de-reglisse\/","title":{"rendered":"Huile de r\u00e9glisse"},"content":{"rendered":"<p><b>Les bienfaits de l&rsquo;huile de r\u00e9glisse?<\/b><\/p>\n<p><b>Pour la Peau :<\/b><\/p>\n<ul>\n<li style=\"font-weight: 400;\" aria-level=\"1\"><span style=\"font-weight: 400;\">\u00c9claircissement de la Peau : L&rsquo;huile de r\u00e9glisse contient un compos\u00e9 appel\u00e9 glabridine, qui peut aider \u00e0 r\u00e9duire les taches brunes et l&rsquo;hyperpigmentation. Elle favorise un teint plus uniforme et lumineux.<\/span><\/li>\n<li style=\"font-weight: 400;\" aria-level=\"1\"><span style=\"font-weight: 400;\">Anti-inflammatoire : Cette huile a des propri\u00e9t\u00e9s anti-inflammatoires et apaisantes, ce qui en fait un excellent choix pour apaiser la peau irrit\u00e9e, les rougeurs et les d\u00e9mangeaisons.<\/span><\/li>\n<li style=\"font-weight: 400;\" aria-level=\"1\"><span style=\"font-weight: 400;\">Hydratation : L&rsquo;huile de r\u00e9glisse aide \u00e0 hydrater la peau en la maintenant douce et souple. Elle est adapt\u00e9e \u00e0 tous les types de peau.<\/span><\/li>\n<li style=\"font-weight: 400;\" aria-level=\"1\"><span style=\"font-weight: 400;\">Protection solaire : Bien qu&rsquo;elle ne remplace pas un \u00e9cran solaire, l&rsquo;huile de r\u00e9glisse peut aider \u00e0 prot\u00e9ger la peau des effets n\u00e9fastes des rayons UV gr\u00e2ce \u00e0 ses propri\u00e9t\u00e9s antioxydantes.<\/span><\/li>\n<\/ul>\n<p><b>Pour les Cheveux :<\/b><\/p>\n<ul>\n<li style=\"font-weight: 400;\" aria-level=\"1\"><span style=\"font-weight: 400;\">Apaisement du Cuir Chevelu : Si vous avez un cuir chevelu irrit\u00e9 ou sujet \u00e0 des d\u00e9mangeaisons, l&rsquo;huile de r\u00e9glisse peut aider \u00e0 apaiser ces inconforts.<\/span><\/li>\n<li style=\"font-weight: 400;\" aria-level=\"1\"><span style=\"font-weight: 400;\">Lutte contre les Pellicules : Elle a des propri\u00e9t\u00e9s antifongiques qui en font un alli\u00e9 efficace dans la lutte contre les pellicules et les probl\u00e8mes du cuir chevelu.<\/span><\/li>\n<li style=\"font-weight: 400;\" aria-level=\"1\"><span style=\"font-weight: 400;\">Am\u00e9lioration de la brillance : En nourrissant les cheveux et le cuir chevelu, l&rsquo;huile de r\u00e9glisse peut am\u00e9liorer la brillance et l&rsquo;apparence g\u00e9n\u00e9rale de vos cheveux.<\/span><\/li>\n<\/ul>\n<p><span style=\"font-weight: 400;\">L&rsquo;huile de r\u00e9glisse est un ingr\u00e9dient naturel polyvalent qui peut \u00eatre utilis\u00e9 pour am\u00e9liorer l&rsquo;apparence de votre peau et de vos cheveux. Elle peut \u00eatre int\u00e9gr\u00e9e dans votre routine de soins de beaut\u00e9 pour profiter de ses nombreux bienfaits.<\/span><\/p>\n","protected":false},"excerpt":{"rendered":"<p><span style=\"font-weight: 400;\">L&rsquo;huile de r\u00e9glisse, extraite de la racine de r\u00e9glisse (Glycyrrhiza glabra), est reconnue pour ses nombreux bienfaits pour la peau et les cheveux. Voici comment vous pouvez l&rsquo;utiliser pour am\u00e9liorer votre routine de soins de beaut\u00e9.<\/span><\/p>\n","protected":false},"featured_media":18732,"comment_status":"open","ping_status":"closed","template":"","meta":[],"product_brand":[],"product_cat":[217],"product_tag":[],"class_list":{"0":"post-18731","1":"product","2":"type-product","3":"status-publish","4":"has-post-thumbnail","6":"product_cat-huiles-naturelles","8":"first","9":"outofstock","10":"taxable","11":"shipping-taxable","12":"purchasable","13":"product-type-variable"},"_links":{"self":[{"href":"https:\/\/akcharcosmetics.com\/fr\/wp-json\/wp\/v2\/product\/18731","targetHints":{"allow":["GET"]}}],"collection":[{"href":"https:\/\/akcharcosmetics.com\/fr\/wp-json\/wp\/v2\/product"}],"about":[{"href":"https:\/\/akcharcosmetics.com\/fr\/wp-json\/wp\/v2\/types\/product"}],"replies":[{"embeddable":true,"href":"https:\/\/akcharcosmetics.com\/fr\/wp-json\/wp\/v2\/comments?post=18731"}],"version-history":[{"count":1,"href":"https:\/\/akcharcosmetics.com\/fr\/wp-json\/wp\/v2\/product\/18731\/revisions"}],"predecessor-version":[{"id":18741,"href":"https:\/\/akcharcosmetics.com\/fr\/wp-json\/wp\/v2\/product\/18731\/revisions\/18741"}],"wp:featuredmedia":[{"embeddable":true,"href":"https:\/\/akcharcosmetics.com\/fr\/wp-json\/wp\/v2\/media\/18732"}],"wp:attachment":[{"href":"https:\/\/akcharcosmetics.com\/fr\/wp-json\/wp\/v2\/media?parent=18731"}],"wp:term":[{"taxonomy":"product_brand","embeddable":true,"href":"https:\/\/akcharcosmetics.com\/fr\/wp-json\/wp\/v2\/product_brand?post=18731"},{"taxonomy":"product_cat","embeddable":true,"href":"https:\/\/akcharcosmetics.com\/fr\/wp-json\/wp\/v2\/product_cat?post=18731"},{"taxonomy":"product_tag","embeddable":true,"href":"https:\/\/akcharcosmetics.com\/fr\/wp-json\/wp\/v2\/product_tag?post=18731"}],"curies":[{"name":"wp","href":"https:\/\/api.w.org\/{rel}","templated":true}]}}