{"id":18652,"date":"2023-11-21T12:17:35","date_gmt":"2023-11-21T12:17:35","guid":{"rendered":"https:\/\/akcharcosmetics.com\/?post_type=product&#038;p=18652"},"modified":"2025-06-03T19:27:27","modified_gmt":"2025-06-03T19:27:27","slug":"huile-de-tamanu","status":"publish","type":"product","link":"https:\/\/akcharcosmetics.com\/fr\/produit\/huile-de-tamanu\/","title":{"rendered":"Huile de tamanu"},"content":{"rendered":"<p><b>Les bienfaits de l&rsquo;huile de Tamanu pour la peau et les cheveux ?<\/b> <span style=\"font-weight: 400;\">Pour la Peau :<\/span><span style=\"font-weight: 400;\">\u00a0<\/span><\/p>\n<p><span style=\"font-weight: 400;\">Cicatrisation Naturelle : Elle est r\u00e9put\u00e9e pour sa capacit\u00e9 \u00e0 favoriser la r\u00e9g\u00e9n\u00e9ration<\/span> <span style=\"font-weight: 400;\">de la peau, aidant ainsi \u00e0 att\u00e9nuer les cicatrices, les marques et les imperfections<\/span> <span style=\"font-weight: 400;\">cutan\u00e9es.<\/span><span style=\"font-weight: 400;\">\u00a0<\/span><\/p>\n<p><span style=\"font-weight: 400;\">Hydratation Profonde : Elle hydrate en profondeur, laissant la peau douce, souple et<\/span> <span style=\"font-weight: 400;\">parfaitement nourrie.<\/span><span style=\"font-weight: 400;\">\u00a0<\/span><\/p>\n<p><span style=\"font-weight: 400;\">Protection Antioxydante : Elle est riche en antioxydants naturels , prot\u00e9geant ainsi la<\/span> <span style=\"font-weight: 400;\">peau du vieillissement pr\u00e9matur\u00e9.<\/span><span style=\"font-weight: 400;\">\u00a0<\/span><\/p>\n<p><span style=\"font-weight: 400;\">Apaisante et Calmante : Son action apaisante peut soulager les irritations cutan\u00e9es,<\/span> <span style=\"font-weight: 400;\">les rougeurs et les d\u00e9mangeaisons, pour une peau apais\u00e9e et confortable.<\/span><span style=\"font-weight: 400;\">\u00a0<\/span><\/p>\n<p><span style=\"font-weight: 400;\">Pour les Cheveux :<\/span><span style=\"font-weight: 400;\">\u00a0<\/span><\/p>\n<p><span style=\"font-weight: 400;\">Hydratation et R\u00e9paration : Elle nourrit les cheveux en profondeur, aidant \u00e0 r\u00e9parer<\/span> <span style=\"font-weight: 400;\">les pointes fourchues et \u00e0 restaurer leur vitalit\u00e9.<\/span><span style=\"font-weight: 400;\">\u00a0<\/span><\/p>\n<p><span style=\"font-weight: 400;\">Lutte contre les Pellicules : Elle est connue pour ses propri\u00e9t\u00e9s antifongiques,<\/span> <span style=\"font-weight: 400;\">id\u00e9ales pour lutter contre les pellicules et les d\u00e9mangeaisons du cuir chevelu.<\/span><\/p>\n<p><span style=\"font-weight: 400;\">Brillance Naturelle : Elle apporte une brillance naturelle aux cheveux, les laissant<\/span> <span style=\"font-weight: 400;\">doux et lumineux.<\/span><span style=\"font-weight: 400;\">\u00a0<\/span><\/p>\n<p><span style=\"font-weight: 400;\">Renforcement Capillaire : Elle renforce les cheveux, les prot\u00e9geant ainsi des<\/span> <span style=\"font-weight: 400;\">dommages et des cassures.<\/span><span style=\"font-weight: 400;\">\u00a0<\/span><\/p>\n<p><span style=\"font-weight: 400;\">L&rsquo;huile de Tamanu est un tr\u00e9sor de la nature, offrant une polyvalence exceptionnelle<\/span> <span style=\"font-weight: 400;\">pour prendre soin de votre peau et de vos cheveux de mani\u00e8re naturelle et efficace.<\/span><span style=\"font-weight: 400;\">\u00a0<\/span><\/p>\n<p><span style=\"font-weight: 400;\">Prenez soin de votre peau et de vos cheveux avec notre Huile de Tamanu.<\/span> <span style=\"font-weight: 400;\">Commandez-la d\u00e8s aujourd&rsquo;hui pour d\u00e9couvrir les bienfaits de cette huile essentielle<\/span> <span style=\"font-weight: 400;\">naturelle.<\/span><span style=\"font-weight: 400;\">\u00a0<\/span><\/p>\n","protected":false},"excerpt":{"rendered":"<p><span style=\"font-weight: 400;\">D\u00e9couvrez notre huile de Tamanu, un tr\u00e9sor naturel aux nombreux bienfaits pour la<\/span> <span style=\"font-weight: 400;\">peau et les cheveux. Cette huile extraordinaire est extraite des noix du Tamanu, un<\/span> <span style=\"font-weight: 400;\">arbre sacr\u00e9 des \u00eeles du Pacifique, et offre une multitude d&rsquo;avantages pour votre<\/span> <span style=\"font-weight: 400;\">beaut\u00e9 et votre bien-\u00eatre.<\/span><span style=\"font-weight: 400;\">\u00a0<\/span><\/p>\n","protected":false},"featured_media":18653,"comment_status":"open","ping_status":"closed","template":"","meta":[],"product_brand":[],"product_cat":[217],"product_tag":[],"class_list":{"0":"post-18652","1":"product","2":"type-product","3":"status-publish","4":"has-post-thumbnail","6":"product_cat-huiles-naturelles","8":"first","9":"outofstock","10":"taxable","11":"shipping-taxable","12":"purchasable","13":"product-type-variable"},"_links":{"self":[{"href":"https:\/\/akcharcosmetics.com\/fr\/wp-json\/wp\/v2\/product\/18652","targetHints":{"allow":["GET"]}}],"collection":[{"href":"https:\/\/akcharcosmetics.com\/fr\/wp-json\/wp\/v2\/product"}],"about":[{"href":"https:\/\/akcharcosmetics.com\/fr\/wp-json\/wp\/v2\/types\/product"}],"replies":[{"embeddable":true,"href":"https:\/\/akcharcosmetics.com\/fr\/wp-json\/wp\/v2\/comments?post=18652"}],"version-history":[{"count":1,"href":"https:\/\/akcharcosmetics.com\/fr\/wp-json\/wp\/v2\/product\/18652\/revisions"}],"predecessor-version":[{"id":18662,"href":"https:\/\/akcharcosmetics.com\/fr\/wp-json\/wp\/v2\/product\/18652\/revisions\/18662"}],"wp:featuredmedia":[{"embeddable":true,"href":"https:\/\/akcharcosmetics.com\/fr\/wp-json\/wp\/v2\/media\/18653"}],"wp:attachment":[{"href":"https:\/\/akcharcosmetics.com\/fr\/wp-json\/wp\/v2\/media?parent=18652"}],"wp:term":[{"taxonomy":"product_brand","embeddable":true,"href":"https:\/\/akcharcosmetics.com\/fr\/wp-json\/wp\/v2\/product_brand?post=18652"},{"taxonomy":"product_cat","embeddable":true,"href":"https:\/\/akcharcosmetics.com\/fr\/wp-json\/wp\/v2\/product_cat?post=18652"},{"taxonomy":"product_tag","embeddable":true,"href":"https:\/\/akcharcosmetics.com\/fr\/wp-json\/wp\/v2\/product_tag?post=18652"}],"curies":[{"name":"wp","href":"https:\/\/api.w.org\/{rel}","templated":true}]}}