{"id":18640,"date":"2023-11-21T12:06:12","date_gmt":"2023-11-21T12:06:12","guid":{"rendered":"https:\/\/akcharcosmetics.com\/?post_type=product&#038;p=18640"},"modified":"2024-05-30T10:48:15","modified_gmt":"2024-05-30T10:48:15","slug":"huile-de-babassu","status":"publish","type":"product","link":"https:\/\/akcharcosmetics.com\/fr\/produit\/huile-de-babassu\/","title":{"rendered":"Huile de babassu"},"content":{"rendered":"<p><b>Les bienfaits de l&rsquo;huile de babassu ?<\/b><\/p>\n<p><span style=\"font-weight: 400;\">Pour les Cheveux :<\/span><span style=\"font-weight: 400;\">\u00a0<\/span><\/p>\n<p><span style=\"font-weight: 400;\">&#8211; <\/span><b>Hydratation des Cheveux : <\/b><span style=\"font-weight: 400;\">L&rsquo;huile de babassu est excellente pour hydrater les<\/span> <span style=\"font-weight: 400;\">cheveux. Elle p\u00e9n\u00e8tre profond\u00e9ment dans la fibre capillaire, aidant \u00e0 restaurer<\/span> <span style=\"font-weight: 400;\">l&rsquo;hydratation et \u00e0 pr\u00e9venir la s\u00e9cheresse.<\/span><span style=\"font-weight: 400;\">\u00a0<\/span><\/p>\n<p><span style=\"font-weight: 400;\">&#8211; <\/span><b>Protection contre la D\u00e9shydratation : <\/b><span style=\"font-weight: 400;\">Sa capacit\u00e9 \u00e0 former un film protecteur<\/span> <span style=\"font-weight: 400;\">sur les cheveux les prot\u00e8ge de la d\u00e9shydratation, ce qui est particuli\u00e8rement<\/span> <span style=\"font-weight: 400;\">utile pour les cheveux expos\u00e9s \u00e0 des conditions environnementales<\/span> <span style=\"font-weight: 400;\">rigoureuses.<\/span><span style=\"font-weight: 400;\">\u00a0<\/span><\/p>\n<p><span style=\"font-weight: 400;\">&#8211; <\/span><b>Redonne de l&rsquo;\u00c9clat et de la Vitalit\u00e9 : <\/b><span style=\"font-weight: 400;\">L&rsquo;huile de babassu peut raviver les<\/span> <span style=\"font-weight: 400;\">cheveux ternes et ab\u00eem\u00e9s, les rendant plus brillants, plus forts et plus sains.<\/span><span style=\"font-weight: 400;\">\u00a0<\/span><\/p>\n<p><span style=\"font-weight: 400;\">&#8211; <\/span><b>Am\u00e9lioration de la Gestion des Frisottis : <\/b><span style=\"font-weight: 400;\">Elle peut aider \u00e0 contr\u00f4ler les<\/span> <span style=\"font-weight: 400;\">frisottis et \u00e0 lisser les cheveux, les laissant plus faciles \u00e0 coiffer.<\/span><span style=\"font-weight: 400;\">\u00a0<\/span><\/p>\n<p><span style=\"font-weight: 400;\">Pour la Peau :<\/span><span style=\"font-weight: 400;\">\u00a0<\/span><\/p>\n<p><span style=\"font-weight: 400;\">&#8211; <\/span><b>Hydratation Cutan\u00e9e : <\/b><span style=\"font-weight: 400;\">L&rsquo;huile de babassu est \u00e9galement b\u00e9n\u00e9fique pour la<\/span> <span style=\"font-weight: 400;\">peau. Elle hydrate et nourrit la peau en profondeur, ce qui en fait un excellent<\/span> <span style=\"font-weight: 400;\">choix pour les peaux s\u00e8ches et d\u00e9shydrat\u00e9es.<\/span><span style=\"font-weight: 400;\">\u00a0<\/span><\/p>\n<p><span style=\"font-weight: 400;\">&#8211; <\/span><b>Protection Cutan\u00e9e : <\/b><span style=\"font-weight: 400;\">Son film protecteur sur la peau aide \u00e0 pr\u00e9venir la perte<\/span> <span style=\"font-weight: 400;\">d&rsquo;humidit\u00e9, ce qui est essentiel pour maintenir une barri\u00e8re cutan\u00e9e saine.<\/span><span style=\"font-weight: 400;\">\u00a0<\/span><\/p>\n<p><span style=\"font-weight: 400;\">&#8211; <\/span><b>Apaisement des Peaux Irrit\u00e9es : <\/b><span style=\"font-weight: 400;\">Elle peut aider \u00e0 apaiser les peaux irrit\u00e9es, ce<\/span> <span style=\"font-weight: 400;\">qui en fait un choix utile pour les personnes ayant des probl\u00e8mes de peau tels<\/span> <span style=\"font-weight: 400;\">que l&rsquo;ecz\u00e9ma ou la dermatite.<\/span><span style=\"font-weight: 400;\">\u00a0<\/span><\/p>\n<p><span style=\"font-weight: 400;\">&#8211; <\/span><b>Utilisation comme Huile de Massage : <\/b><span style=\"font-weight: 400;\">En raison de sa texture l\u00e9g\u00e8re et non<\/span> <span style=\"font-weight: 400;\">grasse, l&rsquo;huile de babassu est parfaite pour les massages, apportant un<\/span> <span style=\"font-weight: 400;\">soulagement aux muscles fatigu\u00e9s.<\/span><span style=\"font-weight: 400;\">\u00a0<\/span><\/p>\n<p><span style=\"font-weight: 400;\">L&rsquo;huile de babassu peut \u00eatre utilis\u00e9e directement sur la peau et les cheveux, mais elle<\/span> <span style=\"font-weight: 400;\">peut \u00e9galement \u00eatre incorpor\u00e9e dans des produits de soin tels que les lotions, les<\/span> <span style=\"font-weight: 400;\">cr\u00e8mes, les savons, les baumes ou les masques capillaires. Elle est g\u00e9n\u00e9ralement<\/span> <span style=\"font-weight: 400;\">bien tol\u00e9r\u00e9e par la plupart des types de peau, mais il est recommand\u00e9 de faire un test<\/span> <span style=\"font-weight: 400;\">de patch pour v\u00e9rifier qu&rsquo;il n&rsquo;y a pas de r\u00e9actions allergiques. Elle peut \u00eatre utilis\u00e9e<\/span> <span style=\"font-weight: 400;\">seule ou m\u00e9lang\u00e9e \u00e0 d&rsquo;autres huiles ou ingr\u00e9dients pour personnaliser vos soins de<\/span> <span style=\"font-weight: 400;\">beaut\u00e9.<\/span><\/p>\n<p><span style=\"font-weight: 400;\">Il<\/span> <span style=\"font-weight: 400;\">est important de choisir une huile issue de l&rsquo;agriculture biologique. Par cons\u00e9quent,<\/span> <span style=\"font-weight: 400;\">nous recommandons sur <\/span><span style=\"font-weight: 400;\">Akchar<\/span><span style=\"font-weight: 400;\"> l&rsquo;huile de babassu, qui porte \u00e9galement la<\/span> <span style=\"font-weight: 400;\">certification ONSA &amp; ISO pour la cosm\u00e9tique bio.<\/span><\/p>\n","protected":false},"excerpt":{"rendered":"<p><span style=\"font-weight: 400;\">L&rsquo;huile de babassu, riche en acides gras essentiels comme l&rsquo;acide laurique et l&rsquo;acide<\/span> <span style=\"font-weight: 400;\">ol\u00e9ique, ainsi qu&rsquo;en vitamine E, offre des avantages pour les cheveux et la peau.<\/span><span style=\"font-weight: 400;\">\u00a0<\/span><\/p>\n","protected":false},"featured_media":18641,"comment_status":"open","ping_status":"closed","template":"","meta":[],"product_brand":[],"product_cat":[217],"product_tag":[],"class_list":{"0":"post-18640","1":"product","2":"type-product","3":"status-publish","4":"has-post-thumbnail","6":"product_cat-huiles-naturelles","8":"first","9":"outofstock","10":"taxable","11":"shipping-taxable","12":"purchasable","13":"product-type-variable"},"_links":{"self":[{"href":"https:\/\/akcharcosmetics.com\/fr\/wp-json\/wp\/v2\/product\/18640","targetHints":{"allow":["GET"]}}],"collection":[{"href":"https:\/\/akcharcosmetics.com\/fr\/wp-json\/wp\/v2\/product"}],"about":[{"href":"https:\/\/akcharcosmetics.com\/fr\/wp-json\/wp\/v2\/types\/product"}],"replies":[{"embeddable":true,"href":"https:\/\/akcharcosmetics.com\/fr\/wp-json\/wp\/v2\/comments?post=18640"}],"version-history":[{"count":1,"href":"https:\/\/akcharcosmetics.com\/fr\/wp-json\/wp\/v2\/product\/18640\/revisions"}],"predecessor-version":[{"id":18647,"href":"https:\/\/akcharcosmetics.com\/fr\/wp-json\/wp\/v2\/product\/18640\/revisions\/18647"}],"wp:featuredmedia":[{"embeddable":true,"href":"https:\/\/akcharcosmetics.com\/fr\/wp-json\/wp\/v2\/media\/18641"}],"wp:attachment":[{"href":"https:\/\/akcharcosmetics.com\/fr\/wp-json\/wp\/v2\/media?parent=18640"}],"wp:term":[{"taxonomy":"product_brand","embeddable":true,"href":"https:\/\/akcharcosmetics.com\/fr\/wp-json\/wp\/v2\/product_brand?post=18640"},{"taxonomy":"product_cat","embeddable":true,"href":"https:\/\/akcharcosmetics.com\/fr\/wp-json\/wp\/v2\/product_cat?post=18640"},{"taxonomy":"product_tag","embeddable":true,"href":"https:\/\/akcharcosmetics.com\/fr\/wp-json\/wp\/v2\/product_tag?post=18640"}],"curies":[{"name":"wp","href":"https:\/\/api.w.org\/{rel}","templated":true}]}}