{"id":18623,"date":"2023-11-21T12:03:04","date_gmt":"2023-11-21T12:03:04","guid":{"rendered":"https:\/\/akcharcosmetics.com\/?post_type=product&#038;p=18623"},"modified":"2024-05-30T10:48:15","modified_gmt":"2024-05-30T10:48:15","slug":"huile-de-pepin-de-courge","status":"publish","type":"product","link":"https:\/\/akcharcosmetics.com\/fr\/produit\/huile-de-pepin-de-courge\/","title":{"rendered":"Huile de p\u00e9pin de courge"},"content":{"rendered":"<p><b>Pour la Peau :<\/b><\/p>\n<ul>\n<li style=\"font-weight: 400;\" aria-level=\"1\"><span style=\"font-weight: 400;\">Hydratation et Nourrissage : L&rsquo;huile de p\u00e9pin de courge est riche en acides gras essentiels, en vitamines et en antioxydants. Elle peut hydrater en profondeur la peau, la laissant douce et souple. Appliquez-la directement sur la peau pour une hydratation efficace.<\/span><\/li>\n<li style=\"font-weight: 400;\" aria-level=\"1\"><span style=\"font-weight: 400;\">R\u00e9gulation de la S\u00e9cr\u00e9tion de S\u00e9bum : Si vous avez la peau grasse, cette huile peut aider \u00e0 \u00e9quilibrer la production de s\u00e9bum. Elle est l\u00e9g\u00e8re et non com\u00e9dog\u00e8ne, ce qui en fait un bon choix pour les peaux grasses ou \u00e0 tendance acn\u00e9ique.<\/span><\/li>\n<li style=\"font-weight: 400;\" aria-level=\"1\"><span style=\"font-weight: 400;\">Protection contre les Radicaux Libres : Les antioxydants pr\u00e9sents dans l&rsquo;huile de p\u00e9pin de courge aident \u00e0 prot\u00e9ger la peau contre les dommages des radicaux libres, ce qui peut contribuer \u00e0 pr\u00e9venir le vieillissement pr\u00e9matur\u00e9 de la peau.<\/span><\/li>\n<\/ul>\n<p><b>Pour les Cheveux :<\/b><\/p>\n<ul>\n<li style=\"font-weight: 400;\" aria-level=\"1\"><span style=\"font-weight: 400;\">Nourrissage Capillaire : L&rsquo;huile de p\u00e9pin de courge est utilis\u00e9e pour nourrir les cheveux en profondeur. Elle renforce les cheveux, r\u00e9duit la casse et les rend plus doux et plus lisses.<\/span><\/li>\n<li style=\"font-weight: 400;\" aria-level=\"1\"><span style=\"font-weight: 400;\">Pr\u00e9vention de la Chute des Cheveux : Elle aide \u00e0 pr\u00e9venir la chute des cheveux en renfor\u00e7ant les racines capillaires. Appliquez l&rsquo;huile sur le cuir chevelu et massez doucement pour am\u00e9liorer la circulation sanguine.<\/span><\/li>\n<li style=\"font-weight: 400;\" aria-level=\"1\"><span style=\"font-weight: 400;\">Brillance : En renfor\u00e7ant les cheveux, elle peut \u00e9galement am\u00e9liorer leur aspect g\u00e9n\u00e9ral, en leur donnant plus de brillance.<\/span><\/li>\n<\/ul>\n<p><span style=\"font-weight: 400;\">L&rsquo;huile de p\u00e9pin de courge est un choix naturel et polyvalent pour am\u00e9liorer l&rsquo;aspect et la sant\u00e9 de la peau et des cheveux. Elle peut \u00eatre int\u00e9gr\u00e9e dans votre routine de soins de beaut\u00e9 pour profiter de ses nombreux bienfaits.<\/span><\/p>\n","protected":false},"excerpt":{"rendered":"<p><span style=\"font-weight: 400;\">L&rsquo;huile de graines de courge est consid\u00e9r\u00e9e comme l&rsquo;une des huiles naturelles bien connues. Elle est extraite des graines de courge et se distingue par sa richesse en \u00e9l\u00e9ments nutritifs b\u00e9n\u00e9fiques pour la peau et les cheveux.<\/span><\/p>\n","protected":false},"featured_media":18627,"comment_status":"open","ping_status":"closed","template":"","meta":[],"product_brand":[],"product_cat":[217],"product_tag":[],"class_list":{"0":"post-18623","1":"product","2":"type-product","3":"status-publish","4":"has-post-thumbnail","6":"product_cat-huiles-naturelles","8":"first","9":"outofstock","10":"taxable","11":"shipping-taxable","12":"purchasable","13":"product-type-variable"},"_links":{"self":[{"href":"https:\/\/akcharcosmetics.com\/fr\/wp-json\/wp\/v2\/product\/18623","targetHints":{"allow":["GET"]}}],"collection":[{"href":"https:\/\/akcharcosmetics.com\/fr\/wp-json\/wp\/v2\/product"}],"about":[{"href":"https:\/\/akcharcosmetics.com\/fr\/wp-json\/wp\/v2\/types\/product"}],"replies":[{"embeddable":true,"href":"https:\/\/akcharcosmetics.com\/fr\/wp-json\/wp\/v2\/comments?post=18623"}],"version-history":[{"count":1,"href":"https:\/\/akcharcosmetics.com\/fr\/wp-json\/wp\/v2\/product\/18623\/revisions"}],"predecessor-version":[{"id":18633,"href":"https:\/\/akcharcosmetics.com\/fr\/wp-json\/wp\/v2\/product\/18623\/revisions\/18633"}],"wp:featuredmedia":[{"embeddable":true,"href":"https:\/\/akcharcosmetics.com\/fr\/wp-json\/wp\/v2\/media\/18627"}],"wp:attachment":[{"href":"https:\/\/akcharcosmetics.com\/fr\/wp-json\/wp\/v2\/media?parent=18623"}],"wp:term":[{"taxonomy":"product_brand","embeddable":true,"href":"https:\/\/akcharcosmetics.com\/fr\/wp-json\/wp\/v2\/product_brand?post=18623"},{"taxonomy":"product_cat","embeddable":true,"href":"https:\/\/akcharcosmetics.com\/fr\/wp-json\/wp\/v2\/product_cat?post=18623"},{"taxonomy":"product_tag","embeddable":true,"href":"https:\/\/akcharcosmetics.com\/fr\/wp-json\/wp\/v2\/product_tag?post=18623"}],"curies":[{"name":"wp","href":"https:\/\/api.w.org\/{rel}","templated":true}]}}