{"id":18608,"date":"2023-11-21T11:59:02","date_gmt":"2023-11-21T11:59:02","guid":{"rendered":"https:\/\/akcharcosmetics.com\/?post_type=product&#038;p=18608"},"modified":"2024-05-30T10:48:15","modified_gmt":"2024-05-30T10:48:15","slug":"huile-de-ricinus","status":"publish","type":"product","link":"https:\/\/akcharcosmetics.com\/fr\/produit\/huile-de-ricinus\/","title":{"rendered":"Huile de ricinus"},"content":{"rendered":"<p><b>Les bienfaits de l&rsquo;huile de ricinus ?<\/b><b>\u00a0<\/b><\/p>\n<p><span style=\"font-weight: 400;\">Pour la Peau :<\/span><span style=\"font-weight: 400;\">\u00a0<\/span><\/p>\n<p><span style=\"font-weight: 400;\">&#8211; <\/span><b>Adoucissante : <\/b><span style=\"font-weight: 400;\">L&rsquo;huile de ricin a des propri\u00e9t\u00e9s adoucissantes qui peuvent<\/span> <span style=\"font-weight: 400;\">aider \u00e0 hydrater et assouplir la peau, la laissant douce au toucher.<\/span><span style=\"font-weight: 400;\">\u00a0<\/span><\/p>\n<p><span style=\"font-weight: 400;\">&#8211; <\/span><b>Antifongique et Antibact\u00e9rienne : <\/b><span style=\"font-weight: 400;\">Elle poss\u00e8de des propri\u00e9t\u00e9s antifongiques<\/span> <span style=\"font-weight: 400;\">et antibact\u00e9riennes, ce qui en fait un choix int\u00e9ressant pour lutter contre les<\/span> <span style=\"font-weight: 400;\">infections cutan\u00e9es telles que les infections \u00e0 levures ou les infections<\/span> <span style=\"font-weight: 400;\">bact\u00e9riennes.<\/span><span style=\"font-weight: 400;\">\u00a0<\/span><\/p>\n<p><span style=\"font-weight: 400;\">&#8211; <\/span><b>Cicatrisante : <\/b><span style=\"font-weight: 400;\">L&rsquo;huile de ricin favorise la cicatrisation des plaies et des<\/span> <span style=\"font-weight: 400;\">cicatrices. Elle est utilis\u00e9e pour aider \u00e0 att\u00e9nuer l&rsquo;apparence des cicatrices<\/span> <span style=\"font-weight: 400;\">existantes et acc\u00e9l\u00e9rer la gu\u00e9rison de blessures mineures.<\/span><span style=\"font-weight: 400;\">\u00a0<\/span><\/p>\n<p><span style=\"font-weight: 400;\">&#8211; <\/span><b>Nourrissante : <\/b><span style=\"font-weight: 400;\">Elle est riche en acides gras essentiels qui nourrissent la peau<\/span> <span style=\"font-weight: 400;\">en profondeur. Elle est utilis\u00e9e pour soulager la peau s\u00e8che et d\u00e9shydrat\u00e9e.<\/span><\/p>\n<p><span style=\"font-weight: 400;\">&#8211; <\/span><b>Photo-protectrice : <\/b><span style=\"font-weight: 400;\">Bien qu&rsquo;elle ne remplace pas un \u00e9cran solaire, l&rsquo;huile de<\/span> <span style=\"font-weight: 400;\">ricin peut avoir des propri\u00e9t\u00e9s l\u00e9g\u00e8res de protection contre les rayons UV<\/span> <span style=\"font-weight: 400;\">nocifs, contribuant ainsi \u00e0 la protection de la peau contre les dommages du<\/span> <span style=\"font-weight: 400;\">soleil.<\/span><span style=\"font-weight: 400;\">\u00a0<\/span><\/p>\n<p><span style=\"font-weight: 400;\">Pour les Cheveux :<\/span><span style=\"font-weight: 400;\">\u00a0<\/span><\/p>\n<p><span style=\"font-weight: 400;\">&#8211; <\/span><b>Nourrissante pour les Cheveux : <\/b><span style=\"font-weight: 400;\">L&rsquo;huile de ricin est souvent utilis\u00e9e pour<\/span> <span style=\"font-weight: 400;\">nourrir les cheveux, en particulier les pointes s\u00e8ches. Elle les laisse plus doux<\/span> <span style=\"font-weight: 400;\">et plus lisses.<\/span><span style=\"font-weight: 400;\">\u00a0<\/span><\/p>\n<p><span style=\"font-weight: 400;\">&#8211; <\/span><b>Favorise la Croissance des Cheveux : <\/b><span style=\"font-weight: 400;\">Elle est r\u00e9put\u00e9e pour favoriser la<\/span> <span style=\"font-weight: 400;\">croissance des cheveux en stimulant les follicules pileux. Elle aide \u00e0 lutter<\/span> <span style=\"font-weight: 400;\">contre la chute des cheveux, On l&rsquo;utilise aussi pour allonger les cils.<\/span><span style=\"font-weight: 400;\">\u00a0<\/span><\/p>\n<p><span style=\"font-weight: 400;\">Il est important de choisir une huile issue de l&rsquo;agriculture biologique. Par cons\u00e9quent,<\/span> <span style=\"font-weight: 400;\">nous recommandons sur <\/span><span style=\"font-weight: 400;\">Akchar<\/span><span style=\"font-weight: 400;\"> l&rsquo;huile de ricinus, qui porte \u00e9galement la<\/span> <span style=\"font-weight: 400;\">certification ONSA &amp; ISO pour la cosm\u00e9tique bio.<\/span><span style=\"font-weight: 400;\">\u00a0<\/span><\/p>\n","protected":false},"excerpt":{"rendered":"<p><span style=\"font-weight: 400;\">Cette huile s&#8217;emploie dans vos pr\u00e9parations cosm\u00e9tiques pour fortifier ongles,<\/span> <span style=\"font-weight: 400;\">cheveux et cils. Parfaite pour r\u00e9parer et nourrir les cheveux secs, d\u00e9vitalis\u00e9s,<\/span> <span style=\"font-weight: 400;\">fourchus, cassants ou cr\u00e9pus, elle est r\u00e9put\u00e9e pour en favoriser la pousse.<\/span><span style=\"font-weight: 400;\">\u00a0<\/span><\/p>\n","protected":false},"featured_media":18609,"comment_status":"open","ping_status":"closed","template":"","meta":[],"product_brand":[],"product_cat":[217],"product_tag":[],"class_list":{"0":"post-18608","1":"product","2":"type-product","3":"status-publish","4":"has-post-thumbnail","6":"product_cat-huiles-naturelles","8":"first","9":"outofstock","10":"taxable","11":"shipping-taxable","12":"purchasable","13":"product-type-variable"},"_links":{"self":[{"href":"https:\/\/akcharcosmetics.com\/fr\/wp-json\/wp\/v2\/product\/18608","targetHints":{"allow":["GET"]}}],"collection":[{"href":"https:\/\/akcharcosmetics.com\/fr\/wp-json\/wp\/v2\/product"}],"about":[{"href":"https:\/\/akcharcosmetics.com\/fr\/wp-json\/wp\/v2\/types\/product"}],"replies":[{"embeddable":true,"href":"https:\/\/akcharcosmetics.com\/fr\/wp-json\/wp\/v2\/comments?post=18608"}],"version-history":[{"count":1,"href":"https:\/\/akcharcosmetics.com\/fr\/wp-json\/wp\/v2\/product\/18608\/revisions"}],"predecessor-version":[{"id":18618,"href":"https:\/\/akcharcosmetics.com\/fr\/wp-json\/wp\/v2\/product\/18608\/revisions\/18618"}],"wp:featuredmedia":[{"embeddable":true,"href":"https:\/\/akcharcosmetics.com\/fr\/wp-json\/wp\/v2\/media\/18609"}],"wp:attachment":[{"href":"https:\/\/akcharcosmetics.com\/fr\/wp-json\/wp\/v2\/media?parent=18608"}],"wp:term":[{"taxonomy":"product_brand","embeddable":true,"href":"https:\/\/akcharcosmetics.com\/fr\/wp-json\/wp\/v2\/product_brand?post=18608"},{"taxonomy":"product_cat","embeddable":true,"href":"https:\/\/akcharcosmetics.com\/fr\/wp-json\/wp\/v2\/product_cat?post=18608"},{"taxonomy":"product_tag","embeddable":true,"href":"https:\/\/akcharcosmetics.com\/fr\/wp-json\/wp\/v2\/product_tag?post=18608"}],"curies":[{"name":"wp","href":"https:\/\/api.w.org\/{rel}","templated":true}]}}