{"id":18593,"date":"2023-11-21T11:52:50","date_gmt":"2023-11-21T11:52:50","guid":{"rendered":"https:\/\/akcharcosmetics.com\/?post_type=product&#038;p=18593"},"modified":"2025-06-01T21:13:41","modified_gmt":"2025-06-01T21:13:41","slug":"huile-de-moutarde","status":"publish","type":"product","link":"https:\/\/akcharcosmetics.com\/fr\/produit\/huile-de-moutarde\/","title":{"rendered":"Huile de moutarde"},"content":{"rendered":"<p><b>Les bienfaits de l&rsquo;huile de moutarde ?<\/b><b>\u00a0<\/b><\/p>\n<p><span style=\"font-weight: 400;\">Pour le confort articulaire et musculaire :<\/span><span style=\"font-weight: 400;\">\u00a0<\/span><\/p>\n<p><span style=\"font-weight: 400;\">&#8211; <\/span><b>Anti-inflammatoire : <\/b><span style=\"font-weight: 400;\">Elle soulage les douleurs articulaires li\u00e9es \u00e0<\/span> <span style=\"font-weight: 400;\">l&rsquo;arthrite en r\u00e9duisant l&rsquo;inflammation.<\/span><span style=\"font-weight: 400;\">\u00a0<\/span><\/p>\n<p><span style=\"font-weight: 400;\">&#8211; <\/span><b>D\u00e9contractante et R\u00e9chauffante : <\/b><span style=\"font-weight: 400;\">Elle est appr\u00e9ci\u00e9e des sportifs pour ses<\/span> <span style=\"font-weight: 400;\">propri\u00e9t\u00e9s d\u00e9contractantes et r\u00e9chauffantes, aidant \u00e0 d\u00e9tendre les muscles<\/span> <span style=\"font-weight: 400;\">fatigu\u00e9s.<\/span><span style=\"font-weight: 400;\">\u00a0<\/span><\/p>\n<p><span style=\"font-weight: 400;\">Pour la Peau :<\/span><span style=\"font-weight: 400;\">\u00a0<\/span><\/p>\n<p><span style=\"font-weight: 400;\">&#8211; <\/span><b>Anti-oxydante : <\/b><span style=\"font-weight: 400;\">L&rsquo;huile de moutarde est riche en antioxydants, ce qui la rend<\/span> <span style=\"font-weight: 400;\">efficace pour lutter contre les radicaux libres, ralentir le vieillissement<\/span> <span style=\"font-weight: 400;\">cellulaire et raffermir la peau.<\/span><span style=\"font-weight: 400;\">\u00a0<\/span><\/p>\n<p><span style=\"font-weight: 400;\">&#8211; <\/span><b>Nourrissante : <\/b><span style=\"font-weight: 400;\">Elle est une huile nourrissante pour la peau, laissant la peau<\/span> <span style=\"font-weight: 400;\">douce et hydrat\u00e9e.<\/span><span style=\"font-weight: 400;\">\u00a0<\/span><\/p>\n<p><span style=\"font-weight: 400;\">Pour les Cheveux :<\/span><\/p>\n<p><span style=\"font-weight: 400;\">&#8211; <\/span><b>Favorise la Pousse des Cheveux : <\/b><span style=\"font-weight: 400;\">Elle aide \u00e0 pr\u00e9venir la chute des<\/span> <span style=\"font-weight: 400;\">cheveux et \u00e0 favoriser leur croissance.<\/span><span style=\"font-weight: 400;\">\u00a0<\/span><\/p>\n<p><span style=\"font-weight: 400;\">&#8211; <\/span><b>Lutte contre les Pellicules : <\/b><span style=\"font-weight: 400;\">Elle est \u00e9galement efficace dans la lutte contre les<\/span> <span style=\"font-weight: 400;\">pellicules, aidant \u00e0 maintenir un cuir chevelu sain.<\/span><span style=\"font-weight: 400;\">\u00a0<\/span><\/p>\n<p><span style=\"font-weight: 400;\">Autres :<\/span><span style=\"font-weight: 400;\">\u00a0<\/span><\/p>\n<p><span style=\"font-weight: 400;\">&#8211; <\/span><b>Tenseur du Buste : <\/b><span style=\"font-weight: 400;\">L&rsquo;huile de moutarde est parfois utilis\u00e9e pour des massages<\/span> <span style=\"font-weight: 400;\">qui contribuent \u00e0 tonifier la zone du buste.<\/span><span style=\"font-weight: 400;\">\u00a0<\/span><\/p>\n<p><span style=\"font-weight: 400;\">Il est important de choisir une huile issue de l&rsquo;agriculture biologique. Par cons\u00e9quent,<\/span> <span style=\"font-weight: 400;\">nous recommandons sur <\/span><span style=\"font-weight: 400;\">Akchar<\/span><span style=\"font-weight: 400;\"> l&rsquo;huile de moutarde, qui porte \u00e9galement la<\/span> <span style=\"font-weight: 400;\">certification ONSA &amp; ISO pour la cosm\u00e9tique bio.<\/span><\/p>\n","protected":false},"excerpt":{"rendered":"<p><span style=\"font-weight: 400;\">l\u2019huile de moutarde contient du zinc, des vitamines A et E ainsi que du b\u00eata-carot\u00e8ne.<\/span> <span style=\"font-weight: 400;\">L\u2019huile de moutarde comporte une multitude de bienfaits ; elle agit aussi bien sur le<\/span> <span style=\"font-weight: 400;\">visage, les cheveux ou le corps.<\/span><span style=\"font-weight: 400;\">\u00a0<\/span><\/p>\n","protected":false},"featured_media":18597,"comment_status":"open","ping_status":"closed","template":"","meta":[],"product_brand":[],"product_cat":[217],"product_tag":[],"class_list":{"0":"post-18593","1":"product","2":"type-product","3":"status-publish","4":"has-post-thumbnail","6":"product_cat-huiles-naturelles","8":"first","9":"outofstock","10":"taxable","11":"shipping-taxable","12":"purchasable","13":"product-type-variable"},"_links":{"self":[{"href":"https:\/\/akcharcosmetics.com\/fr\/wp-json\/wp\/v2\/product\/18593","targetHints":{"allow":["GET"]}}],"collection":[{"href":"https:\/\/akcharcosmetics.com\/fr\/wp-json\/wp\/v2\/product"}],"about":[{"href":"https:\/\/akcharcosmetics.com\/fr\/wp-json\/wp\/v2\/types\/product"}],"replies":[{"embeddable":true,"href":"https:\/\/akcharcosmetics.com\/fr\/wp-json\/wp\/v2\/comments?post=18593"}],"version-history":[{"count":1,"href":"https:\/\/akcharcosmetics.com\/fr\/wp-json\/wp\/v2\/product\/18593\/revisions"}],"predecessor-version":[{"id":18603,"href":"https:\/\/akcharcosmetics.com\/fr\/wp-json\/wp\/v2\/product\/18593\/revisions\/18603"}],"wp:featuredmedia":[{"embeddable":true,"href":"https:\/\/akcharcosmetics.com\/fr\/wp-json\/wp\/v2\/media\/18597"}],"wp:attachment":[{"href":"https:\/\/akcharcosmetics.com\/fr\/wp-json\/wp\/v2\/media?parent=18593"}],"wp:term":[{"taxonomy":"product_brand","embeddable":true,"href":"https:\/\/akcharcosmetics.com\/fr\/wp-json\/wp\/v2\/product_brand?post=18593"},{"taxonomy":"product_cat","embeddable":true,"href":"https:\/\/akcharcosmetics.com\/fr\/wp-json\/wp\/v2\/product_cat?post=18593"},{"taxonomy":"product_tag","embeddable":true,"href":"https:\/\/akcharcosmetics.com\/fr\/wp-json\/wp\/v2\/product_tag?post=18593"}],"curies":[{"name":"wp","href":"https:\/\/api.w.org\/{rel}","templated":true}]}}