{"id":18578,"date":"2023-11-21T11:44:24","date_gmt":"2023-11-21T11:44:24","guid":{"rendered":"https:\/\/akcharcosmetics.com\/?post_type=product&#038;p=18578"},"modified":"2025-06-07T06:49:06","modified_gmt":"2025-06-07T06:49:06","slug":"huile-de-graines-de-lin","status":"publish","type":"product","link":"https:\/\/akcharcosmetics.com\/fr\/produit\/huile-de-graines-de-lin\/","title":{"rendered":"Huile de graines de lin"},"content":{"rendered":"<p><b>Les bienfaits de l&rsquo;huile de graines de lin pour les cheveux?<\/b><b>\u00a0<\/b><\/p>\n<p><span style=\"font-weight: 400;\">&#8211; <\/span><b>Nourrit et Hydrate : <\/b><span style=\"font-weight: 400;\">Les om\u00e9ga-3 et om\u00e9ga-6 dans l&rsquo;huile de lin nourrissent et<\/span> <span style=\"font-weight: 400;\">hydratent les cheveux secs, les laissant brillants et souples.<\/span><span style=\"font-weight: 400;\">\u00a0<\/span><\/p>\n<p><span style=\"font-weight: 400;\">&#8211; <\/span><b>Id\u00e9ale pour les Cheveux Fins : <\/b><span style=\"font-weight: 400;\">Les mucilages et les om\u00e9ga-3 prot\u00e8gent et<\/span> <span style=\"font-weight: 400;\">renforcent les cheveux fins et fragiles.<\/span><span style=\"font-weight: 400;\">\u00a0<\/span><\/p>\n<p><span style=\"font-weight: 400;\">&#8211; <\/span><b>Protection Contre les Agressions : <\/b><span style=\"font-weight: 400;\">L&rsquo;huile de lin forme une barri\u00e8re protectrice<\/span> <span style=\"font-weight: 400;\">contre les agressions ext\u00e9rieures, comme la pollution, pr\u00e9servant la sant\u00e9 des<\/span> <span style=\"font-weight: 400;\">cheveux.<\/span><span style=\"font-weight: 400;\">\u00a0<\/span><\/p>\n<p><span style=\"font-weight: 400;\">&#8211; <\/span><b>Stimulation de la Pousse : <\/b><span style=\"font-weight: 400;\">Les vitamines, en particulier la vitamine E,<\/span> <span style=\"font-weight: 400;\">favorisent la pousse des cheveux en renfor\u00e7ant les follicules capillaires.<\/span><span style=\"font-weight: 400;\">\u00a0<\/span><\/p>\n<p><span style=\"font-weight: 400;\">&#8211; <\/span><b>Traitement du Cuir Chevelu : <\/b><span style=\"font-weight: 400;\">Les acides gras aident \u00e0 \u00e9liminer les pellicules<\/span> <span style=\"font-weight: 400;\">et \u00e0 apaiser les irritations du cuir chevelu.<\/span><span style=\"font-weight: 400;\">\u00a0<\/span><\/p>\n<p><b>Les bienfaits de l&rsquo;huile de graines de lin pour la peau ?<\/b><b>\u00a0<\/b><\/p>\n<p><span style=\"font-weight: 400;\">&#8211; <\/span><b>R\u00e9g\u00e9n\u00e9ration et Anti-\u00c2ge : <\/b><span style=\"font-weight: 400;\">Riche en vitamine E et en om\u00e9ga-3 et om\u00e9ga-6,<\/span> <span style=\"font-weight: 400;\">l&rsquo;huile de lin favorise la r\u00e9g\u00e9n\u00e9ration cellulaire, luttant ainsi contre le<\/span> <span style=\"font-weight: 400;\">vieillissement cutan\u00e9 et am\u00e9liorant l&rsquo;\u00e9lasticit\u00e9 de la peau.<\/span><span style=\"font-weight: 400;\">\u00a0<\/span><\/p>\n<p><span style=\"font-weight: 400;\">&#8211; <\/span><b>Apaisement des Peaux Sensibles : <\/b><span style=\"font-weight: 400;\">L&rsquo;huile de lin p\u00e9n\u00e8tre rapidement, hydrate<\/span> <span style=\"font-weight: 400;\">et nourrit la peau, renfor\u00e7ant sa barri\u00e8re cutan\u00e9e et apaisant les peaux<\/span> <span style=\"font-weight: 400;\">sensibles.<\/span><\/p>\n<p><span style=\"font-weight: 400;\">&#8211; <\/span><b>R\u00e9duction des Probl\u00e8mes Cutan\u00e9s : <\/b><span style=\"font-weight: 400;\">Ses acides gras, en particulier les<\/span> <span style=\"font-weight: 400;\">om\u00e9ga-3, ont des propri\u00e9t\u00e9s anti-inflammatoires qui peuvent aider \u00e0 calmer<\/span> <span style=\"font-weight: 400;\">les irritations de la peau, r\u00e9duire l&rsquo;ecz\u00e9ma, le psoriasis et l&rsquo;acn\u00e9.<\/span><span style=\"font-weight: 400;\">\u00a0<\/span><\/p>\n<p><span style=\"font-weight: 400;\">Il est important de choisir une huile issue de l&rsquo;agriculture biologique. Par cons\u00e9quent,<\/span> <span style=\"font-weight: 400;\">nous recommandons sur <\/span><span style=\"font-weight: 400;\">Akchar<\/span><span style=\"font-weight: 400;\"> L&rsquo;huile de graines de lin , qui porte \u00e9galement la<\/span> <span style=\"font-weight: 400;\">certification ONSA &amp; ISO pour la cosm\u00e9tique bio.<\/span><span style=\"font-weight: 400;\">\u00a0<\/span><\/p>\n","protected":false},"excerpt":{"rendered":"<p><span style=\"font-weight: 400;\">L&rsquo;huile de lin est en effet une excellente source d&rsquo;acides gras om\u00e9ga-3, en particulier<\/span> <span style=\"font-weight: 400;\">d&rsquo;acide alpha-linol\u00e9nique (ALA). Ces acides gras sont b\u00e9n\u00e9fiques pour la peau et les<\/span> <span style=\"font-weight: 400;\">cheveux, en raison de leurs propri\u00e9t\u00e9s anti-inflammatoires et hydratantes.<\/span><span style=\"font-weight: 400;\">\u00a0<\/span><\/p>\n","protected":false},"featured_media":18579,"comment_status":"open","ping_status":"closed","template":"","meta":[],"product_brand":[],"product_cat":[217],"product_tag":[],"class_list":{"0":"post-18578","1":"product","2":"type-product","3":"status-publish","4":"has-post-thumbnail","6":"product_cat-huiles-naturelles","8":"first","9":"outofstock","10":"taxable","11":"shipping-taxable","12":"purchasable","13":"product-type-variable"},"_links":{"self":[{"href":"https:\/\/akcharcosmetics.com\/fr\/wp-json\/wp\/v2\/product\/18578","targetHints":{"allow":["GET"]}}],"collection":[{"href":"https:\/\/akcharcosmetics.com\/fr\/wp-json\/wp\/v2\/product"}],"about":[{"href":"https:\/\/akcharcosmetics.com\/fr\/wp-json\/wp\/v2\/types\/product"}],"replies":[{"embeddable":true,"href":"https:\/\/akcharcosmetics.com\/fr\/wp-json\/wp\/v2\/comments?post=18578"}],"version-history":[{"count":1,"href":"https:\/\/akcharcosmetics.com\/fr\/wp-json\/wp\/v2\/product\/18578\/revisions"}],"predecessor-version":[{"id":18588,"href":"https:\/\/akcharcosmetics.com\/fr\/wp-json\/wp\/v2\/product\/18578\/revisions\/18588"}],"wp:featuredmedia":[{"embeddable":true,"href":"https:\/\/akcharcosmetics.com\/fr\/wp-json\/wp\/v2\/media\/18579"}],"wp:attachment":[{"href":"https:\/\/akcharcosmetics.com\/fr\/wp-json\/wp\/v2\/media?parent=18578"}],"wp:term":[{"taxonomy":"product_brand","embeddable":true,"href":"https:\/\/akcharcosmetics.com\/fr\/wp-json\/wp\/v2\/product_brand?post=18578"},{"taxonomy":"product_cat","embeddable":true,"href":"https:\/\/akcharcosmetics.com\/fr\/wp-json\/wp\/v2\/product_cat?post=18578"},{"taxonomy":"product_tag","embeddable":true,"href":"https:\/\/akcharcosmetics.com\/fr\/wp-json\/wp\/v2\/product_tag?post=18578"}],"curies":[{"name":"wp","href":"https:\/\/api.w.org\/{rel}","templated":true}]}}