{"id":18563,"date":"2023-11-21T11:05:44","date_gmt":"2023-11-21T11:05:44","guid":{"rendered":"https:\/\/akcharcosmetics.com\/?post_type=product&#038;p=18563"},"modified":"2025-06-06T08:24:51","modified_gmt":"2025-06-06T08:24:51","slug":"huile-doliban","status":"publish","type":"product","link":"https:\/\/akcharcosmetics.com\/fr\/produit\/huile-doliban\/","title":{"rendered":"Huile d&rsquo;oliban"},"content":{"rendered":"<p><b>Les bienfaits de l&rsquo;huile d&rsquo;oliban pour la peau ?<\/b><b>\u00a0<\/b><\/p>\n<p><b>Exfoliation et R\u00e9g\u00e9n\u00e9ration de la Peau : <\/b><span style=\"font-weight: 400;\">l&rsquo;huile d&rsquo;oliban contient du collag\u00e8ne naturel<\/span> <span style=\"font-weight: 400;\">et d&rsquo;autres compos\u00e9s qui aident \u00e0 exfolier les cellules mortes de la peau et \u00e0<\/span> <span style=\"font-weight: 400;\">favoriser le renouvellement cellulaire, contribuant ainsi \u00e0 \u00e9claircir et \u00e0 rajeunir la<\/span> <span style=\"font-weight: 400;\">peau.<\/span><span style=\"font-weight: 400;\">\u00a0<\/span><\/p>\n<p><b>Traitement des Taches Brunes : <\/b><span style=\"font-weight: 400;\">Il<\/span> <span style=\"font-weight: 400;\">aide \u00e0 traiter les taches brunes caus\u00e9es par<\/span> <span style=\"font-weight: 400;\">l&rsquo;exposition directe au soleil.<\/span><span style=\"font-weight: 400;\">\u00a0<\/span><\/p>\n<p><b>\u00c9claircissement des Zones Sensibles : <\/b><span style=\"font-weight: 400;\">l&rsquo;huile d&rsquo;oliban utilis\u00e9e pour \u00e9claircir les zones<\/span> <span style=\"font-weight: 400;\">sensibles de la peau.<\/span><span style=\"font-weight: 400;\">\u00a0<\/span><\/p>\n<p><b>R\u00e9duction des Cernes : <\/b><span style=\"font-weight: 400;\">Il<\/span> <span style=\"font-weight: 400;\">aide \u00e0 r\u00e9duire l&rsquo;apparence des cernes autour de la bouche<\/span> <span style=\"font-weight: 400;\">et des yeux.<\/span><span style=\"font-weight: 400;\">\u00a0<\/span><\/p>\n<p><b>Uniformisation du Teint : <\/b><span style=\"font-weight: 400;\">Il<\/span> <span style=\"font-weight: 400;\">contribue \u00e0 unifier le teint de la peau.<\/span><span style=\"font-weight: 400;\">\u00a0<\/span><\/p>\n<p><b>R\u00e9duction de l&rsquo;Enflure : <\/b><span style=\"font-weight: 400;\">l&rsquo;huile d&rsquo;oliban utile pour r\u00e9duire le gonflement caus\u00e9 par les<\/span> <span style=\"font-weight: 400;\">piq\u00fbres d&rsquo;insectes et acc\u00e9l\u00e9rer la gu\u00e9rison.<\/span><span style=\"font-weight: 400;\">\u00a0<\/span><\/p>\n<p><b>Antiseptique et Cicatrisant : <\/b><span style=\"font-weight: 400;\">Il<\/span> <span style=\"font-weight: 400;\">a des propri\u00e9t\u00e9s antiseptiques et est utilis\u00e9 pour<\/span> <span style=\"font-weight: 400;\">nettoyer les plaies et les \u00e9gratignures, acc\u00e9l\u00e9rant ainsi leur gu\u00e9rison sans laisser de<\/span> <span style=\"font-weight: 400;\">cicatrices.<\/span><span style=\"font-weight: 400;\">\u00a0<\/span><\/p>\n<p><b>Att\u00e9nuation des Cicatrices Chirurgicales : <\/b><span style=\"font-weight: 400;\">l&rsquo;huile d&rsquo;oliban aider \u00e0 att\u00e9nuer les<\/span> <span style=\"font-weight: 400;\">cicatrices r\u00e9sultant de chirurgies.<\/span><span style=\"font-weight: 400;\">\u00a0<\/span><\/p>\n<p><span style=\"font-weight: 400;\">Il est important de choisir une huile issue de l&rsquo;agriculture biologique. Par cons\u00e9quent,<\/span> <span style=\"font-weight: 400;\">nous recommandons sur <\/span><span style=\"font-weight: 400;\">Akchar<\/span><span style=\"font-weight: 400;\"> l&rsquo;huile d&rsquo;oliban, qui porte \u00e9galement la certification<\/span> <span style=\"font-weight: 400;\">ONSA &amp; ISO pour la cosm\u00e9tique bio.<\/span><\/p>\n","protected":false},"excerpt":{"rendered":"<p><span style=\"font-weight: 400;\">Le ladanum, \u00e9galement connu sous le nom de labdanum, est une r\u00e9sine naturelle<\/span> <span style=\"font-weight: 400;\">utilis\u00e9e depuis longtemps dans la m\u00e9decine traditionnelle et les produits de soins de<\/span> <span style=\"font-weight: 400;\">la peau.<\/span><span style=\"font-weight: 400;\">\u00a0<\/span><\/p>\n","protected":false},"featured_media":18564,"comment_status":"open","ping_status":"closed","template":"","meta":[],"product_brand":[],"product_cat":[217],"product_tag":[],"class_list":{"0":"post-18563","1":"product","2":"type-product","3":"status-publish","4":"has-post-thumbnail","6":"product_cat-huiles-naturelles","8":"first","9":"outofstock","10":"taxable","11":"shipping-taxable","12":"purchasable","13":"product-type-variable"},"_links":{"self":[{"href":"https:\/\/akcharcosmetics.com\/fr\/wp-json\/wp\/v2\/product\/18563","targetHints":{"allow":["GET"]}}],"collection":[{"href":"https:\/\/akcharcosmetics.com\/fr\/wp-json\/wp\/v2\/product"}],"about":[{"href":"https:\/\/akcharcosmetics.com\/fr\/wp-json\/wp\/v2\/types\/product"}],"replies":[{"embeddable":true,"href":"https:\/\/akcharcosmetics.com\/fr\/wp-json\/wp\/v2\/comments?post=18563"}],"version-history":[{"count":1,"href":"https:\/\/akcharcosmetics.com\/fr\/wp-json\/wp\/v2\/product\/18563\/revisions"}],"predecessor-version":[{"id":18573,"href":"https:\/\/akcharcosmetics.com\/fr\/wp-json\/wp\/v2\/product\/18563\/revisions\/18573"}],"wp:featuredmedia":[{"embeddable":true,"href":"https:\/\/akcharcosmetics.com\/fr\/wp-json\/wp\/v2\/media\/18564"}],"wp:attachment":[{"href":"https:\/\/akcharcosmetics.com\/fr\/wp-json\/wp\/v2\/media?parent=18563"}],"wp:term":[{"taxonomy":"product_brand","embeddable":true,"href":"https:\/\/akcharcosmetics.com\/fr\/wp-json\/wp\/v2\/product_brand?post=18563"},{"taxonomy":"product_cat","embeddable":true,"href":"https:\/\/akcharcosmetics.com\/fr\/wp-json\/wp\/v2\/product_cat?post=18563"},{"taxonomy":"product_tag","embeddable":true,"href":"https:\/\/akcharcosmetics.com\/fr\/wp-json\/wp\/v2\/product_tag?post=18563"}],"curies":[{"name":"wp","href":"https:\/\/api.w.org\/{rel}","templated":true}]}}