{"id":18547,"date":"2023-11-21T11:02:41","date_gmt":"2023-11-21T11:02:41","guid":{"rendered":"https:\/\/akcharcosmetics.com\/?post_type=product&#038;p=18547"},"modified":"2025-05-30T17:37:34","modified_gmt":"2025-05-30T17:37:34","slug":"huile-de-cafe","status":"publish","type":"product","link":"https:\/\/akcharcosmetics.com\/fr\/produit\/huile-de-cafe\/","title":{"rendered":"Huile de caf\u00e9"},"content":{"rendered":"<p><b>Pour le Visage :<\/b><b>\u00a0<\/b><\/p>\n<p><span style=\"font-weight: 400;\">&#8211; <\/span><b>Antioxydante : <\/b><span style=\"font-weight: 400;\">L&rsquo;huile de caf\u00e9 vert est riche en antioxydants, tels que les<\/span> <span style=\"font-weight: 400;\">polyph\u00e9nols, qui aident \u00e0 prot\u00e9ger la peau des dommages caus\u00e9s par les<\/span> <span style=\"font-weight: 400;\">radicaux libres. Cela peut contribuer \u00e0 ralentir le processus de vieillissement<\/span> <span style=\"font-weight: 400;\">cutan\u00e9.<\/span><span style=\"font-weight: 400;\">\u00a0<\/span><\/p>\n<p><span style=\"font-weight: 400;\">&#8211; <\/span><b>R\u00e9duction des poches sous les yeux : <\/b><span style=\"font-weight: 400;\">L&rsquo;application d&rsquo;huile de caf\u00e9 vert sous<\/span> <span style=\"font-weight: 400;\">les yeux peut aider \u00e0 r\u00e9duire l&rsquo;apparence des poches et des cernes, gr\u00e2ce \u00e0<\/span> <span style=\"font-weight: 400;\">ses propri\u00e9t\u00e9s anti-inflammatoires et vasoconstrictrices.<\/span><span style=\"font-weight: 400;\">\u00a0<\/span><\/p>\n<p><b>Pour le Corps :<\/b><b>\u00a0<\/b><\/p>\n<p><span style=\"font-weight: 400;\">&#8211; <\/span><b>Raffermissante : <\/b><span style=\"font-weight: 400;\">Les propri\u00e9t\u00e9s antioxydantes de l&rsquo;huile de caf\u00e9 vert peuvent<\/span> <span style=\"font-weight: 400;\">contribuer \u00e0 raffermir la peau et \u00e0 am\u00e9liorer son \u00e9lasticit\u00e9.<\/span><span style=\"font-weight: 400;\">\u00a0<\/span><\/p>\n<p><span style=\"font-weight: 400;\">&#8211; <\/span><b>Nourrissante : <\/b><span style=\"font-weight: 400;\">Elle peut \u00e9galement \u00eatre utilis\u00e9e comme une huile corporelle<\/span> <span style=\"font-weight: 400;\">pour hydrater et nourrir la peau, en particulier les zones s\u00e8ches ou rugueuses.<\/span><span style=\"font-weight: 400;\">\u00a0<\/span><\/p>\n<p><b>Pour les Cheveux :<\/b><b>\u00a0<\/b><\/p>\n<p><span style=\"font-weight: 400;\">&#8211; <\/span><b>Nourrissante : <\/b><span style=\"font-weight: 400;\">L&rsquo;huile de caf\u00e9 vert peut \u00eatre appliqu\u00e9e sur les cheveux pour les<\/span> <span style=\"font-weight: 400;\">nourrir en profondeur. Elle peut aider \u00e0 r\u00e9parer les cheveux secs et ab\u00eem\u00e9s en<\/span> <span style=\"font-weight: 400;\">les rendant plus doux et plus lisses.<\/span><span style=\"font-weight: 400;\">\u00a0<\/span><\/p>\n<p><span style=\"font-weight: 400;\">&#8211; <\/span><b>Am\u00e9lioration de la brillance : <\/b><span style=\"font-weight: 400;\">En renfor\u00e7ant les cheveux, elle peut \u00e9galement<\/span> <span style=\"font-weight: 400;\">am\u00e9liorer leur aspect g\u00e9n\u00e9ral, en leur donnant plus de brillance.<\/span><span style=\"font-weight: 400;\">\u00a0<\/span><\/p>\n<p><span style=\"font-weight: 400;\">Il est important de choisir une huile issue de l&rsquo;agriculture biologique. Par cons\u00e9quent,<\/span> <span style=\"font-weight: 400;\">nous recommandons sur <\/span><span style=\"font-weight: 400;\">Akchar<\/span><span style=\"font-weight: 400;\"> l&rsquo;<\/span><span style=\"font-weight: 400;\">Huile de caf\u00e9<\/span><span style=\"font-weight: 400;\">, qui porte \u00e9galement la certification<\/span> <span style=\"font-weight: 400;\">ONSA &amp; ISO pour la cosm\u00e9tique bio.<\/span><\/p>\n","protected":false},"excerpt":{"rendered":"<p><span style=\"font-weight: 400;\">L&rsquo;huile de caf\u00e9 vert est une huile naturelle obtenue \u00e0 partir des grains de caf\u00e9 non<\/span> <span style=\"font-weight: 400;\">torr\u00e9fi\u00e9s. Elle est riche en antioxydants, en acides gras essentiels et en compos\u00e9s<\/span> <span style=\"font-weight: 400;\">bioactifs qui en font un ingr\u00e9dient int\u00e9ressant pour les soins de la peau, du corps et<\/span> <span style=\"font-weight: 400;\">des cheveux. Voici comment elle peut \u00eatre b\u00e9n\u00e9fique dans ces diff\u00e9rents domaines :<\/span><span style=\"font-weight: 400;\">\u00a0<\/span><\/p>\n","protected":false},"featured_media":18548,"comment_status":"open","ping_status":"closed","template":"","meta":[],"product_brand":[],"product_cat":[217],"product_tag":[],"class_list":{"0":"post-18547","1":"product","2":"type-product","3":"status-publish","4":"has-post-thumbnail","6":"product_cat-huiles-naturelles","8":"first","9":"outofstock","10":"taxable","11":"shipping-taxable","12":"purchasable","13":"product-type-variable"},"_links":{"self":[{"href":"https:\/\/akcharcosmetics.com\/fr\/wp-json\/wp\/v2\/product\/18547","targetHints":{"allow":["GET"]}}],"collection":[{"href":"https:\/\/akcharcosmetics.com\/fr\/wp-json\/wp\/v2\/product"}],"about":[{"href":"https:\/\/akcharcosmetics.com\/fr\/wp-json\/wp\/v2\/types\/product"}],"replies":[{"embeddable":true,"href":"https:\/\/akcharcosmetics.com\/fr\/wp-json\/wp\/v2\/comments?post=18547"}],"version-history":[{"count":1,"href":"https:\/\/akcharcosmetics.com\/fr\/wp-json\/wp\/v2\/product\/18547\/revisions"}],"predecessor-version":[{"id":18557,"href":"https:\/\/akcharcosmetics.com\/fr\/wp-json\/wp\/v2\/product\/18547\/revisions\/18557"}],"wp:featuredmedia":[{"embeddable":true,"href":"https:\/\/akcharcosmetics.com\/fr\/wp-json\/wp\/v2\/media\/18548"}],"wp:attachment":[{"href":"https:\/\/akcharcosmetics.com\/fr\/wp-json\/wp\/v2\/media?parent=18547"}],"wp:term":[{"taxonomy":"product_brand","embeddable":true,"href":"https:\/\/akcharcosmetics.com\/fr\/wp-json\/wp\/v2\/product_brand?post=18547"},{"taxonomy":"product_cat","embeddable":true,"href":"https:\/\/akcharcosmetics.com\/fr\/wp-json\/wp\/v2\/product_cat?post=18547"},{"taxonomy":"product_tag","embeddable":true,"href":"https:\/\/akcharcosmetics.com\/fr\/wp-json\/wp\/v2\/product_tag?post=18547"}],"curies":[{"name":"wp","href":"https:\/\/api.w.org\/{rel}","templated":true}]}}