{"id":18517,"date":"2023-11-21T10:53:58","date_gmt":"2023-11-21T10:53:58","guid":{"rendered":"https:\/\/akcharcosmetics.com\/?post_type=product&#038;p=18517"},"modified":"2025-06-03T00:38:49","modified_gmt":"2025-06-03T00:38:49","slug":"huile-d-ail","status":"publish","type":"product","link":"https:\/\/akcharcosmetics.com\/fr\/produit\/huile-d-ail\/","title":{"rendered":"Huile d&rsquo; ail"},"content":{"rendered":"<p><b>Les bienfaits de l&rsquo;huile d&rsquo;ail ?<\/b><\/p>\n<p><b>Pour la Peau :<\/b><\/p>\n<ol>\n<li><span style=\"font-weight: 400;\"> Combat l&rsquo;Acn\u00e9 : L&rsquo;huile d&rsquo;ail est r\u00e9put\u00e9e pour ses propri\u00e9t\u00e9s antibact\u00e9riennes et anti-inflammatoires, ce qui en fait un alli\u00e9 formidable dans la lutte contre l&rsquo;acn\u00e9. Elle peut aider \u00e0 r\u00e9duire l&rsquo;inflammation et \u00e0 pr\u00e9venir la formation de boutons.<\/span><\/li>\n<li><span style=\"font-weight: 400;\"> Anti-\u00e2ge Naturel : Riche en antioxydants, l&rsquo;huile d&rsquo;ail contribue \u00e0 lutter contre les signes du vieillissement en r\u00e9duisant les rides et les ridules. Elle favorise une peau plus ferme et plus jeune.<\/span><\/li>\n<li><span style=\"font-weight: 400;\"> \u00c9claircissement de la Peau : Cette huile peut aider \u00e0 \u00e9claircir les taches brunes et \u00e0 uniformiser le teint, vous donnant une peau radieuse et lumineuse.<\/span><\/li>\n<\/ol>\n<p><b>Pour les Cheveux :<\/b><\/p>\n<ol>\n<li><span style=\"font-weight: 400;\"> Croissance Capillaire : L&rsquo;huile d&rsquo;ail stimule la circulation sanguine du cuir chevelu, ce qui favorise la croissance des cheveux et renforce les follicules pileux.<\/span><\/li>\n<li><span style=\"font-weight: 400;\"> Pr\u00e9vention de la Chute des Cheveux : Elle peut aider \u00e0 pr\u00e9venir la chute des cheveux en renfor\u00e7ant les racines et en r\u00e9duisant la casse, laissant vos cheveux plus forts et plus \u00e9pais.<\/span><\/li>\n<li><span style=\"font-weight: 400;\"> Contr\u00f4le des Pellicules : Gr\u00e2ce \u00e0 ses propri\u00e9t\u00e9s antifongiques, l&rsquo;huile d&rsquo;ail est efficace pour lutter contre les pellicules et apaiser les irritations du cuir chevelu.<\/span><\/li>\n<\/ol>\n<p><span style=\"font-weight: 400;\">L&rsquo;huile d&rsquo;ail peut \u00eatre utilis\u00e9e telle quelle ou dilu\u00e9e dans une huile porteuse, en fonction de vos besoins et de votre tol\u00e9rance. Vous pouvez \u00e9galement l&rsquo;incorporer dans vos produits de soin capillaire et de beaut\u00e9 pour profiter de ses avantages.<\/span><\/p>\n<p><span style=\"font-weight: 400;\">D\u00e9couvrez le pouvoir de l&rsquo;huile d&rsquo;ail pour sublimer votre beaut\u00e9 naturelle. Naturelle, efficace et polyvalente, elle m\u00e9rite une place de choix dans votre routine de soins de beaut\u00e9.<\/span><\/p>\n<p><span style=\"font-weight: 400;\">Il est important de choisir une huile issue de l&rsquo;agriculture biologique. Par cons\u00e9quent,<\/span> <span style=\"font-weight: 400;\">nous recommandons sur <\/span><span style=\"font-weight: 400;\">Akchar<\/span><span style=\"font-weight: 400;\"> l&rsquo;huile d&rsquo; ail, qui porte \u00e9galement la certification<\/span> <span style=\"font-weight: 400;\">ONSA &amp; ISO pour la cosm\u00e9tique bio.<\/span><\/p>\n","protected":false},"excerpt":{"rendered":"<p><span style=\"font-weight: 400;\">L&rsquo;huile d&rsquo;ail est un tr\u00e9sor de la nature qui poss\u00e8de d&rsquo;innombrables avantages pour votre peau et vos cheveux. Obtenu \u00e0 partir de l&rsquo;ail, un ingr\u00e9dient bien connu en cuisine, cette huile essentielle est \u00e9galement un atout pr\u00e9cieux pour votre routine beaut\u00e9.<\/span><\/p>\n","protected":false},"featured_media":18521,"comment_status":"open","ping_status":"closed","template":"","meta":[],"product_brand":[],"product_cat":[217],"product_tag":[],"class_list":{"0":"post-18517","1":"product","2":"type-product","3":"status-publish","4":"has-post-thumbnail","6":"product_cat-huiles-naturelles","8":"first","9":"outofstock","10":"taxable","11":"shipping-taxable","12":"purchasable","13":"product-type-variable"},"_links":{"self":[{"href":"https:\/\/akcharcosmetics.com\/fr\/wp-json\/wp\/v2\/product\/18517","targetHints":{"allow":["GET"]}}],"collection":[{"href":"https:\/\/akcharcosmetics.com\/fr\/wp-json\/wp\/v2\/product"}],"about":[{"href":"https:\/\/akcharcosmetics.com\/fr\/wp-json\/wp\/v2\/types\/product"}],"replies":[{"embeddable":true,"href":"https:\/\/akcharcosmetics.com\/fr\/wp-json\/wp\/v2\/comments?post=18517"}],"version-history":[{"count":1,"href":"https:\/\/akcharcosmetics.com\/fr\/wp-json\/wp\/v2\/product\/18517\/revisions"}],"predecessor-version":[{"id":18527,"href":"https:\/\/akcharcosmetics.com\/fr\/wp-json\/wp\/v2\/product\/18517\/revisions\/18527"}],"wp:featuredmedia":[{"embeddable":true,"href":"https:\/\/akcharcosmetics.com\/fr\/wp-json\/wp\/v2\/media\/18521"}],"wp:attachment":[{"href":"https:\/\/akcharcosmetics.com\/fr\/wp-json\/wp\/v2\/media?parent=18517"}],"wp:term":[{"taxonomy":"product_brand","embeddable":true,"href":"https:\/\/akcharcosmetics.com\/fr\/wp-json\/wp\/v2\/product_brand?post=18517"},{"taxonomy":"product_cat","embeddable":true,"href":"https:\/\/akcharcosmetics.com\/fr\/wp-json\/wp\/v2\/product_cat?post=18517"},{"taxonomy":"product_tag","embeddable":true,"href":"https:\/\/akcharcosmetics.com\/fr\/wp-json\/wp\/v2\/product_tag?post=18517"}],"curies":[{"name":"wp","href":"https:\/\/api.w.org\/{rel}","templated":true}]}}