{"id":18502,"date":"2023-11-21T10:50:08","date_gmt":"2023-11-21T10:50:08","guid":{"rendered":"https:\/\/akcharcosmetics.com\/?post_type=product&#038;p=18502"},"modified":"2024-05-30T10:48:18","modified_gmt":"2024-05-30T10:48:18","slug":"huile-de-romarin","status":"publish","type":"product","link":"https:\/\/akcharcosmetics.com\/fr\/produit\/huile-de-romarin\/","title":{"rendered":"Huile de Romarin"},"content":{"rendered":"<p><b>Les bienfaits de l&rsquo;huile de Romarin?\u00a0<\/b><\/p>\n<p><b>Pour la Peau :<\/b><\/p>\n<ol>\n<li><span style=\"font-weight: 400;\"> Une Peau Rayonnante : L&rsquo;huile de romarin est riche en antioxydants, ce qui en fait un alli\u00e9 parfait pour lutter contre les radicaux libres responsables du vieillissement pr\u00e9matur\u00e9 de la peau. Elle aide \u00e0 maintenir la peau \u00e9clatante et jeune.<\/span><\/li>\n<li><span style=\"font-weight: 400;\"> Anti-inflammatoire naturel : Les propri\u00e9t\u00e9s anti-inflammatoires de l&rsquo;huile de romarin aident \u00e0 apaiser les irritations cutan\u00e9es, y compris les rougeurs et les d\u00e9mangeaisons, pour une peau plus confortable et apais\u00e9e.<\/span><\/li>\n<li><span style=\"font-weight: 400;\"> Lutte contre l&rsquo;acn\u00e9 : Son action antibact\u00e9rienne en fait un rem\u00e8de efficace contre l&rsquo;acn\u00e9 en r\u00e9duisant l&rsquo;apparence des boutons et en minimisant les cicatrices.<\/span><\/li>\n<\/ol>\n<p><b>Pour les Cheveux :<\/b><\/p>\n<ol>\n<li><span style=\"font-weight: 400;\"> Renforcement Capillaire : L&rsquo;huile de romarin est r\u00e9put\u00e9e pour renforcer les cheveux en les rendant plus \u00e9pais et plus r\u00e9sistants. Elle favorise la croissance des cheveux en stimulant la circulation sanguine du cuir chevelu.<\/span><\/li>\n<li><span style=\"font-weight: 400;\"> Lutte contre la chute de cheveux : Elle est \u00e9galement efficace pour r\u00e9duire la chute des cheveux, en renfor\u00e7ant les follicules pileux et en am\u00e9liorant leur sant\u00e9.<\/span><\/li>\n<li><span style=\"font-weight: 400;\"> Brillance et Douceur : En utilisant de l&rsquo;huile de romarin sur vos cheveux, vous leur donnerez un \u00e9clat naturel et une douceur soyeuse.<\/span><\/li>\n<\/ol>\n<p><span style=\"font-weight: 400;\">L&rsquo;huile de romarin peut \u00eatre utilis\u00e9e pure ou dilu\u00e9e dans d&rsquo;autres huiles porteuses. Elle peut \u00e9galement \u00eatre incorpor\u00e9e dans vos produits de soin capillaire et de beaut\u00e9 pr\u00e9f\u00e9r\u00e9s. Avec ses avantages multiples, elle s&rsquo;int\u00e8gre parfaitement dans votre routine de soins de beaut\u00e9 naturels.<\/span><\/p>\n<p><span style=\"font-weight: 400;\">Optez pour l&rsquo;huile de romarin et d\u00e9couvrez les secrets de la nature pour une peau radieuse et des cheveux en pleine sant\u00e9. Votre beaut\u00e9 m\u00e9rite le meilleur, et l&rsquo;huile de romarin est un choix naturel qui ne vous d\u00e9cevra pas.<\/span><\/p>\n","protected":false},"excerpt":{"rendered":"<p><span style=\"font-weight: 400;\">L&rsquo;huile de romarin est une v\u00e9ritable merveille de la nature, offrant une multitude de bienfaits pour la peau et les cheveux. Extraite des feuilles et des sommit\u00e9s fleuries de la plante de romarin, cette huile essentielle est depuis longtemps pris\u00e9e pour ses propri\u00e9t\u00e9s th\u00e9rapeutiques et ses capacit\u00e9s \u00e0 sublimer votre beaut\u00e9 naturelle.<\/span><\/p>\n","protected":false},"featured_media":18506,"comment_status":"open","ping_status":"closed","template":"","meta":[],"product_brand":[],"product_cat":[217],"product_tag":[],"class_list":{"0":"post-18502","1":"product","2":"type-product","3":"status-publish","4":"has-post-thumbnail","6":"product_cat-huiles-naturelles","8":"first","9":"outofstock","10":"taxable","11":"shipping-taxable","12":"purchasable","13":"product-type-variable"},"_links":{"self":[{"href":"https:\/\/akcharcosmetics.com\/fr\/wp-json\/wp\/v2\/product\/18502","targetHints":{"allow":["GET"]}}],"collection":[{"href":"https:\/\/akcharcosmetics.com\/fr\/wp-json\/wp\/v2\/product"}],"about":[{"href":"https:\/\/akcharcosmetics.com\/fr\/wp-json\/wp\/v2\/types\/product"}],"replies":[{"embeddable":true,"href":"https:\/\/akcharcosmetics.com\/fr\/wp-json\/wp\/v2\/comments?post=18502"}],"version-history":[{"count":1,"href":"https:\/\/akcharcosmetics.com\/fr\/wp-json\/wp\/v2\/product\/18502\/revisions"}],"predecessor-version":[{"id":18512,"href":"https:\/\/akcharcosmetics.com\/fr\/wp-json\/wp\/v2\/product\/18502\/revisions\/18512"}],"wp:featuredmedia":[{"embeddable":true,"href":"https:\/\/akcharcosmetics.com\/fr\/wp-json\/wp\/v2\/media\/18506"}],"wp:attachment":[{"href":"https:\/\/akcharcosmetics.com\/fr\/wp-json\/wp\/v2\/media?parent=18502"}],"wp:term":[{"taxonomy":"product_brand","embeddable":true,"href":"https:\/\/akcharcosmetics.com\/fr\/wp-json\/wp\/v2\/product_brand?post=18502"},{"taxonomy":"product_cat","embeddable":true,"href":"https:\/\/akcharcosmetics.com\/fr\/wp-json\/wp\/v2\/product_cat?post=18502"},{"taxonomy":"product_tag","embeddable":true,"href":"https:\/\/akcharcosmetics.com\/fr\/wp-json\/wp\/v2\/product_tag?post=18502"}],"curies":[{"name":"wp","href":"https:\/\/api.w.org\/{rel}","templated":true}]}}